{"id":3926,"date":"2017-03-01T17:28:14","date_gmt":"2017-03-01T16:28:14","guid":{"rendered":"https:\/\/www.olympia-charters.nl\/?page_id=3926\/"},"modified":"2022-06-30T09:50:44","modified_gmt":"2022-06-30T07:50:44","slug":"botenverhuur","status":"publish","type":"page","link":"https:\/\/www.olympia-charters.nl\/nl\/botenverhuur\/","title":{"rendered":"Botenverhuur"},"content":{"rendered":"<div id='revolutionslider_1'  class='avia-layerslider avia-revolutionslider main_color avia-shadow  avia-builder-el-0  el_before_av_hr  avia-builder-el-first   container_wrap fullsize'  >\n\t\t\t<!-- START Slider6 REVOLUTION SLIDER 6.7.40 --><p class=\"rs-p-wp-fix\"><\/p>\n\t\t\t<rs-module-wrap id=\"rev_slider_6_1_wrapper\" data-source=\"gallery\" style=\"visibility:hidden;background:transparent;padding:0;margin:0px auto;margin-top:0;margin-bottom:0;\">\n\t\t\t\t<rs-module id=\"rev_slider_6_1\" style=\"\" data-version=\"6.7.40\">\n\t\t\t\t\t<rs-slides style=\"overflow: hidden; position: absolute;\">\n\t\t\t\t\t\t<rs-slide style=\"position: absolute;\" data-key=\"rs-6\" data-title=\"Slide\" data-anim=\"adpr:false;\">\n\t\t\t\t\t\t\t<img decoding=\"async\" src=\"\/\/www.olympia-charters.nl\/wp-content\/plugins\/revslider\/sr6\/assets\/assets\/dummy.png\" alt=\"\" title=\"Botenverhuur\" class=\"rev-slidebg tp-rs-img rs-lazyload\" data-lazyload=\"\/\/www.olympia-charters.nl\/wp-content\/uploads\/2015\/12\/DSC_0822_wide.jpg\" data-bg=\"p:0% 65%;\" data-no-retina>\n<!--\n\t\t\t\t\t\t\t--><rs-layer\n\t\t\t\t\t\t\t\tid=\"slider-6-slide-6-layer-1\" \n\t\t\t\t\t\t\t\tclass=\"tp-shape tp-shapewrapper tp-shape tp-shapewrapper\"\n\t\t\t\t\t\t\t\tdata-type=\"shape\"\n\t\t\t\t\t\t\t\tdata-rsp_ch=\"on\"\n\t\t\t\t\t\t\t\tdata-xy=\"xo:60px,516px,317px,317px;y:b,t,t,t;yo:121px,180px,194px,194px;\"\n\t\t\t\t\t\t\t\tdata-text=\"w:normal;fw:100;\"\n\t\t\t\t\t\t\t\tdata-dim=\"w:511px,490px,438px,438px;h:165px,118px,102px,102px;\"\n\t\t\t\t\t\t\t\tdata-vbility=\"t,t,t,f\"\n\t\t\t\t\t\t\t\tdata-frame_0=\"tp:600;\"\n\t\t\t\t\t\t\t\tdata-frame_1=\"tp:600;e:power2.inOut;st:500;\"\n\t\t\t\t\t\t\t\tdata-frame_999=\"o:0;tp:600;e:nothing;st:w;\"\n\t\t\t\t\t\t\t\tstyle=\"z-index:5;background-color:rgba(64,108,135,1);\"\n\t\t\t\t\t\t\t> \n\t\t\t\t\t\t\t<\/rs-layer><!--\n\n\t\t\t\t\t\t\t--><rs-layer\n\t\t\t\t\t\t\t\tid=\"slider-6-slide-6-layer-2\" \n\t\t\t\t\t\t\t\tclass=\"OlympiaStyle\"\n\t\t\t\t\t\t\t\tdata-type=\"text\"\n\t\t\t\t\t\t\t\tdata-color=\"rgba(255,255,255,1)\"\n\t\t\t\t\t\t\t\tdata-rsp_ch=\"on\"\n\t\t\t\t\t\t\t\tdata-xy=\"xo:79px,549px,344px,344px;y:b,t,t,t;yo:135px,200px,208px,208px;\"\n\t\t\t\t\t\t\t\tdata-text=\"w:normal;s:25;l:28;fw:500;a:center;\"\n\t\t\t\t\t\t\t\tdata-dim=\"w:476px,430px,392px,392px;h:auto,auto,77px,77px;\"\n\t\t\t\t\t\t\t\tdata-vbility=\"t,t,t,f\"\n\t\t\t\t\t\t\t\tdata-padding=\"t:25;r:10;b:25;l:10;\"\n\t\t\t\t\t\t\t\tdata-border=\"bos:solid;boc:rgba(255,255,255,1);bow:1px,1px,1px,1px;\"\n\t\t\t\t\t\t\t\tdata-frame_0=\"tp:600;\"\n\t\t\t\t\t\t\t\tdata-frame_1=\"tp:600;e:power2.inOut;st:500;\"\n\t\t\t\t\t\t\t\tdata-frame_999=\"o:0;tp:600;e:nothing;st:w;\"\n\t\t\t\t\t\t\t\tstyle=\"z-index:6;font-family:'Kotta One', 'sans-serif';letter-spacing:4px;text-align:left;\"\n\t\t\t\t\t\t\t>Een heerlijk dagje op het water\nmet een sloep op de Kaag of in Leiden? \n\t\t\t\t\t\t\t<\/rs-layer><!--\n-->\t\t\t\t\t<\/rs-slide>\n\t\t\t\t\t<\/rs-slides>\n\t\t\t\t<\/rs-module>\n\t\t\t\t<script>\n\t\t\t\t\tsetREVStartSize({c: 'rev_slider_6_1',rl:[1240,1024,778,480],el:[],gw:[1800,1300,975,825],gh:[700,600,450,400],type:'hero',justify:'',layout:'fullwidth',mh:\"0\"});if (window.RS_MODULES!==undefined && window.RS_MODULES.modules!==undefined && window.RS_MODULES.modules[\"revslider61\"]!==undefined) {window.RS_MODULES.modules[\"revslider61\"].once = false;window.revapi6 = undefined;if (window.RS_MODULES.checkMinimal!==undefined) window.RS_MODULES.checkMinimal()}\n\t\t\t\t<\/script>\n\t\t\t<\/rs-module-wrap>\n\t\t\t<!-- END REVOLUTION SLIDER -->\n<\/div><div id='after_revolutionslider_1'  class='main_color av_default_container_wrap container_wrap fullsize'  ><div class='container av-section-cont-open' ><div class='template-page content  av-content-full alpha units'><div class='post-entry post-entry-type-page post-entry-3926'><div class='entry-content-wrapper clearfix'>\n\n<style type=\"text\/css\" data-created_by=\"avia_inline_auto\" id=\"style-css-av-av_hr-0dd18d9844cb3b943ff8f8296963fd53\">\n#top .hr.hr-invisible.av-av_hr-0dd18d9844cb3b943ff8f8296963fd53{\nheight:50px;\n}\n<\/style>\n<div  class='hr av-av_hr-0dd18d9844cb3b943ff8f8296963fd53 hr-invisible  avia-builder-el-1  el_after_av_revolutionslider  el_before_av_one_full  avia-builder-el-first '><span class='hr-inner '><span class=\"hr-inner-style\"><\/span><\/span><\/div>\n\n<style type=\"text\/css\" data-created_by=\"avia_inline_auto\" id=\"style-css-av-av_one_full-6126cab7d8fab8d08143dd2dacdf673c\">\n.flex_column.av-av_one_full-6126cab7d8fab8d08143dd2dacdf673c{\nborder-radius:0px 0px 0px 0px;\n-webkit-border-radius:0px 0px 0px 0px;\n-moz-border-radius:0px 0px 0px 0px;\n}\n<\/style>\n<div class='flex_column av-av_one_full-6126cab7d8fab8d08143dd2dacdf673c av_one_full  avia-builder-el-2  el_after_av_hr  el_before_av_one_third  first flex_column_div av-zero-column-padding '   ><section  class='av_textblock_section av-av_textblock-35972167d9f102c5ddaec0c531c98b9e'  itemscope=\"itemscope\" itemtype=\"https:\/\/schema.org\/CreativeWork\" ><div class='avia_textblock'  itemprop=\"text\" ><h2>Botenverhuur<\/h2>\n<p>Voor de verhuur van de mooiste boten gaat u naar Olympia Charters in Warmond. Onze botenverhuur overtreft uw mooiste wensen, wij verhuren prachtige boten, sloepen en jachten waarmee u er even heerlijk tussen uit kunt. Bekijk onze uitgebreide informatie over botenverhuur in Warmond en boek ook een heerlijke vakantie of dagje uit op het water.<\/p>\n<p>Olympia Charters heeft een prachtige vloot motorkruisers in de botenverhuur. Onze huur boten, sloepen en jachten zijn ideaal voor een heerlijke ontspannen vaarvakantie op de Nederlandse wateren of een onbezorgd dagje uit. Een vaarbewijs heeft u niet nodig, voordat u uit onze haven wegvaart met onze boten krijgt u een uitgebreide instructie van ons. Zo gaat u een zorgeloze vaarvakantie in Nederland tegemoet en zult u helemaal tot rust komen door het kabbelende water. Met het door u gehuurde jacht kunt u varen naar plaatsen zoals: Haarlem, Amsterdam, Alkmaar, Purmerend , Uithoorn, Gouda of Utrecht. Aangezien wij verschillenden boten in onze botenverhuur programma hebben zullen wij ook, de juiste boot voor u in de botenverhuur hebben.<\/p>\n<p>Naast de verhuur van onze jachten hebben wij ook een diverse sloepen en boten in de verhuur voor een dagje het water op te gaan. Deze sloepen zijn zeer eenvoudig te besturen waardoor iedereen hiermee overweg kan. Onze Weco sloepen zijn geschikt voor maximaal 8 personen, maar bent u met een grotere groep geen probleem wij verhuren ook de Seafury 700 voor 10 personen,de Seafury 730 voor 12 personen en ons vlaggenschip de Jan van Gent voor 18 personen.<\/p>\n<p>Wilt u er ook even heerlijk tussen uit? Wilt u genieten van het kabbelende water? Boek dan \u00e9\u00e9n van de huurboten van de botenverhuur Olympia Charters. Met \u00e9\u00e9n van onze luxe motorkruisers uit onze botenverhuur heeft u de ideale vaarvakantie.<\/p>\n<\/div><\/section><br \/>\n<section  class='av_textblock_section av-av_textblock-35972167d9f102c5ddaec0c531c98b9e'  itemscope=\"itemscope\" itemtype=\"https:\/\/schema.org\/CreativeWork\" ><div class='avia_textblock'  itemprop=\"text\" ><h3>Wij helpen of adviseren u graag bij het samenstellen van de ideale vakantie op het water.<\/h3>\n<div  class='avia-button-wrap avia-button-center ' ><a href='https:\/\/www.olympia-charters.nl\/nl\/contact\/'  class='avia-button av-av_button-e68aaf682bfe1ecd5691b5292f91b28c avia-icon_select-no avia-size-small avia-position-center avia-color-theme-color' ><span class='avia_iconbox_title' >Neem contact met ons op<\/span><\/a><\/div>\n<\/div><\/section><br \/>\n<section  class='av_textblock_section av-av_textblock-35972167d9f102c5ddaec0c531c98b9e'  itemscope=\"itemscope\" itemtype=\"https:\/\/schema.org\/CreativeWork\" ><div class='avia_textblock'  itemprop=\"text\" ><h3><strong>Vaarvakantie in Nederland<\/strong><\/h3>\n<p>Ziet u een vaarvakantie in Nederland wel zitten? Huur dan de ideale boot voor uw \u00a0vaarvakantie bij Olympia Charters de bootverhuurder van Zuid-Holland. Met onze luxe motorjachten beleeft u een onbezorgde vaarvakantie van uw dromen en kunt u optimaal genieten van de prachtige wateren van Nederland. Als Jachtverhuurbedrijf zijn onze motorboten bestemd voor vaarvakanties, dit betekend dat onze boten voorzien zijn van alle luxe die u nodig heeft voor een perfect vaarvakantie in Nederland. Of u nu met twee,vier, zes acht, tien of twaalf mensen op vakantie wilt wij hebben de ideale boot voor uw vaarvakantie, geniet dus ook van een heerlijke vakantie op de Nederlandse wateren met een motorboot van Olympia Charters. Boek ook uw vaarvakantie in Nederland, ga voor een huurboot van Olympia Charters.<\/p>\n<p>Genieten van het kabbelende water, ontspannen van de heerlijke rust en alle vrijheid om u heen, geniet ook van een heerlijke vaarvakantie in Nederland. Huur de ideale motorboot voor uw vaarvakantie bij Olympia Charters en geniet op uw vakantie van de Nederlandse wateren. Boek direct online uw boot of bel voor meer informatie over uw ideale vaarvakantie in Nederland naar telefoonnummer: 071-3010043.<\/p>\n<\/div><\/section><\/p><\/div>\n","protected":false},"excerpt":{"rendered":"","protected":false},"author":12,"featured_media":0,"parent":0,"menu_order":0,"comment_status":"closed","ping_status":"closed","template":"","meta":{"footnotes":""},"class_list":["post-3926","page","type-page","status-publish","hentry"],"yoast_head":"<!-- This site is optimized with the Yoast SEO plugin v27.4 - https:\/\/yoast.com\/product\/yoast-seo-wordpress\/ -->\n<title>Botenverhuur - Olympia Charters<\/title>\n<meta name=\"robots\" content=\"index, follow, max-snippet:-1, max-image-preview:large, max-video-preview:-1\" \/>\n<link rel=\"canonical\" href=\"https:\/\/www.olympia-charters.nl\/nl\/botenverhuur\/\" \/>\n<meta property=\"og:locale\" content=\"nl_NL\" \/>\n<meta property=\"og:type\" content=\"article\" \/>\n<meta property=\"og:title\" content=\"Botenverhuur - Olympia Charters\" \/>\n<meta property=\"og:url\" content=\"https:\/\/www.olympia-charters.nl\/nl\/botenverhuur\/\" \/>\n<meta property=\"og:site_name\" content=\"Olympia Charters\" \/>\n<meta property=\"article:publisher\" content=\"https:\/\/www.facebook.com\/OlympiaCharters\" \/>\n<meta property=\"article:modified_time\" content=\"2022-06-30T07:50:44+00:00\" \/>\n<meta name=\"twitter:label1\" content=\"Geschatte leestijd\" \/>\n\t<meta name=\"twitter:data1\" content=\"3 minuten\" \/>\n<script type=\"application\/ld+json\" class=\"yoast-schema-graph\">{\"@context\":\"https:\\\/\\\/schema.org\",\"@graph\":[{\"@type\":\"WebPage\",\"@id\":\"https:\\\/\\\/www.olympia-charters.nl\\\/nl\\\/botenverhuur\\\/\",\"url\":\"https:\\\/\\\/www.olympia-charters.nl\\\/nl\\\/botenverhuur\\\/\",\"name\":\"Botenverhuur - Olympia Charters\",\"isPartOf\":{\"@id\":\"https:\\\/\\\/www.olympia-charters.nl\\\/nl\\\/#website\"},\"datePublished\":\"2017-03-01T16:28:14+00:00\",\"dateModified\":\"2022-06-30T07:50:44+00:00\",\"breadcrumb\":{\"@id\":\"https:\\\/\\\/www.olympia-charters.nl\\\/nl\\\/botenverhuur\\\/#breadcrumb\"},\"inLanguage\":\"nl-NL\",\"potentialAction\":[{\"@type\":\"ReadAction\",\"target\":[\"https:\\\/\\\/www.olympia-charters.nl\\\/nl\\\/botenverhuur\\\/\"]}]},{\"@type\":\"BreadcrumbList\",\"@id\":\"https:\\\/\\\/www.olympia-charters.nl\\\/nl\\\/botenverhuur\\\/#breadcrumb\",\"itemListElement\":[{\"@type\":\"ListItem\",\"position\":1,\"name\":\"Home\",\"item\":\"https:\\\/\\\/www.olympia-charters.nl\\\/nl\\\/\"},{\"@type\":\"ListItem\",\"position\":2,\"name\":\"Botenverhuur\"}]},{\"@type\":\"WebSite\",\"@id\":\"https:\\\/\\\/www.olympia-charters.nl\\\/nl\\\/#website\",\"url\":\"https:\\\/\\\/www.olympia-charters.nl\\\/nl\\\/\",\"name\":\"Olympia Charters\",\"description\":\"Verhuur van Motorjachten en Sloepen in Nederland\",\"publisher\":{\"@id\":\"https:\\\/\\\/www.olympia-charters.nl\\\/nl\\\/#organization\"},\"potentialAction\":[{\"@type\":\"SearchAction\",\"target\":{\"@type\":\"EntryPoint\",\"urlTemplate\":\"https:\\\/\\\/www.olympia-charters.nl\\\/nl\\\/?s={search_term_string}\"},\"query-input\":{\"@type\":\"PropertyValueSpecification\",\"valueRequired\":true,\"valueName\":\"search_term_string\"}}],\"inLanguage\":\"nl-NL\"},{\"@type\":\"Organization\",\"@id\":\"https:\\\/\\\/www.olympia-charters.nl\\\/nl\\\/#organization\",\"name\":\"Olympia Charters\",\"url\":\"https:\\\/\\\/www.olympia-charters.nl\\\/nl\\\/\",\"logo\":{\"@type\":\"ImageObject\",\"inLanguage\":\"nl-NL\",\"@id\":\"https:\\\/\\\/www.olympia-charters.nl\\\/nl\\\/#\\\/schema\\\/logo\\\/image\\\/\",\"url\":\"https:\\\/\\\/www.olympia-charters.nl\\\/wp-content\\\/uploads\\\/2009\\\/10\\\/logo-square.jpg\",\"contentUrl\":\"https:\\\/\\\/www.olympia-charters.nl\\\/wp-content\\\/uploads\\\/2009\\\/10\\\/logo-square.jpg\",\"width\":180,\"height\":180,\"caption\":\"Olympia Charters\"},\"image\":{\"@id\":\"https:\\\/\\\/www.olympia-charters.nl\\\/nl\\\/#\\\/schema\\\/logo\\\/image\\\/\"},\"sameAs\":[\"https:\\\/\\\/www.facebook.com\\\/OlympiaCharters\",\"https:\\\/\\\/x.com\\\/OlympiaCharters\"]}]}<\/script>\n<!-- \/ Yoast SEO plugin. -->","yoast_head_json":{"title":"Botenverhuur - Olympia Charters","robots":{"index":"index","follow":"follow","max-snippet":"max-snippet:-1","max-image-preview":"max-image-preview:large","max-video-preview":"max-video-preview:-1"},"canonical":"https:\/\/www.olympia-charters.nl\/nl\/botenverhuur\/","og_locale":"nl_NL","og_type":"article","og_title":"Botenverhuur - Olympia Charters","og_url":"https:\/\/www.olympia-charters.nl\/nl\/botenverhuur\/","og_site_name":"Olympia Charters","article_publisher":"https:\/\/www.facebook.com\/OlympiaCharters","article_modified_time":"2022-06-30T07:50:44+00:00","twitter_misc":{"Geschatte leestijd":"3 minuten"},"schema":{"@context":"https:\/\/schema.org","@graph":[{"@type":"WebPage","@id":"https:\/\/www.olympia-charters.nl\/nl\/botenverhuur\/","url":"https:\/\/www.olympia-charters.nl\/nl\/botenverhuur\/","name":"Botenverhuur - Olympia Charters","isPartOf":{"@id":"https:\/\/www.olympia-charters.nl\/nl\/#website"},"datePublished":"2017-03-01T16:28:14+00:00","dateModified":"2022-06-30T07:50:44+00:00","breadcrumb":{"@id":"https:\/\/www.olympia-charters.nl\/nl\/botenverhuur\/#breadcrumb"},"inLanguage":"nl-NL","potentialAction":[{"@type":"ReadAction","target":["https:\/\/www.olympia-charters.nl\/nl\/botenverhuur\/"]}]},{"@type":"BreadcrumbList","@id":"https:\/\/www.olympia-charters.nl\/nl\/botenverhuur\/#breadcrumb","itemListElement":[{"@type":"ListItem","position":1,"name":"Home","item":"https:\/\/www.olympia-charters.nl\/nl\/"},{"@type":"ListItem","position":2,"name":"Botenverhuur"}]},{"@type":"WebSite","@id":"https:\/\/www.olympia-charters.nl\/nl\/#website","url":"https:\/\/www.olympia-charters.nl\/nl\/","name":"Olympia Charters","description":"Verhuur van Motorjachten en Sloepen in Nederland","publisher":{"@id":"https:\/\/www.olympia-charters.nl\/nl\/#organization"},"potentialAction":[{"@type":"SearchAction","target":{"@type":"EntryPoint","urlTemplate":"https:\/\/www.olympia-charters.nl\/nl\/?s={search_term_string}"},"query-input":{"@type":"PropertyValueSpecification","valueRequired":true,"valueName":"search_term_string"}}],"inLanguage":"nl-NL"},{"@type":"Organization","@id":"https:\/\/www.olympia-charters.nl\/nl\/#organization","name":"Olympia Charters","url":"https:\/\/www.olympia-charters.nl\/nl\/","logo":{"@type":"ImageObject","inLanguage":"nl-NL","@id":"https:\/\/www.olympia-charters.nl\/nl\/#\/schema\/logo\/image\/","url":"https:\/\/www.olympia-charters.nl\/wp-content\/uploads\/2009\/10\/logo-square.jpg","contentUrl":"https:\/\/www.olympia-charters.nl\/wp-content\/uploads\/2009\/10\/logo-square.jpg","width":180,"height":180,"caption":"Olympia Charters"},"image":{"@id":"https:\/\/www.olympia-charters.nl\/nl\/#\/schema\/logo\/image\/"},"sameAs":["https:\/\/www.facebook.com\/OlympiaCharters","https:\/\/x.com\/OlympiaCharters"]}]}},"_links":{"self":[{"href":"https:\/\/www.olympia-charters.nl\/nl\/wp-json\/wp\/v2\/pages\/3926","targetHints":{"allow":["GET"]}}],"collection":[{"href":"https:\/\/www.olympia-charters.nl\/nl\/wp-json\/wp\/v2\/pages"}],"about":[{"href":"https:\/\/www.olympia-charters.nl\/nl\/wp-json\/wp\/v2\/types\/page"}],"author":[{"embeddable":true,"href":"https:\/\/www.olympia-charters.nl\/nl\/wp-json\/wp\/v2\/users\/12"}],"replies":[{"embeddable":true,"href":"https:\/\/www.olympia-charters.nl\/nl\/wp-json\/wp\/v2\/comments?post=3926"}],"version-history":[{"count":5,"href":"https:\/\/www.olympia-charters.nl\/nl\/wp-json\/wp\/v2\/pages\/3926\/revisions"}],"predecessor-version":[{"id":4475,"href":"https:\/\/www.olympia-charters.nl\/nl\/wp-json\/wp\/v2\/pages\/3926\/revisions\/4475"}],"wp:attachment":[{"href":"https:\/\/www.olympia-charters.nl\/nl\/wp-json\/wp\/v2\/media?parent=3926"}],"curies":[{"name":"wp","href":"https:\/\/api.w.org\/{rel}","templated":true}]}}