{"id":2702,"date":"2016-03-16T14:39:34","date_gmt":"2016-03-16T13:39:34","guid":{"rendered":"https:\/\/www.olympia-charters.nl\/en\/?page_id=2702"},"modified":"2022-06-30T09:52:11","modified_gmt":"2022-06-30T07:52:11","slug":"chart-olympia-34-kruiser","status":"publish","type":"page","link":"https:\/\/www.olympia-charters.nl\/en\/olympia-34\/chart-olympia-34-kruiser\/","title":{"rendered":"Chart Olympia 34 Kruiser"},"content":{"rendered":"<div id='revolutionslider_1'  class='avia-layerslider avia-revolutionslider main_color avia-shadow  avia-builder-el-0  el_before_av_hr  avia-builder-el-first   container_wrap fullsize'  >\n\t\t\t<!-- START slider12  en REVOLUTION SLIDER 6.7.40 --><p class=\"rs-p-wp-fix\"><\/p>\n\t\t\t<rs-module-wrap id=\"rev_slider_44_1_wrapper\" data-source=\"gallery\" style=\"visibility:hidden;background:transparent;padding:0;margin:0px auto;margin-top:0;margin-bottom:0;\">\n\t\t\t\t<rs-module id=\"rev_slider_44_1\" style=\"\" data-version=\"6.7.40\">\n\t\t\t\t\t<rs-slides style=\"overflow: hidden; position: absolute;\">\n\t\t\t\t\t\t<rs-slide style=\"position: absolute;\" data-key=\"rs-44\" data-title=\"Slide\" data-anim=\"adpr:false;\">\n\t\t\t\t\t\t\t<img decoding=\"async\" src=\"\/\/www.olympia-charters.nl\/wp-content\/plugins\/revslider\/sr6\/assets\/assets\/dummy.png\" alt=\"\" title=\"Chart Olympia 34 Kruiser\" class=\"rev-slidebg tp-rs-img rs-lazyload\" data-lazyload=\"\/\/www.olympia-charters.nl\/wp-content\/uploads\/2015\/12\/DSC_2943_wide.jpg\" data-no-retina>\n<!--\n\t\t\t\t\t\t\t--><rs-layer\n\t\t\t\t\t\t\t\tid=\"slider-44-slide-44-layer-1\" \n\t\t\t\t\t\t\t\tclass=\"tp-shape tp-shapewrapper tp-shape tp-shapewrapper\"\n\t\t\t\t\t\t\t\tdata-type=\"shape\"\n\t\t\t\t\t\t\t\tdata-rsp_ch=\"on\"\n\t\t\t\t\t\t\t\tdata-xy=\"xo:106px,54px,55px,55px;y:b;yo:168px,25px,28px,28px;\"\n\t\t\t\t\t\t\t\tdata-text=\"w:normal;fw:100;\"\n\t\t\t\t\t\t\t\tdata-dim=\"w:663px,485px,432px,432px;h:142px,115px,119px,119px;\"\n\t\t\t\t\t\t\t\tdata-vbility=\"t,t,t,f\"\n\t\t\t\t\t\t\t\tdata-frame_0=\"tp:600;\"\n\t\t\t\t\t\t\t\tdata-frame_1=\"tp:600;e:power2.inOut;st:500;\"\n\t\t\t\t\t\t\t\tdata-frame_999=\"o:0;tp:600;e:nothing;st:w;\"\n\t\t\t\t\t\t\t\tstyle=\"z-index:5;background-color:rgba(64,108,135,1);\"\n\t\t\t\t\t\t\t> \n\t\t\t\t\t\t\t<\/rs-layer><!--\n\n\t\t\t\t\t\t\t--><rs-layer\n\t\t\t\t\t\t\t\tid=\"slider-44-slide-44-layer-2\" \n\t\t\t\t\t\t\t\tclass=\"OlympiaStyle\"\n\t\t\t\t\t\t\t\tdata-type=\"text\"\n\t\t\t\t\t\t\t\tdata-color=\"rgba(255,255,255,1)\"\n\t\t\t\t\t\t\t\tdata-rsp_ch=\"on\"\n\t\t\t\t\t\t\t\tdata-xy=\"xo:125px,74px,74px,74px;y:b;yo:185px,41px,41px,41px;\"\n\t\t\t\t\t\t\t\tdata-text=\"w:normal;s:25;l:28;fw:500;a:center;\"\n\t\t\t\t\t\t\t\tdata-dim=\"w:626px,444px,393px,393px;h:auto,83px,84px,84px;\"\n\t\t\t\t\t\t\t\tdata-vbility=\"t,t,t,f\"\n\t\t\t\t\t\t\t\tdata-padding=\"t:25;r:10;b:25;l:10;\"\n\t\t\t\t\t\t\t\tdata-border=\"bos:solid;boc:rgba(255,255,255,1);bow:1px,1px,1px,1px;\"\n\t\t\t\t\t\t\t\tdata-frame_0=\"tp:600;\"\n\t\t\t\t\t\t\t\tdata-frame_1=\"tp:600;e:power2.inOut;st:500;\"\n\t\t\t\t\t\t\t\tdata-frame_999=\"o:0;tp:600;e:nothing;st:w;\"\n\t\t\t\t\t\t\t\tstyle=\"z-index:6;font-family:'Kotta One', 'sans-serif';letter-spacing:4px;text-align:left;\"\n\t\t\t\t\t\t\t>Een heerlijk dagje op het water<br\/>\nmet een sloep op de Kaag of in Leiden? \n\t\t\t\t\t\t\t<\/rs-layer><!--\n-->\t\t\t\t\t<\/rs-slide>\n\t\t\t\t\t<\/rs-slides>\n\t\t\t\t<\/rs-module>\n\t\t\t\t<script>\n\t\t\t\t\tsetREVStartSize({c: 'rev_slider_44_1',rl:[1240,1024,778,480],el:[],gw:[1800,1300,975,825],gh:[700,600,450,400],type:'hero',justify:'',layout:'fullwidth',mh:\"0\"});if (window.RS_MODULES!==undefined && window.RS_MODULES.modules!==undefined && window.RS_MODULES.modules[\"revslider441\"]!==undefined) {window.RS_MODULES.modules[\"revslider441\"].once = false;window.revapi44 = undefined;if (window.RS_MODULES.checkMinimal!==undefined) window.RS_MODULES.checkMinimal()}\n\t\t\t\t<\/script>\n\t\t\t<\/rs-module-wrap>\n\t\t\t<!-- END REVOLUTION SLIDER -->\n<\/div><div id='after_revolutionslider_1'  class='main_color av_default_container_wrap container_wrap fullsize'  ><div class='container av-section-cont-open' ><div class='template-page content  av-content-full alpha units'><div class='post-entry post-entry-type-page post-entry-2702'><div class='entry-content-wrapper clearfix'>\n\n<style type=\"text\/css\" data-created_by=\"avia_inline_auto\" id=\"style-css-av-av_hr-f9c49c3d3336fc54a3f31ed109c785bd\">\n#top .hr.hr-invisible.av-av_hr-f9c49c3d3336fc54a3f31ed109c785bd{\nheight:30px;\n}\n<\/style>\n<div  class='hr av-av_hr-f9c49c3d3336fc54a3f31ed109c785bd hr-invisible  avia-builder-el-1  el_after_av_revolutionslider  el_before_av_textblock  avia-builder-el-first '><span class='hr-inner '><span class=\"hr-inner-style\"><\/span><\/span><\/div>\n<section  class='av_textblock_section av-av_textblock-0366cc7376be6c9e82a3e9cc8987b64f'  itemscope=\"itemscope\" itemtype=\"https:\/\/schema.org\/CreativeWork\" ><div class='avia_textblock'  itemprop=\"text\" ><p><a href=\"https:\/\/www.olympia-charters.nl\/wp-content\/uploads\/2014\/11\/O34-plattegrond.jpg\"><img loading=\"lazy\" decoding=\"async\" class=\"alignnone wp-image-1056\" src=\"https:\/\/www.olympia-charters.nl\/wp-content\/uploads\/2014\/11\/O34-plattegrond-300x127.jpg\" alt=\"hausboot mieten holland\" width=\"541\" height=\"229\" srcset=\"https:\/\/www.olympia-charters.nl\/wp-content\/uploads\/2014\/11\/O34-plattegrond-300x127.jpg 300w, https:\/\/www.olympia-charters.nl\/wp-content\/uploads\/2014\/11\/O34-plattegrond-1024x435.jpg 1024w, https:\/\/www.olympia-charters.nl\/wp-content\/uploads\/2014\/11\/O34-plattegrond.jpg 1772w\" sizes=\"auto, (max-width: 541px) 100vw, 541px\" \/><\/a><\/p>\n<h2 class=\"txt12\"><strong>Einteilung Olympia 34 Kreuzer<\/strong><\/h2>\n<p class=\"txt12\">Die vordere H\u00e4lfte des Bootes besteht aus drei R\u00e4umen: die Bugkabine mit einem Doppelbett, eine Seitenkabine mit zwei festen Einzelbetten und eine separate Toilette mit Dusche.Des Weiteren finden Sie im Schiff einen gro\u00dfz\u00fcgig bemessenen Salon, der \u00fcber eine doppelte Schiebet\u00fcr ebenerdig mit dem gro\u00dfen, offenen Achterdeck in Verbindung steht. Im Salon, der dank gro\u00dfer Panoramafenster und einem Schiebedach hell und luftig ist, befindet sich der Steuerstand, die Komb\u00fcse und die Dinette. Die Dinette kann auch als Doppelbett dienen.<br \/>\nDer Gasherd hat 4 Brenner. K\u00fchlschrank, Radio und ein 220-V-Umformer vervollst\u00e4ndigen die Ausr\u00fcstung dieses komfortablen Schiffes.<\/p>\n<h2>Technische Daten:<\/h2>\n<p>L\u00e4nge : 10.80 m<br \/>\nBreite \u00a0 \u00a0 \u00a0 \u00a0 \u00a0 \u00a0 \u00a0 \u00a0 \u00a0 \u00a0 \u00a0 \u00a0 \u00a0 \u00a0 \u00a0 \u00a0 \u00a0 \u00a0 \u00a0 \u00a0 \u00a0 \u00a0 \u00a0 \u00a0 \u00a0:\u00a0 3.90 m<br \/>\nTiefgang \u00a0 \u00a0 \u00a0 \u00a0 \u00a0 \u00a0 \u00a0 \u00a0 \u00a0 \u00a0 \u00a0 \u00a0 \u00a0 \u00a0 \u00a0 \u00a0 \u00a0 \u00a0 \u00a0 \u00a0 \u00a0 \u00a0 \u00a0 :\u00a0\u00a0 1.10 m<br \/>\nDurchfahrtsh\u00f6he \u00a0(ohne mast) \u00a0 \u00a0 :\u00a0\u00a0 2.40 m<br \/>\nStehh\u00f6he \u00a0 \u00a0 \u00a0 \u00a0 \u00a0 \u00a0 \u00a0 \u00a0 \u00a0 \u00a0 \u00a0 \u00a0 \u00a0 \u00a0 \u00a0 \u00a0 \u00a0 \u00a0 \u00a0 \u00a0 \u00a0 \u00a0 : \u00a0\u00a02.00 m<br \/>\nMotor \u00a0 \u00a0 \u00a0 \u00a0 \u00a0 \u00a0 \u00a0 \u00a0 \u00a0 \u00a0 \u00a0 \u00a0 \u00a0 \u00a0 \u00a0 \u00a0 \u00a0 \u00a0 \u00a0 \u00a0 \u00a0 \u00a0 \u00a0 \u00a0 \u00a0 : VW 75 PK<br \/>\nTrinkwasser \u00a0\u00a0\u00a0\u00a0\u00a0\u00a0\u00a0\u00a0\u00a0\u00a0\u00a0\u00a0\u00a0\u00a0\u00a0\u00a0\u00a0\u00a0\u00a0\u00a0\u00a0\u00a0\u00a0\u00a0\u00a0\u00a0\u00a0\u00a0\u00a0\u00a0\u00a0\u00a0\u00a0\u00a0\u00a0\u00a0 :\u00a0 500 l<br \/>\nTreibstoff \u00a0 \u00a0 \u00a0 \u00a0 \u00a0 \u00a0 \u00a0 \u00a0 \u00a0 \u00a0 \u00a0 \u00a0 \u00a0 \u00a0 \u00a0 \u00a0 \u00a0 \u00a0 \u00a0 \u00a0 \u00a0 \u00a0:\u00a0 600 l<br \/>\nSchmutzwasser \u00a0 \u00a0 \u00a0 \u00a0 \u00a0 \u00a0 \u00a0 \u00a0 \u00a0 \u00a0 \u00a0 \u00a0 \u00a0 \u00a0 \u00a0 \u00a0:\u00a0 275 l<br \/>\nBug und Heckschraube \u00a0 \u00a0 \u00a0 \u00a0 \u00a0 \u00a0 \u00a0 \u00a0 : elektrisch<br \/>\nSchlafpl\u00e4tze \u00a0\u00a0\u00a0\u00a0\u00a0\u00a0\u00a0\u00a0\u00a0\u00a0\u00a0\u00a0\u00a0\u00a0\u00a0\u00a0\u00a0\u00a0\u00a0\u00a0 \u00a0\u00a0\u00a0\u00a0\u00a0\u00a0\u00a0\u00a0\u00a0\u00a0\u00a0\u00a0 \u00a0\u00a0\u00a0 : 4+2<br \/>\nElektrisch Anlage \u00a0 \u00a0 \u00a0 \u00a0 \u00a0 \u00a0 \u00a0 \u00a0 \u00a0 \u00a0 \u00a0 \u00a0 \u00a0 \u00a0: 220 V<\/p>\n<\/div><\/section>\n","protected":false},"excerpt":{"rendered":"","protected":false},"author":11,"featured_media":4498,"parent":2697,"menu_order":0,"comment_status":"closed","ping_status":"closed","template":"","meta":{"footnotes":""},"class_list":["post-2702","page","type-page","status-publish","has-post-thumbnail","hentry"],"yoast_head":"<!-- This site is optimized with the Yoast SEO plugin v27.5 - https:\/\/yoast.com\/product\/yoast-seo-wordpress\/ -->\n<title>Chart Olympia 34 Kruiser - Olympia Charters<\/title>\n<meta name=\"robots\" content=\"index, follow, max-snippet:-1, max-image-preview:large, max-video-preview:-1\" \/>\n<link rel=\"canonical\" href=\"https:\/\/www.olympia-charters.nl\/en\/olympia-34\/chart-olympia-34-kruiser\/\" \/>\n<meta property=\"og:locale\" content=\"en_US\" \/>\n<meta property=\"og:type\" content=\"article\" \/>\n<meta property=\"og:title\" content=\"Chart Olympia 34 Kruiser - Olympia Charters\" \/>\n<meta property=\"og:url\" content=\"https:\/\/www.olympia-charters.nl\/en\/olympia-34\/chart-olympia-34-kruiser\/\" \/>\n<meta property=\"og:site_name\" content=\"Olympia Charters\" \/>\n<meta property=\"article:publisher\" content=\"https:\/\/www.facebook.com\/OlympiaCharters\" \/>\n<meta property=\"article:modified_time\" content=\"2022-06-30T07:52:11+00:00\" \/>\n<meta property=\"og:image\" content=\"https:\/\/www.olympia-charters.nl\/wp-content\/uploads\/2014\/11\/Olympia-34-Kreuzer-Auf-Kagerplassen.jpg\" \/>\n<meta name=\"twitter:label1\" content=\"Est. reading time\" \/>\n\t<meta name=\"twitter:data1\" content=\"1 minute\" \/>\n<script type=\"application\/ld+json\" class=\"yoast-schema-graph\">{\"@context\":\"https:\\\/\\\/schema.org\",\"@graph\":[{\"@type\":\"WebPage\",\"@id\":\"https:\\\/\\\/www.olympia-charters.nl\\\/en\\\/olympia-34\\\/chart-olympia-34-kruiser\\\/\",\"url\":\"https:\\\/\\\/www.olympia-charters.nl\\\/en\\\/olympia-34\\\/chart-olympia-34-kruiser\\\/\",\"name\":\"Chart Olympia 34 Kruiser - Olympia Charters\",\"isPartOf\":{\"@id\":\"https:\\\/\\\/www.olympia-charters.nl\\\/nl\\\/#website\"},\"primaryImageOfPage\":{\"@id\":\"https:\\\/\\\/www.olympia-charters.nl\\\/en\\\/olympia-34\\\/chart-olympia-34-kruiser\\\/#primaryimage\"},\"image\":{\"@id\":\"https:\\\/\\\/www.olympia-charters.nl\\\/en\\\/olympia-34\\\/chart-olympia-34-kruiser\\\/#primaryimage\"},\"thumbnailUrl\":\"https:\\\/\\\/www.olympia-charters.nl\\\/wp-content\\\/uploads\\\/2014\\\/11\\\/olympia-34-innen.jpg\",\"datePublished\":\"2016-03-16T13:39:34+00:00\",\"dateModified\":\"2022-06-30T07:52:11+00:00\",\"breadcrumb\":{\"@id\":\"https:\\\/\\\/www.olympia-charters.nl\\\/en\\\/olympia-34\\\/chart-olympia-34-kruiser\\\/#breadcrumb\"},\"inLanguage\":\"en-US\",\"potentialAction\":[{\"@type\":\"ReadAction\",\"target\":[\"https:\\\/\\\/www.olympia-charters.nl\\\/en\\\/olympia-34\\\/chart-olympia-34-kruiser\\\/\"]}]},{\"@type\":\"ImageObject\",\"inLanguage\":\"en-US\",\"@id\":\"https:\\\/\\\/www.olympia-charters.nl\\\/en\\\/olympia-34\\\/chart-olympia-34-kruiser\\\/#primaryimage\",\"url\":\"https:\\\/\\\/www.olympia-charters.nl\\\/wp-content\\\/uploads\\\/2014\\\/11\\\/olympia-34-innen.jpg\",\"contentUrl\":\"https:\\\/\\\/www.olympia-charters.nl\\\/wp-content\\\/uploads\\\/2014\\\/11\\\/olympia-34-innen.jpg\",\"width\":708,\"height\":203},{\"@type\":\"BreadcrumbList\",\"@id\":\"https:\\\/\\\/www.olympia-charters.nl\\\/en\\\/olympia-34\\\/chart-olympia-34-kruiser\\\/#breadcrumb\",\"itemListElement\":[{\"@type\":\"ListItem\",\"position\":1,\"name\":\"Home\",\"item\":\"https:\\\/\\\/www.olympia-charters.nl\\\/en\\\/\"},{\"@type\":\"ListItem\",\"position\":2,\"name\":\"The Olympia 34\",\"item\":\"https:\\\/\\\/www.olympia-charters.nl\\\/en\\\/olympia-34\\\/\"},{\"@type\":\"ListItem\",\"position\":3,\"name\":\"Chart Olympia 34 Kruiser\"}]},{\"@type\":\"WebSite\",\"@id\":\"https:\\\/\\\/www.olympia-charters.nl\\\/nl\\\/#website\",\"url\":\"https:\\\/\\\/www.olympia-charters.nl\\\/nl\\\/\",\"name\":\"Olympia Charters\",\"description\":\"Verhuur van Motorjachten en Sloepen in Nederland\",\"publisher\":{\"@id\":\"https:\\\/\\\/www.olympia-charters.nl\\\/nl\\\/#organization\"},\"potentialAction\":[{\"@type\":\"SearchAction\",\"target\":{\"@type\":\"EntryPoint\",\"urlTemplate\":\"https:\\\/\\\/www.olympia-charters.nl\\\/nl\\\/?s={search_term_string}\"},\"query-input\":{\"@type\":\"PropertyValueSpecification\",\"valueRequired\":true,\"valueName\":\"search_term_string\"}}],\"inLanguage\":\"en-US\"},{\"@type\":\"Organization\",\"@id\":\"https:\\\/\\\/www.olympia-charters.nl\\\/nl\\\/#organization\",\"name\":\"Olympia Charters\",\"url\":\"https:\\\/\\\/www.olympia-charters.nl\\\/nl\\\/\",\"logo\":{\"@type\":\"ImageObject\",\"inLanguage\":\"en-US\",\"@id\":\"https:\\\/\\\/www.olympia-charters.nl\\\/nl\\\/#\\\/schema\\\/logo\\\/image\\\/\",\"url\":\"https:\\\/\\\/www.olympia-charters.nl\\\/wp-content\\\/uploads\\\/2009\\\/10\\\/logo-square.jpg\",\"contentUrl\":\"https:\\\/\\\/www.olympia-charters.nl\\\/wp-content\\\/uploads\\\/2009\\\/10\\\/logo-square.jpg\",\"width\":180,\"height\":180,\"caption\":\"Olympia Charters\"},\"image\":{\"@id\":\"https:\\\/\\\/www.olympia-charters.nl\\\/nl\\\/#\\\/schema\\\/logo\\\/image\\\/\"},\"sameAs\":[\"https:\\\/\\\/www.facebook.com\\\/OlympiaCharters\",\"https:\\\/\\\/x.com\\\/OlympiaCharters\"]}]}<\/script>\n<!-- \/ Yoast SEO plugin. -->","yoast_head_json":{"title":"Chart Olympia 34 Kruiser - Olympia Charters","robots":{"index":"index","follow":"follow","max-snippet":"max-snippet:-1","max-image-preview":"max-image-preview:large","max-video-preview":"max-video-preview:-1"},"canonical":"https:\/\/www.olympia-charters.nl\/en\/olympia-34\/chart-olympia-34-kruiser\/","og_locale":"en_US","og_type":"article","og_title":"Chart Olympia 34 Kruiser - Olympia Charters","og_url":"https:\/\/www.olympia-charters.nl\/en\/olympia-34\/chart-olympia-34-kruiser\/","og_site_name":"Olympia Charters","article_publisher":"https:\/\/www.facebook.com\/OlympiaCharters","article_modified_time":"2022-06-30T07:52:11+00:00","og_image":[{"url":"https:\/\/www.olympia-charters.nl\/wp-content\/uploads\/2014\/11\/Olympia-34-Kreuzer-Auf-Kagerplassen.jpg","type":"","width":"","height":""}],"twitter_misc":{"Est. reading time":"1 minute"},"schema":{"@context":"https:\/\/schema.org","@graph":[{"@type":"WebPage","@id":"https:\/\/www.olympia-charters.nl\/en\/olympia-34\/chart-olympia-34-kruiser\/","url":"https:\/\/www.olympia-charters.nl\/en\/olympia-34\/chart-olympia-34-kruiser\/","name":"Chart Olympia 34 Kruiser - Olympia Charters","isPartOf":{"@id":"https:\/\/www.olympia-charters.nl\/nl\/#website"},"primaryImageOfPage":{"@id":"https:\/\/www.olympia-charters.nl\/en\/olympia-34\/chart-olympia-34-kruiser\/#primaryimage"},"image":{"@id":"https:\/\/www.olympia-charters.nl\/en\/olympia-34\/chart-olympia-34-kruiser\/#primaryimage"},"thumbnailUrl":"https:\/\/www.olympia-charters.nl\/wp-content\/uploads\/2014\/11\/olympia-34-innen.jpg","datePublished":"2016-03-16T13:39:34+00:00","dateModified":"2022-06-30T07:52:11+00:00","breadcrumb":{"@id":"https:\/\/www.olympia-charters.nl\/en\/olympia-34\/chart-olympia-34-kruiser\/#breadcrumb"},"inLanguage":"en-US","potentialAction":[{"@type":"ReadAction","target":["https:\/\/www.olympia-charters.nl\/en\/olympia-34\/chart-olympia-34-kruiser\/"]}]},{"@type":"ImageObject","inLanguage":"en-US","@id":"https:\/\/www.olympia-charters.nl\/en\/olympia-34\/chart-olympia-34-kruiser\/#primaryimage","url":"https:\/\/www.olympia-charters.nl\/wp-content\/uploads\/2014\/11\/olympia-34-innen.jpg","contentUrl":"https:\/\/www.olympia-charters.nl\/wp-content\/uploads\/2014\/11\/olympia-34-innen.jpg","width":708,"height":203},{"@type":"BreadcrumbList","@id":"https:\/\/www.olympia-charters.nl\/en\/olympia-34\/chart-olympia-34-kruiser\/#breadcrumb","itemListElement":[{"@type":"ListItem","position":1,"name":"Home","item":"https:\/\/www.olympia-charters.nl\/en\/"},{"@type":"ListItem","position":2,"name":"The Olympia 34","item":"https:\/\/www.olympia-charters.nl\/en\/olympia-34\/"},{"@type":"ListItem","position":3,"name":"Chart Olympia 34 Kruiser"}]},{"@type":"WebSite","@id":"https:\/\/www.olympia-charters.nl\/nl\/#website","url":"https:\/\/www.olympia-charters.nl\/nl\/","name":"Olympia Charters","description":"Verhuur van Motorjachten en Sloepen in Nederland","publisher":{"@id":"https:\/\/www.olympia-charters.nl\/nl\/#organization"},"potentialAction":[{"@type":"SearchAction","target":{"@type":"EntryPoint","urlTemplate":"https:\/\/www.olympia-charters.nl\/nl\/?s={search_term_string}"},"query-input":{"@type":"PropertyValueSpecification","valueRequired":true,"valueName":"search_term_string"}}],"inLanguage":"en-US"},{"@type":"Organization","@id":"https:\/\/www.olympia-charters.nl\/nl\/#organization","name":"Olympia Charters","url":"https:\/\/www.olympia-charters.nl\/nl\/","logo":{"@type":"ImageObject","inLanguage":"en-US","@id":"https:\/\/www.olympia-charters.nl\/nl\/#\/schema\/logo\/image\/","url":"https:\/\/www.olympia-charters.nl\/wp-content\/uploads\/2009\/10\/logo-square.jpg","contentUrl":"https:\/\/www.olympia-charters.nl\/wp-content\/uploads\/2009\/10\/logo-square.jpg","width":180,"height":180,"caption":"Olympia Charters"},"image":{"@id":"https:\/\/www.olympia-charters.nl\/nl\/#\/schema\/logo\/image\/"},"sameAs":["https:\/\/www.facebook.com\/OlympiaCharters","https:\/\/x.com\/OlympiaCharters"]}]}},"_links":{"self":[{"href":"https:\/\/www.olympia-charters.nl\/en\/wp-json\/wp\/v2\/pages\/2702","targetHints":{"allow":["GET"]}}],"collection":[{"href":"https:\/\/www.olympia-charters.nl\/en\/wp-json\/wp\/v2\/pages"}],"about":[{"href":"https:\/\/www.olympia-charters.nl\/en\/wp-json\/wp\/v2\/types\/page"}],"author":[{"embeddable":true,"href":"https:\/\/www.olympia-charters.nl\/en\/wp-json\/wp\/v2\/users\/11"}],"replies":[{"embeddable":true,"href":"https:\/\/www.olympia-charters.nl\/en\/wp-json\/wp\/v2\/comments?post=2702"}],"version-history":[{"count":2,"href":"https:\/\/www.olympia-charters.nl\/en\/wp-json\/wp\/v2\/pages\/2702\/revisions"}],"predecessor-version":[{"id":2704,"href":"https:\/\/www.olympia-charters.nl\/en\/wp-json\/wp\/v2\/pages\/2702\/revisions\/2704"}],"up":[{"embeddable":true,"href":"https:\/\/www.olympia-charters.nl\/en\/wp-json\/wp\/v2\/pages\/2697"}],"wp:featuredmedia":[{"embeddable":true,"href":"https:\/\/www.olympia-charters.nl\/en\/wp-json\/wp\/v2\/media\/4498"}],"wp:attachment":[{"href":"https:\/\/www.olympia-charters.nl\/en\/wp-json\/wp\/v2\/media?parent=2702"}],"curies":[{"name":"wp","href":"https:\/\/api.w.org\/{rel}","templated":true}]}}