{"id":3883,"date":"2017-03-01T16:21:08","date_gmt":"2017-03-01T15:21:08","guid":{"rendered":"https:\/\/www.olympia-charters.nl\/?page_id=3883\/"},"modified":"2022-06-30T09:53:13","modified_gmt":"2022-06-30T07:53:13","slug":"boot-mieten-holland-2","status":"publish","type":"page","link":"https:\/\/www.olympia-charters.nl\/de\/boot-mieten-holland-2\/","title":{"rendered":"Boot mieten Holland"},"content":{"rendered":"<div id='revolutionslider_1'  class='avia-layerslider avia-revolutionslider main_color avia-shadow  avia-builder-el-0  el_before_av_hr  avia-builder-el-first   container_wrap fullsize'  >\n\t\t\t<!-- START Boot mieten Hollandde REVOLUTION SLIDER 6.7.40 --><p class=\"rs-p-wp-fix\"><\/p>\n\t\t\t<rs-module-wrap id=\"rev_slider_72_1_wrapper\" data-source=\"gallery\" style=\"visibility:hidden;background:transparent;padding:0;margin:0px auto;margin-top:0;margin-bottom:0;\">\n\t\t\t\t<rs-module id=\"rev_slider_72_1\" style=\"\" data-version=\"6.7.40\">\n\t\t\t\t\t<rs-slides style=\"overflow: hidden; position: absolute;\">\n\t\t\t\t\t\t<rs-slide style=\"position: absolute;\" data-key=\"rs-81\" data-title=\"Slide\" data-anim=\"adpr:false;\">\n\t\t\t\t\t\t\t<img decoding=\"async\" src=\"\/\/www.olympia-charters.nl\/wp-content\/plugins\/revslider\/sr6\/assets\/assets\/dummy.png\" alt=\"\" title=\"Boot mieten Holland\" class=\"rev-slidebg tp-rs-img rs-lazyload\" data-lazyload=\"\/\/www.olympia-charters.nl\/wp-content\/uploads\/2015\/12\/DSC_0307_wide.jpg\" data-bg=\"p:60% 40%;\" data-no-retina>\n<!--\n\t\t\t\t\t\t\t--><rs-layer\n\t\t\t\t\t\t\t\tid=\"slider-72-slide-81-layer-1\" \n\t\t\t\t\t\t\t\tclass=\"tp-shape tp-shapewrapper tp-shape tp-shapewrapper\"\n\t\t\t\t\t\t\t\tdata-type=\"shape\"\n\t\t\t\t\t\t\t\tdata-rsp_ch=\"on\"\n\t\t\t\t\t\t\t\tdata-xy=\"x:l,r,r,r;xo:62px,28px,28px,28px;yo:389px,152px,157px,157px;\"\n\t\t\t\t\t\t\t\tdata-text=\"w:normal;fw:100;\"\n\t\t\t\t\t\t\t\tdata-dim=\"w:666px,476px,432px,432px;h:107px,129px,110px,110px;\"\n\t\t\t\t\t\t\t\tdata-frame_0=\"tp:600;\"\n\t\t\t\t\t\t\t\tdata-frame_1=\"tp:600;e:power2.inOut;st:500;\"\n\t\t\t\t\t\t\t\tdata-frame_999=\"o:0;tp:600;e:nothing;st:w;\"\n\t\t\t\t\t\t\t\tstyle=\"z-index:5;background-color:rgba(64,108,135,1);\"\n\t\t\t\t\t\t\t> \n\t\t\t\t\t\t\t<\/rs-layer><!--\n\n\t\t\t\t\t\t\t--><rs-layer\n\t\t\t\t\t\t\t\tid=\"slider-72-slide-81-layer-2\" \n\t\t\t\t\t\t\t\tclass=\"OlympiaStyle\"\n\t\t\t\t\t\t\t\tdata-type=\"text\"\n\t\t\t\t\t\t\t\tdata-color=\"rgba(255,255,255,1)\"\n\t\t\t\t\t\t\t\tdata-rsp_ch=\"on\"\n\t\t\t\t\t\t\t\tdata-xy=\"x:r;xo:1092px,48px,48px,48px;yo:404px,174px,174px,174px;\"\n\t\t\t\t\t\t\t\tdata-text=\"w:normal;s:25;l:28;fw:500;a:center;\"\n\t\t\t\t\t\t\t\tdata-dim=\"w:626px,432px,393px,393px;h:auto,83px,84px,84px;\"\n\t\t\t\t\t\t\t\tdata-padding=\"t:25;r:10;b:25;l:10;\"\n\t\t\t\t\t\t\t\tdata-border=\"bos:solid;boc:rgba(255,255,255,1);bow:1px,1px,1px,1px;\"\n\t\t\t\t\t\t\t\tdata-frame_0=\"tp:600;\"\n\t\t\t\t\t\t\t\tdata-frame_1=\"tp:600;e:power2.inOut;st:500;\"\n\t\t\t\t\t\t\t\tdata-frame_999=\"o:0;tp:600;e:nothing;st:w;\"\n\t\t\t\t\t\t\t\tstyle=\"z-index:6;font-family:'Kotta One', 'sans-serif';letter-spacing:4px;text-align:left;\"\n\t\t\t\t\t\t\t>Freiheit erfahren in Holland auf Schiff\n \n\t\t\t\t\t\t\t<\/rs-layer><!--\n-->\t\t\t\t\t<\/rs-slide>\n\t\t\t\t\t<\/rs-slides>\n\t\t\t\t<\/rs-module>\n\t\t\t\t<script>\n\t\t\t\t\tsetREVStartSize({c: 'rev_slider_72_1',rl:[1240,1024,778,480],el:[],gw:[1800,1300,975,825],gh:[700,600,450,400],type:'hero',justify:'',layout:'fullwidth',mh:\"0\"});if (window.RS_MODULES!==undefined && window.RS_MODULES.modules!==undefined && window.RS_MODULES.modules[\"revslider721\"]!==undefined) {window.RS_MODULES.modules[\"revslider721\"].once = false;window.revapi72 = undefined;if (window.RS_MODULES.checkMinimal!==undefined) window.RS_MODULES.checkMinimal()}\n\t\t\t\t<\/script>\n\t\t\t<\/rs-module-wrap>\n\t\t\t<!-- END REVOLUTION SLIDER -->\n<\/div><div id='after_revolutionslider_1'  class='main_color av_default_container_wrap container_wrap fullsize'  ><div class='container av-section-cont-open' ><div class='template-page content  av-content-full alpha units'><div class='post-entry post-entry-type-page post-entry-3883'><div class='entry-content-wrapper clearfix'>\n\n<style type=\"text\/css\" data-created_by=\"avia_inline_auto\" id=\"style-css-av-av_hr-0dd18d9844cb3b943ff8f8296963fd53\">\n#top .hr.hr-invisible.av-av_hr-0dd18d9844cb3b943ff8f8296963fd53{\nheight:50px;\n}\n<\/style>\n<div  class='hr av-av_hr-0dd18d9844cb3b943ff8f8296963fd53 hr-invisible  avia-builder-el-1  el_after_av_revolutionslider  el_before_av_one_full  avia-builder-el-first '><span class='hr-inner '><span class=\"hr-inner-style\"><\/span><\/span><\/div>\n\n<style type=\"text\/css\" data-created_by=\"avia_inline_auto\" id=\"style-css-av-av_one_full-6126cab7d8fab8d08143dd2dacdf673c\">\n.flex_column.av-av_one_full-6126cab7d8fab8d08143dd2dacdf673c{\nborder-radius:0px 0px 0px 0px;\n-webkit-border-radius:0px 0px 0px 0px;\n-moz-border-radius:0px 0px 0px 0px;\n}\n<\/style>\n<div class='flex_column av-av_one_full-6126cab7d8fab8d08143dd2dacdf673c av_one_full  avia-builder-el-2  el_after_av_hr  el_before_av_one_third  first flex_column_div av-zero-column-padding '   ><section  class='av_textblock_section av-av_textblock-35972167d9f102c5ddaec0c531c98b9e'  itemscope=\"itemscope\" itemtype=\"https:\/\/schema.org\/CreativeWork\" ><div class='avia_textblock'  itemprop=\"text\" ><h2><strong>Hausbootferien Niederlande 2 bis 12 Pers.<\/strong><\/h2>\n<p>Wenn Sie nach Hausbootferien in den Niederlanden suchen, brauchen Sie jetzt nicht mehr weiter zu suchen. Olympia Charters in Warmond, bietet Ihnen den kompletten Hausbootverleih in den Niederlanden, den Sie suchen. Da wir schon seit 1977 Hausboote vermieten und schon viele internationale G\u00e4ste auf unserer Werft begr\u00fc\u00dfen durften, k\u00f6nnen wir Ihnen einen kompletten Service zusichern.<\/p>\n<p>Sie werden viele typisch holl\u00e4ndische St\u00e4dte, wie Amsterdam, Alkmaar, Volendam und Haarlem durchqueren und werden dort immer herzlich empfangen. Die Tulpenfelder, die bekannten Windm\u00fchlen und die k\u00f6stlichen K\u00e4sesorten machen ihre Ferien in den Niederlanden unvergesslich. Ihre Bootsfahrt wird reich an Natur, Kultur und Geschichte sein!Olympia Charters in Warmond ist deshalb auch der besten Startpunkt f\u00fcr Hausboot Ferien in den Niederlanden.<\/p>\n<p>Die niederl\u00e4ndische Hauptstadt Amsterdam ist immer einen Besuch wert und lockt mit zahlreichen Sehensw\u00fcrdigkeiten, Museen und einem vielseitigen Nachtleben. Im Rijksmuseum k\u00f6nnen Sie die Meisterwerke von Vermeer, Rembrandt und Ruisdael betrachten und auch ein Besuch im Van Gogh Museum ist lohnenswert. Schlendern Sie durch die Stra\u00dfen und entlang der Grachten und erleben Sie dabei die kosmopolitische Atmosph\u00e4re der Stadt.<\/p>\n<p>In Utrecht steht einer der bedeutendsten Kirchenbauten der Niederlande: der Utrechter Dom. Seit das Langhaus 1674 durch einen Orkan einst\u00fcrzte, klafft eine L\u00fccke zwischen der Vierung und dem Westturm, der mit 112,5 m der h\u00f6chste Kirchturm des Landes ist.<\/p>\n<p>Besuchen Sie w\u00e4hrend ihres Urlaubs aber auch St\u00e4dte wie Alkmaar mit seinem ber\u00fchmten K\u00e4semarkt oder Muiden, wo mit der 1280 erbauten, imposanten Backsteinburg \u201eMuiderslot\u201c die \u00e4lteste Burg der Niederlande steht. Ebenso wenig darf ein Abstecher nach Gouda fehlen, der unumstrittenen K\u00e4se-Hauptstadt, mit ihren zahlreichen Grachten und Br\u00fccken.<\/p>\n<p>F\u00fcr weitere Ausk\u00fcnfte \u00fcber den g\u00fcnstigsten Hausbootverleih in den Niederlanden, klicken Sie einfach weiter durch unsere Website. Hier finden Sie weitere Informationen \u00fcber uns und unseren Service. Selbstverst\u00e4ndlich sind wir auch telefonisch zu erreichen unter der Telefonnummer 0031 -713010043. Wir werden Ihnen gerne mehr \u00fcber die Hausbootferien Niederlande erz\u00e4hlen.<strong>\u00a0<\/strong><\/p>\n<h3><\/h3>\n<\/div><\/section><\/div>\n\n<style type=\"text\/css\" data-created_by=\"avia_inline_auto\" id=\"style-css-av-av_one_third-6126cab7d8fab8d08143dd2dacdf673c\">\n.flex_column.av-av_one_third-6126cab7d8fab8d08143dd2dacdf673c{\nborder-radius:0px 0px 0px 0px;\n-webkit-border-radius:0px 0px 0px 0px;\n-moz-border-radius:0px 0px 0px 0px;\n}\n<\/style>\n<div class='flex_column av-av_one_third-6126cab7d8fab8d08143dd2dacdf673c av_one_third  avia-builder-el-4  el_after_av_one_full  el_before_av_one_third  first flex_column_div av-zero-column-padding column-top-margin'   ><section  class='av_textblock_section av-av_textblock-35972167d9f102c5ddaec0c531c98b9e'  itemscope=\"itemscope\" itemtype=\"https:\/\/schema.org\/CreativeWork\" ><div class='avia_textblock'  itemprop=\"text\" ><h3 style=\"text-align: center;\">Olympia Superkreuzer<\/h3>\n<p><img loading=\"lazy\" decoding=\"async\" class=\"wp-image-1986 size-large aligncenter\" src=\"https:\/\/www.olympia-charters.nl\/wp-content\/uploads\/2015\/09\/DSC_1476-1024x683.jpg\" width=\"1024\" height=\"683\" srcset=\"https:\/\/www.olympia-charters.nl\/wp-content\/uploads\/2015\/09\/DSC_1476-1024x683.jpg 1024w, https:\/\/www.olympia-charters.nl\/wp-content\/uploads\/2015\/09\/DSC_1476-300x200.jpg 300w, https:\/\/www.olympia-charters.nl\/wp-content\/uploads\/2015\/09\/DSC_1476.jpg 1766w\" sizes=\"auto, (max-width: 1024px) 100vw, 1024px\" \/><\/p>\n<h3><\/h3>\n<\/div><\/section><\/div>\n<style type=\"text\/css\" data-created_by=\"avia_inline_auto\" id=\"style-css-av-av_one_third-0aa7055fe62c3622faec82866afbaeb2\">\n.flex_column.av-av_one_third-0aa7055fe62c3622faec82866afbaeb2{\nborder-radius:0px 0px 0px 0px;\n-webkit-border-radius:0px 0px 0px 0px;\n-moz-border-radius:0px 0px 0px 0px;\n}\n<\/style>\n<div class='flex_column av-av_one_third-0aa7055fe62c3622faec82866afbaeb2 av_one_third  avia-builder-el-6  el_after_av_one_third  el_before_av_one_third  flex_column_div av-zero-column-padding column-top-margin'   ><section  class='av_textblock_section av-av_textblock-35972167d9f102c5ddaec0c531c98b9e'  itemscope=\"itemscope\" itemtype=\"https:\/\/schema.org\/CreativeWork\" ><div class='avia_textblock'  itemprop=\"text\" ><h3 style=\"text-align: center;\"><strong>Die Olympia 34<\/strong><\/h3>\n<p><img loading=\"lazy\" decoding=\"async\" class=\"wp-image-2011 size-large aligncenter\" src=\"https:\/\/www.olympia-charters.nl\/wp-content\/uploads\/2015\/10\/DSC_1720-1024x683.jpg\" width=\"1024\" height=\"683\" srcset=\"https:\/\/www.olympia-charters.nl\/wp-content\/uploads\/2015\/10\/DSC_1720-1024x683.jpg 1024w, https:\/\/www.olympia-charters.nl\/wp-content\/uploads\/2015\/10\/DSC_1720-300x200.jpg 300w, https:\/\/www.olympia-charters.nl\/wp-content\/uploads\/2015\/10\/DSC_1720.jpg 2048w\" sizes=\"auto, (max-width: 1024px) 100vw, 1024px\" \/><\/p>\n<h3><\/h3>\n<\/div><\/section><\/div>\n<style type=\"text\/css\" data-created_by=\"avia_inline_auto\" id=\"style-css-av-av_one_third-0aa7055fe62c3622faec82866afbaeb2\">\n.flex_column.av-av_one_third-0aa7055fe62c3622faec82866afbaeb2{\nborder-radius:0px 0px 0px 0px;\n-webkit-border-radius:0px 0px 0px 0px;\n-moz-border-radius:0px 0px 0px 0px;\n}\n<\/style>\n<div class='flex_column av-av_one_third-0aa7055fe62c3622faec82866afbaeb2 av_one_third  avia-builder-el-8  el_after_av_one_third  el_before_av_one_full  flex_column_div av-zero-column-padding column-top-margin'   ><section  class='av_textblock_section av-av_textblock-35972167d9f102c5ddaec0c531c98b9e'  itemscope=\"itemscope\" itemtype=\"https:\/\/schema.org\/CreativeWork\" ><div class='avia_textblock'  itemprop=\"text\" ><h3 style=\"text-align: center;\">Schaluppe Mieten<\/h3>\n<p><img loading=\"lazy\" decoding=\"async\" class=\"wp-image-2116 size-large aligncenter\" src=\"https:\/\/www.olympia-charters.nl\/wp-content\/uploads\/2015\/12\/DSC_0100-1030x684.jpg\" alt=\"Dagje Varen\" width=\"1030\" height=\"684\" srcset=\"https:\/\/www.olympia-charters.nl\/wp-content\/uploads\/2015\/12\/DSC_0100-1030x684.jpg 1030w, https:\/\/www.olympia-charters.nl\/wp-content\/uploads\/2015\/12\/DSC_0100-300x199.jpg 300w, https:\/\/www.olympia-charters.nl\/wp-content\/uploads\/2015\/12\/DSC_0100-1500x996.jpg 1500w, https:\/\/www.olympia-charters.nl\/wp-content\/uploads\/2015\/12\/DSC_0100-705x468.jpg 705w, https:\/\/www.olympia-charters.nl\/wp-content\/uploads\/2015\/12\/DSC_0100-450x299.jpg 450w, https:\/\/www.olympia-charters.nl\/wp-content\/uploads\/2015\/12\/DSC_0100.jpg 2048w\" sizes=\"auto, (max-width: 1030px) 100vw, 1030px\" \/><\/p>\n<h3><\/h3>\n<\/div><\/section><\/div>\n<style type=\"text\/css\" data-created_by=\"avia_inline_auto\" id=\"style-css-av-av_one_full-6126cab7d8fab8d08143dd2dacdf673c\">\n.flex_column.av-av_one_full-6126cab7d8fab8d08143dd2dacdf673c{\nborder-radius:0px 0px 0px 0px;\n-webkit-border-radius:0px 0px 0px 0px;\n-moz-border-radius:0px 0px 0px 0px;\n}\n<\/style>\n<div class='flex_column av-av_one_full-6126cab7d8fab8d08143dd2dacdf673c av_one_full  avia-builder-el-10  el_after_av_one_third  avia-builder-el-last  first flex_column_div av-zero-column-padding column-top-margin'   ><section  class='av_textblock_section av-av_textblock-35972167d9f102c5ddaec0c531c98b9e'  itemscope=\"itemscope\" itemtype=\"https:\/\/schema.org\/CreativeWork\" ><div class='avia_textblock'  itemprop=\"text\" ><h3><strong>Hausboot mieten ohne F\u00fchrerschein in Holland<\/strong><\/h3>\n<p>M\u00f6chten Sie ein Hausboot mieten ohne F\u00fchrerschein, fahren ohne Sorgen und einfach nur genie\u00dfen? Dann sind Sie bei Olympia Charters in Warmond an der richtigen Adresse. Wir sorgen f\u00fcr eine ideale Tour auf dem Wasser und einen sorgenfreien Bootsurlaub. Olympia Charters ist der Spezialist f\u00fcr Hausboot mieten ohne F\u00fchrerschein. Wir sind gefestigt in<\/p>\n<p>Warmond im Westen von Holland zwischen den gro\u00dfen St\u00e4dten Amsterdam, Den Haag, Leiden, Delft und Utrecht.<\/p>\n<p>Ihr Traumurlaub auf den Holl\u00e4ndischen Wassern f\u00e4ngt hier an. Wenn Sie ein Hausboot mieten in Holland, bieten wir Ihnen den kompletten Hausbootverleih in Holland, den Sie suchen. Bei Bedarf fahren wir sogar mit und erkl\u00e4ren Ihnen unsere Boote ausf\u00fchrlich.<\/p>\n<p>Unser Angebot ist gro\u00df und variiert. Wenn Sie sich f\u00fcr unser Angebot \u201eHausboot mieten in Holland\u201c entscheiden, bekommen Sie bei uns nat\u00fcrlich den Service, den Sie erwarten.<\/p>\n<p>Wir bieten Ihnen unsere Olympia Superkreuzer f\u00fcr 12 Personen oder unsere Olympia 34 Kreuzer f\u00fcr 4 bis 6 Personen an. Beide Schiffe haben eine Durchfahrth\u00f6he von nur 2.40 Meter, das hei\u00dft Sie k\u00f6nnen viele Strecke fahren, ohne bei Br\u00fccken warten zu m\u00fcssen.<\/p>\n<p>F\u00fchrerscheinfrei sind unsere Boote, die k\u00fcrzer als 15 Meter sind und die nicht schneller als 20 km\/h fahren k\u00f6nnen. Trotzdem sollte man nicht ganz ohne Kenntnisse fahren, denn sonst k\u00f6nnte der verdiente Urlaub urpl\u00f6tzlich doch in Stress ausarten. So kann sich f\u00fcr Hausboot-Neulinge ein Blick in das Buch \u201cCharterfibel: Hausbootwissen f\u00fcr Einsteiger. Mit der neuen Charterbescheinigung\u201c lohnen.<\/p>\n<p>Wir laden Sie gerne zu uns ein, und bieten Ihnen sogar die M\u00f6glichkeit hier ihr Boot zu reservieren. F\u00fcr weitere Ausk\u00fcnfte laden wir Sie gerne weiter auf unsere Website ein. Hier finden Sie alle Informationen \u00fcber unseren Hausbootverleih Holland. Wenn Sie uns einmal pers\u00f6nlich sprechen m\u00f6chten, dann erreichen Sie uns telefonisch unter der Nummer +31-713010043.<\/p>\n<p>Hausboot mieten ohne F\u00fchrerschein fahren in Holland<em>\u00a0<\/em><\/p>\n<h3>Das Fahrgebiet Holland \u2013 ein Ziel f\u00fcr sch\u00f6ne Bootsferien!<\/h3>\n<p>Das Fahrgebiet Holland \u2013 Wenn Sie eine Motoryacht mieten in S\u00fcd-Holland, dann werden Sie sicher unvergessliche Bootsferien erleben. S\u00fcd-Holland nennen die Holl\u00e4nder auch Das Gr\u00fcnen Herz von Holland. Die vielen historischen St\u00e4dte, die in S\u00fcd-Holland liegen, laden zu einem Besuch ein. Sie k\u00f6nnen w\u00e4hrend ihrer Bootsferien eine abwechslungsreiche Route ausarbeiten und dabei \u00fcber Binnengew\u00e4sser, Seen und bekannte Fl\u00fcsse fahren. Neben ihrer Bootsfahrt<\/p>\n<p>durch S\u00fcd-Holland gibt es noch gen\u00fcgend Zeit, um die sch\u00f6nen D\u00f6rfer und St\u00e4dte zu besuchen, oder einen Spaziergang durch beispielsweise Leiden, Utrecht, Delft oder Gouda zu unternehmen.<\/p>\n<h4>\u00dcber die Kan\u00e4le von S\u00fcd-Holland fahren<\/h4>\n<p>In S\u00fcd-Holland gibt es viele sch\u00f6ne Fl\u00fcsse, wie den Oude Rijn, Gouwe, Aarkanaal und die Hollandse IJssel. Das Gr\u00fcne Herz mit seiner unb\u00e4ndigen Naturvielfalt und den historischen St\u00e4dten, die man alle mit dem Schiff erreichen kann, macht S\u00fcd-Holland zu einem \u00fcberaus attraktiven Urlaubsziel.<\/p>\n<h4>Historische St\u00e4dte im Gr\u00fcnen Herzen<\/h4>\n<p>Sie k\u00f6nnen unsere Motoryachten f\u00fcr ein Wochenende, eine Kurzwoche oder eine ganze Woche mieten.<\/p>\n<p>Laden Sie Ihre Freunde, Kollegen oder Familie ein und erleben Sie gemeinsam einen unvergesslichen Bootsurlaub auf dem Wasser. Wir beraten Sie gerne \u00fcber unsere komfortablen Schiffe.<\/p>\n<p>Dank der langen Erfahrung unserer professionellen Besatzung brauchen Sie \u00fcber keinerlei Kenntnisse oder Fahrpraxis zu verf\u00fcgen. Die Mannschaft wird Ihnen mit Rat und Tat zur Seite stehen und gerne hilfreiche Tipps zur Route geben.<\/p>\n<h3><\/h3>\n<\/div><\/section><\/div><\/p>\n","protected":false},"excerpt":{"rendered":"","protected":false},"author":12,"featured_media":0,"parent":0,"menu_order":0,"comment_status":"closed","ping_status":"closed","template":"","meta":{"footnotes":""},"class_list":["post-3883","page","type-page","status-publish","hentry"],"yoast_head":"<!-- This site is optimized with the Yoast SEO plugin v27.5 - https:\/\/yoast.com\/product\/yoast-seo-wordpress\/ -->\n<title>Boot mieten Holland - Olympia Charters<\/title>\n<meta name=\"robots\" content=\"index, follow, max-snippet:-1, max-image-preview:large, max-video-preview:-1\" \/>\n<link rel=\"canonical\" href=\"https:\/\/www.olympia-charters.nl\/de\/boot-mieten-holland-2\/\" \/>\n<meta property=\"og:locale\" content=\"de_DE\" \/>\n<meta property=\"og:type\" content=\"article\" \/>\n<meta property=\"og:title\" content=\"Boot mieten Holland - Olympia Charters\" \/>\n<meta property=\"og:url\" content=\"https:\/\/www.olympia-charters.nl\/de\/boot-mieten-holland-2\/\" \/>\n<meta property=\"og:site_name\" content=\"Olympia Charters\" \/>\n<meta property=\"article:publisher\" content=\"https:\/\/www.facebook.com\/OlympiaCharters\" \/>\n<meta property=\"article:modified_time\" content=\"2022-06-30T07:53:13+00:00\" \/>\n<meta property=\"og:image\" content=\"https:\/\/www.olympia-charters.nl\/wp-content\/uploads\/2015\/09\/DSC_1476-1024x683.jpg\" \/>\n<meta name=\"twitter:label1\" content=\"Gesch\u00e4tzte Lesezeit\" \/>\n\t<meta name=\"twitter:data1\" content=\"6\u00a0Minuten\" \/>\n<script type=\"application\/ld+json\" class=\"yoast-schema-graph\">{\"@context\":\"https:\\\/\\\/schema.org\",\"@graph\":[{\"@type\":\"WebPage\",\"@id\":\"https:\\\/\\\/www.olympia-charters.nl\\\/de\\\/boot-mieten-holland-2\\\/\",\"url\":\"https:\\\/\\\/www.olympia-charters.nl\\\/de\\\/boot-mieten-holland-2\\\/\",\"name\":\"Boot mieten Holland - Olympia Charters\",\"isPartOf\":{\"@id\":\"https:\\\/\\\/www.olympia-charters.nl\\\/nl\\\/#website\"},\"primaryImageOfPage\":{\"@id\":\"https:\\\/\\\/www.olympia-charters.nl\\\/de\\\/boot-mieten-holland-2\\\/#primaryimage\"},\"image\":{\"@id\":\"https:\\\/\\\/www.olympia-charters.nl\\\/de\\\/boot-mieten-holland-2\\\/#primaryimage\"},\"thumbnailUrl\":\"https:\\\/\\\/www.olympia-charters.nl\\\/wp-content\\\/uploads\\\/2015\\\/09\\\/DSC_1476-1024x683.jpg\",\"datePublished\":\"2017-03-01T15:21:08+00:00\",\"dateModified\":\"2022-06-30T07:53:13+00:00\",\"breadcrumb\":{\"@id\":\"https:\\\/\\\/www.olympia-charters.nl\\\/de\\\/boot-mieten-holland-2\\\/#breadcrumb\"},\"inLanguage\":\"de\",\"potentialAction\":[{\"@type\":\"ReadAction\",\"target\":[\"https:\\\/\\\/www.olympia-charters.nl\\\/de\\\/boot-mieten-holland-2\\\/\"]}]},{\"@type\":\"ImageObject\",\"inLanguage\":\"de\",\"@id\":\"https:\\\/\\\/www.olympia-charters.nl\\\/de\\\/boot-mieten-holland-2\\\/#primaryimage\",\"url\":\"https:\\\/\\\/www.olympia-charters.nl\\\/wp-content\\\/uploads\\\/2015\\\/09\\\/DSC_1476-1024x683.jpg\",\"contentUrl\":\"https:\\\/\\\/www.olympia-charters.nl\\\/wp-content\\\/uploads\\\/2015\\\/09\\\/DSC_1476-1024x683.jpg\"},{\"@type\":\"BreadcrumbList\",\"@id\":\"https:\\\/\\\/www.olympia-charters.nl\\\/de\\\/boot-mieten-holland-2\\\/#breadcrumb\",\"itemListElement\":[{\"@type\":\"ListItem\",\"position\":1,\"name\":\"Home\",\"item\":\"https:\\\/\\\/www.olympia-charters.nl\\\/de\\\/\"},{\"@type\":\"ListItem\",\"position\":2,\"name\":\"Boot mieten Holland\"}]},{\"@type\":\"WebSite\",\"@id\":\"https:\\\/\\\/www.olympia-charters.nl\\\/nl\\\/#website\",\"url\":\"https:\\\/\\\/www.olympia-charters.nl\\\/nl\\\/\",\"name\":\"Olympia Charters\",\"description\":\"Verhuur van Motorjachten en Sloepen in Nederland\",\"publisher\":{\"@id\":\"https:\\\/\\\/www.olympia-charters.nl\\\/nl\\\/#organization\"},\"potentialAction\":[{\"@type\":\"SearchAction\",\"target\":{\"@type\":\"EntryPoint\",\"urlTemplate\":\"https:\\\/\\\/www.olympia-charters.nl\\\/nl\\\/?s={search_term_string}\"},\"query-input\":{\"@type\":\"PropertyValueSpecification\",\"valueRequired\":true,\"valueName\":\"search_term_string\"}}],\"inLanguage\":\"de\"},{\"@type\":\"Organization\",\"@id\":\"https:\\\/\\\/www.olympia-charters.nl\\\/nl\\\/#organization\",\"name\":\"Olympia Charters\",\"url\":\"https:\\\/\\\/www.olympia-charters.nl\\\/nl\\\/\",\"logo\":{\"@type\":\"ImageObject\",\"inLanguage\":\"de\",\"@id\":\"https:\\\/\\\/www.olympia-charters.nl\\\/nl\\\/#\\\/schema\\\/logo\\\/image\\\/\",\"url\":\"https:\\\/\\\/www.olympia-charters.nl\\\/wp-content\\\/uploads\\\/2009\\\/10\\\/logo-square.jpg\",\"contentUrl\":\"https:\\\/\\\/www.olympia-charters.nl\\\/wp-content\\\/uploads\\\/2009\\\/10\\\/logo-square.jpg\",\"width\":180,\"height\":180,\"caption\":\"Olympia Charters\"},\"image\":{\"@id\":\"https:\\\/\\\/www.olympia-charters.nl\\\/nl\\\/#\\\/schema\\\/logo\\\/image\\\/\"},\"sameAs\":[\"https:\\\/\\\/www.facebook.com\\\/OlympiaCharters\",\"https:\\\/\\\/x.com\\\/OlympiaCharters\"]}]}<\/script>\n<!-- \/ Yoast SEO plugin. -->","yoast_head_json":{"title":"Boot mieten Holland - Olympia Charters","robots":{"index":"index","follow":"follow","max-snippet":"max-snippet:-1","max-image-preview":"max-image-preview:large","max-video-preview":"max-video-preview:-1"},"canonical":"https:\/\/www.olympia-charters.nl\/de\/boot-mieten-holland-2\/","og_locale":"de_DE","og_type":"article","og_title":"Boot mieten Holland - Olympia Charters","og_url":"https:\/\/www.olympia-charters.nl\/de\/boot-mieten-holland-2\/","og_site_name":"Olympia Charters","article_publisher":"https:\/\/www.facebook.com\/OlympiaCharters","article_modified_time":"2022-06-30T07:53:13+00:00","og_image":[{"url":"https:\/\/www.olympia-charters.nl\/wp-content\/uploads\/2015\/09\/DSC_1476-1024x683.jpg","type":"","width":"","height":""}],"twitter_misc":{"Gesch\u00e4tzte Lesezeit":"6\u00a0Minuten"},"schema":{"@context":"https:\/\/schema.org","@graph":[{"@type":"WebPage","@id":"https:\/\/www.olympia-charters.nl\/de\/boot-mieten-holland-2\/","url":"https:\/\/www.olympia-charters.nl\/de\/boot-mieten-holland-2\/","name":"Boot mieten Holland - Olympia Charters","isPartOf":{"@id":"https:\/\/www.olympia-charters.nl\/nl\/#website"},"primaryImageOfPage":{"@id":"https:\/\/www.olympia-charters.nl\/de\/boot-mieten-holland-2\/#primaryimage"},"image":{"@id":"https:\/\/www.olympia-charters.nl\/de\/boot-mieten-holland-2\/#primaryimage"},"thumbnailUrl":"https:\/\/www.olympia-charters.nl\/wp-content\/uploads\/2015\/09\/DSC_1476-1024x683.jpg","datePublished":"2017-03-01T15:21:08+00:00","dateModified":"2022-06-30T07:53:13+00:00","breadcrumb":{"@id":"https:\/\/www.olympia-charters.nl\/de\/boot-mieten-holland-2\/#breadcrumb"},"inLanguage":"de","potentialAction":[{"@type":"ReadAction","target":["https:\/\/www.olympia-charters.nl\/de\/boot-mieten-holland-2\/"]}]},{"@type":"ImageObject","inLanguage":"de","@id":"https:\/\/www.olympia-charters.nl\/de\/boot-mieten-holland-2\/#primaryimage","url":"https:\/\/www.olympia-charters.nl\/wp-content\/uploads\/2015\/09\/DSC_1476-1024x683.jpg","contentUrl":"https:\/\/www.olympia-charters.nl\/wp-content\/uploads\/2015\/09\/DSC_1476-1024x683.jpg"},{"@type":"BreadcrumbList","@id":"https:\/\/www.olympia-charters.nl\/de\/boot-mieten-holland-2\/#breadcrumb","itemListElement":[{"@type":"ListItem","position":1,"name":"Home","item":"https:\/\/www.olympia-charters.nl\/de\/"},{"@type":"ListItem","position":2,"name":"Boot mieten Holland"}]},{"@type":"WebSite","@id":"https:\/\/www.olympia-charters.nl\/nl\/#website","url":"https:\/\/www.olympia-charters.nl\/nl\/","name":"Olympia Charters","description":"Verhuur van Motorjachten en Sloepen in Nederland","publisher":{"@id":"https:\/\/www.olympia-charters.nl\/nl\/#organization"},"potentialAction":[{"@type":"SearchAction","target":{"@type":"EntryPoint","urlTemplate":"https:\/\/www.olympia-charters.nl\/nl\/?s={search_term_string}"},"query-input":{"@type":"PropertyValueSpecification","valueRequired":true,"valueName":"search_term_string"}}],"inLanguage":"de"},{"@type":"Organization","@id":"https:\/\/www.olympia-charters.nl\/nl\/#organization","name":"Olympia Charters","url":"https:\/\/www.olympia-charters.nl\/nl\/","logo":{"@type":"ImageObject","inLanguage":"de","@id":"https:\/\/www.olympia-charters.nl\/nl\/#\/schema\/logo\/image\/","url":"https:\/\/www.olympia-charters.nl\/wp-content\/uploads\/2009\/10\/logo-square.jpg","contentUrl":"https:\/\/www.olympia-charters.nl\/wp-content\/uploads\/2009\/10\/logo-square.jpg","width":180,"height":180,"caption":"Olympia Charters"},"image":{"@id":"https:\/\/www.olympia-charters.nl\/nl\/#\/schema\/logo\/image\/"},"sameAs":["https:\/\/www.facebook.com\/OlympiaCharters","https:\/\/x.com\/OlympiaCharters"]}]}},"_links":{"self":[{"href":"https:\/\/www.olympia-charters.nl\/de\/wp-json\/wp\/v2\/pages\/3883","targetHints":{"allow":["GET"]}}],"collection":[{"href":"https:\/\/www.olympia-charters.nl\/de\/wp-json\/wp\/v2\/pages"}],"about":[{"href":"https:\/\/www.olympia-charters.nl\/de\/wp-json\/wp\/v2\/types\/page"}],"author":[{"embeddable":true,"href":"https:\/\/www.olympia-charters.nl\/de\/wp-json\/wp\/v2\/users\/12"}],"replies":[{"embeddable":true,"href":"https:\/\/www.olympia-charters.nl\/de\/wp-json\/wp\/v2\/comments?post=3883"}],"version-history":[{"count":19,"href":"https:\/\/www.olympia-charters.nl\/de\/wp-json\/wp\/v2\/pages\/3883\/revisions"}],"predecessor-version":[{"id":4803,"href":"https:\/\/www.olympia-charters.nl\/de\/wp-json\/wp\/v2\/pages\/3883\/revisions\/4803"}],"wp:attachment":[{"href":"https:\/\/www.olympia-charters.nl\/de\/wp-json\/wp\/v2\/media?parent=3883"}],"curies":[{"name":"wp","href":"https:\/\/api.w.org\/{rel}","templated":true}]}}