{"id":3444,"date":"2017-02-15T11:26:52","date_gmt":"2017-02-15T10:26:52","guid":{"rendered":"https:\/\/www.olympia-charters.nl\/?page_id=3444\/"},"modified":"2026-01-29T13:48:01","modified_gmt":"2026-01-29T12:48:01","slug":"route-7","status":"publish","type":"page","link":"https:\/\/www.olympia-charters.nl\/de\/yachtvermietung\/fahrgebiet-routen\/route-7\/","title":{"rendered":"Route 7 Woche"},"content":{"rendered":"<div class='clear'><\/div><div id='sub_menu1'  class='av-submenu-container av-av_submenu-6bc2f7774824d3c4abb3a42103db5eab header_color  avia-builder-el-0  el_before_av_hr  avia-builder-el-first  av-sticky-submenu container_wrap fullsize' style='z-index:301' ><div class='container av-menu-mobile-disabled av-submenu-pos-center'><ul id='av-custom-submenu-1' class='av-subnav-menu'>\n<li class='menu-item av-av_submenu_item-a20fe201079b36bfe4921712b024312b menu-item-top-level menu-item-top-level-1'><a href='https:\/\/www.olympia-charters.nl\/de\/yachtvermietung\/fahrgebiet-routen\/route-1\/' ><span class='avia-bullet'><\/span><span class='avia-menu-text'>Route 1<br \/>\nWochende<\/span><\/a><\/li>\n<li class='menu-item av-av_submenu_item-80dc31bc0468f46d9aae11c1a9d5ef71 menu-item-top-level menu-item-top-level-2'><a href='https:\/\/www.olympia-charters.nl\/de\/yachtvermietung\/fahrgebiet-routen\/route-2\/' ><span class='avia-bullet'><\/span><span class='avia-menu-text'>Route 2<br \/>\nWochende<\/span><\/a><\/li>\n<li class='menu-item av-av_submenu_item-c739df737af3e0af0d39d900ec78b48f menu-item-top-level menu-item-top-level-3'><a href='https:\/\/www.olympia-charters.nl\/de\/yachtvermietung\/fahrgebiet-routen\/route-3\/' ><span class='avia-bullet'><\/span><span class='avia-menu-text'>Route 3<br \/>\nWochende<\/span><\/a><\/li>\n<li class='menu-item av-av_submenu_item-249596e1ed80dbcbbd25dc4cdcc86b11 menu-item-top-level menu-item-top-level-4'><a href='https:\/\/www.olympia-charters.nl\/de\/yachtvermietung\/fahrgebiet-routen\/route-4\/' ><span class='avia-bullet'><\/span><span class='avia-menu-text'>Route 4<br \/>\nMo bis Fr<\/span><\/a><\/li>\n<li class='menu-item av-av_submenu_item-32d67b4a76fd61e30e48ffd78e7acd83 menu-item-top-level menu-item-top-level-5'><a href='https:\/\/www.olympia-charters.nl\/de\/yachtvermietung\/fahrgebiet-routen\/route-5\/' ><span class='avia-bullet'><\/span><span class='avia-menu-text'>Route 5<br \/>\nMo bis Fr<\/span><\/a><\/li>\n<li class='menu-item av-av_submenu_item-47004112aec4f634ba6f8c9bfffa8e4c menu-item-top-level menu-item-top-level-6'><a href='https:\/\/www.olympia-charters.nl\/de\/yachtvermietung\/fahrgebiet-routen\/route-6\/' ><span class='avia-bullet'><\/span><span class='avia-menu-text'>Route 6<br \/>\nWoche<\/span><\/a><\/li>\n<li class='menu-item av-av_submenu_item-673a951cdf46e260a8b6a55155790950 menu-item-top-level menu-item-top-level-7'><a href='https:\/\/www.olympia-charters.nl\/de\/yachtvermietung\/fahrgebiet-routen\/route-7\/' ><span class='avia-bullet'><\/span><span class='avia-menu-text'>Route 7<br \/>\nWoche<\/span><\/a><\/li>\n<li class='menu-item av-av_submenu_item-3d2602338af8a05464de40bb371f929d menu-item-top-level menu-item-top-level-8'><a href='https:\/\/www.olympia-charters.nl\/de\/yachtvermietung\/fahrgebiet-routen\/route-8\/' ><span class='avia-bullet'><\/span><span class='avia-menu-text'>Route 8<br \/>\nWoche<\/span><\/a><\/li>\n<\/ul><\/div><\/div><div class='sticky_placeholder'><\/div><div id='after_submenu_1'  class='main_color av_default_container_wrap container_wrap fullsize'  ><div class='container av-section-cont-open' ><div class='template-page content  av-content-full alpha units'><div class='post-entry post-entry-type-page post-entry-3444'><div class='entry-content-wrapper clearfix'>\n\n<style type=\"text\/css\" data-created_by=\"avia_inline_auto\" id=\"style-css-av-av_hr-cc44375ea08a1f520bd6245588de9a04\">\n#top .hr.hr-invisible.av-av_hr-cc44375ea08a1f520bd6245588de9a04{\nheight:30px;\n}\n<\/style>\n<div  class='hr av-av_hr-cc44375ea08a1f520bd6245588de9a04 hr-invisible  avia-builder-el-1  el_after_av_submenu  el_before_av_section  avia-builder-el-no-sibling '><span class='hr-inner '><span class=\"hr-inner-style\"><\/span><\/span><\/div>\n<\/div><\/div><\/div><!-- close content main div --><\/div><\/div><div id='av_section_1'  class='avia-section av-av_section-d18d8c2c81d10022ebd21ffa95322c35 main_color avia-section-default avia-no-shadow  avia-builder-el-2  el_after_av_hr  el_before_av_section  avia-bg-style-scroll container_wrap fullsize'  ><div class='container av-section-cont-open' ><div class='template-page content  av-content-full alpha units'><div class='post-entry post-entry-type-page post-entry-3444'><div class='entry-content-wrapper clearfix'>\n<section  class='av_textblock_section av-av_textblock-35972167d9f102c5ddaec0c531c98b9e'  itemscope=\"itemscope\" itemtype=\"https:\/\/schema.org\/CreativeWork\" ><div class='avia_textblock'  itemprop=\"text\" ><div id=\"wizz_vaarroutes\">\n\t<div id=\"map\" style=\"width: 900px; height: 500px;\"><\/div>\n\n\t<script type=\"text\/javascript\">\n\n\t\t\tfunction initMap(){\n\t\t\t\tvar map = new google.maps.Map(document.getElementById('map'), {\n\t\t\t\t\tzoom: 10,\n\t\t\t\t\tcenter: {lat: 52.1469, lng: 5.4821},\n\t\t\t\t\tmapTypeId: google.maps.MapTypeId.ROADMAP\n\t\t\t\t});\n\n\t\t\t\tvar route1 = new google.maps.KmlLayer({\n\t\t\t\t\turl: \"http:\/\/www.olympia-charters.nl\/wp-content\/plugins\/wizz-vaarroutes\/res\/kml\/route11.kml?r=73974604\",\n\t\t\t\t\tmap: map\n\t\t\t\t});\n\t\t}\n\t<\/script>\n\t<script async defer src=\"https:\/\/maps.googleapis.com\/maps\/api\/js?key=AIzaSyDMx0pRAqLXw237gsVye5qmZTvf7BdVhEQ&callback=initMap\"><\/script>\n<\/div>\n<\/div><\/section>\n\n<\/div><\/div><\/div><!-- close content main div --><\/div><\/div><div id='av_section_2'  class='avia-section av-av_section-d18d8c2c81d10022ebd21ffa95322c35 main_color avia-section-default avia-no-shadow  avia-builder-el-4  el_after_av_section  avia-builder-el-last  avia-bg-style-scroll container_wrap fullsize'  ><div class='container av-section-cont-open' ><div class='template-page content  av-content-full alpha units'><div class='post-entry post-entry-type-page post-entry-3444'><div class='entry-content-wrapper clearfix'>\n<section  class='av_textblock_section av-mkzg8fmw-0e642fbb5a1882c87ec83298eab67a8a'  itemscope=\"itemscope\" itemtype=\"https:\/\/schema.org\/CreativeWork\" ><div class='avia_textblock'  itemprop=\"text\" ><h2 style=\"text-align: center;\"><span style=\"color: #e32028;\">Route 7:<br \/>\n<\/span><\/h2>\n<p>Unsere Wochenrouten k\u00f6nnen montags und freitags beginnen.<\/p>\n<p><strong>Tag 1:<\/strong><br \/>\nIhre Reise beginnt im Heimathafen von Olympia Charters in Warmond. Von hier aus fahren Sie \u00fcber die Kagerplassen und den Ringvaart vorbei an Lisse und Hillgom nach Haarlem. In der Altstadt von Haarlem k\u00f6nnen Sie \u00fcbernachten. An diesem Tag fahren Sie etwa 3 Stunden.<\/p>\n<p><strong>Tag 2:<\/strong><br \/>\nVom Zentrum von Haarlem aus fahren Sie in Richtung der Schleuse bei Spaarndam, um dann \u00fcber den Nordseekanal durch Amsterdam in Richtung Weespertrekvaart zu fahren. \u00dcber die Weespertrekvaart fahren Sie nach Muiden. An diesem Tag fahren Sie etwa 5 Stunden.<\/p>\n<p><strong>Tag 3:<\/strong><br \/>\nVon Muiden aus fahren Sie die Vecht hinunter in Richtung Zentrum von Utrecht. Im Zentrum von Utrecht k\u00f6nnen Sie \u00fcbernachten. An diesem Tag fahren Sie etwa 5 Stunden.<\/p>\n<p><strong>Tag 4:<\/strong><br \/>\nVon Utrecht aus fahren Sie die Hollandse IJssel hinunter in Richtung Gouda.<\/p>\n<p><strong>Tag 5:<\/strong><br \/>\nVon Gouda aus fahren Sie \u00fcber die Gouwe nach Alphen a\/d Rijn und anschlie\u00dfend \u00fcber die Oude Rijn nach Leiden. Sie \u00fcbernachten im Hafen von Leiden.<\/p>\n<p><strong>Tag 6:<\/strong><br \/>\nWenn Sie den Hafen von Leiden verlassen, fahren Sie \u00fcber den Oude Rijn zur\u00fcck, um Leiden herum nach Katwijk, wo Sie anlegen und sich am Strand erholen k\u00f6nnen. Sie k\u00f6nnen nur 5 Gehminuten vom Strand entfernt anlegen. Sie k\u00f6nnen in Katwijk oder im Heimathafen von Olympia Charters in Warmond \u00fcbernachten. An diesem Tag fahren Sie etwa 4 Stunden.<\/p>\n<p><strong>Tag 7:<\/strong><br \/>\nR\u00fcckgabe des Bootes um 9:00 Uhr in Warmond.<\/p>\n<\/div><\/section>\n\n","protected":false},"excerpt":{"rendered":"","protected":false},"author":11,"featured_media":0,"parent":175,"menu_order":0,"comment_status":"closed","ping_status":"closed","template":"","meta":{"footnotes":""},"class_list":["post-3444","page","type-page","status-publish","hentry"],"yoast_head":"<!-- This site is optimized with the Yoast SEO plugin v27.5 - https:\/\/yoast.com\/product\/yoast-seo-wordpress\/ -->\n<title>Route 7 Woche - Olympia Charters<\/title>\n<meta name=\"robots\" content=\"index, follow, max-snippet:-1, max-image-preview:large, max-video-preview:-1\" \/>\n<link rel=\"canonical\" href=\"https:\/\/www.olympia-charters.nl\/de\/yachtvermietung\/fahrgebiet-routen\/route-7\/\" \/>\n<meta property=\"og:locale\" content=\"de_DE\" \/>\n<meta property=\"og:type\" content=\"article\" \/>\n<meta property=\"og:title\" content=\"Route 7 Woche - Olympia Charters\" \/>\n<meta property=\"og:url\" content=\"https:\/\/www.olympia-charters.nl\/de\/yachtvermietung\/fahrgebiet-routen\/route-7\/\" \/>\n<meta property=\"og:site_name\" content=\"Olympia Charters\" \/>\n<meta property=\"article:publisher\" content=\"https:\/\/www.facebook.com\/OlympiaCharters\" \/>\n<meta property=\"article:modified_time\" content=\"2026-01-29T12:48:01+00:00\" \/>\n<meta name=\"twitter:label1\" content=\"Gesch\u00e4tzte Lesezeit\" \/>\n\t<meta name=\"twitter:data1\" content=\"2\u00a0Minuten\" \/>\n<script type=\"application\/ld+json\" class=\"yoast-schema-graph\">{\"@context\":\"https:\\\/\\\/schema.org\",\"@graph\":[{\"@type\":\"WebPage\",\"@id\":\"https:\\\/\\\/www.olympia-charters.nl\\\/de\\\/yachtvermietung\\\/fahrgebiet-routen\\\/route-7\\\/\",\"url\":\"https:\\\/\\\/www.olympia-charters.nl\\\/de\\\/yachtvermietung\\\/fahrgebiet-routen\\\/route-7\\\/\",\"name\":\"Route 7 Woche - Olympia Charters\",\"isPartOf\":{\"@id\":\"https:\\\/\\\/www.olympia-charters.nl\\\/nl\\\/#website\"},\"datePublished\":\"2017-02-15T10:26:52+00:00\",\"dateModified\":\"2026-01-29T12:48:01+00:00\",\"breadcrumb\":{\"@id\":\"https:\\\/\\\/www.olympia-charters.nl\\\/de\\\/yachtvermietung\\\/fahrgebiet-routen\\\/route-7\\\/#breadcrumb\"},\"inLanguage\":\"de\",\"potentialAction\":[{\"@type\":\"ReadAction\",\"target\":[\"https:\\\/\\\/www.olympia-charters.nl\\\/de\\\/yachtvermietung\\\/fahrgebiet-routen\\\/route-7\\\/\"]}]},{\"@type\":\"BreadcrumbList\",\"@id\":\"https:\\\/\\\/www.olympia-charters.nl\\\/de\\\/yachtvermietung\\\/fahrgebiet-routen\\\/route-7\\\/#breadcrumb\",\"itemListElement\":[{\"@type\":\"ListItem\",\"position\":1,\"name\":\"Home\",\"item\":\"https:\\\/\\\/www.olympia-charters.nl\\\/de\\\/\"},{\"@type\":\"ListItem\",\"position\":2,\"name\":\"Yachtvermietung\",\"item\":\"https:\\\/\\\/www.olympia-charters.nl\\\/de\\\/yachtvermietung\\\/\"},{\"@type\":\"ListItem\",\"position\":3,\"name\":\"Routen\",\"item\":\"https:\\\/\\\/www.olympia-charters.nl\\\/de\\\/yachtvermietung\\\/fahrgebiet-routen\\\/\"},{\"@type\":\"ListItem\",\"position\":4,\"name\":\"Route 7 Woche\"}]},{\"@type\":\"WebSite\",\"@id\":\"https:\\\/\\\/www.olympia-charters.nl\\\/nl\\\/#website\",\"url\":\"https:\\\/\\\/www.olympia-charters.nl\\\/nl\\\/\",\"name\":\"Olympia Charters\",\"description\":\"Verhuur van Motorjachten en Sloepen in Nederland\",\"publisher\":{\"@id\":\"https:\\\/\\\/www.olympia-charters.nl\\\/nl\\\/#organization\"},\"potentialAction\":[{\"@type\":\"SearchAction\",\"target\":{\"@type\":\"EntryPoint\",\"urlTemplate\":\"https:\\\/\\\/www.olympia-charters.nl\\\/nl\\\/?s={search_term_string}\"},\"query-input\":{\"@type\":\"PropertyValueSpecification\",\"valueRequired\":true,\"valueName\":\"search_term_string\"}}],\"inLanguage\":\"de\"},{\"@type\":\"Organization\",\"@id\":\"https:\\\/\\\/www.olympia-charters.nl\\\/nl\\\/#organization\",\"name\":\"Olympia Charters\",\"url\":\"https:\\\/\\\/www.olympia-charters.nl\\\/nl\\\/\",\"logo\":{\"@type\":\"ImageObject\",\"inLanguage\":\"de\",\"@id\":\"https:\\\/\\\/www.olympia-charters.nl\\\/nl\\\/#\\\/schema\\\/logo\\\/image\\\/\",\"url\":\"https:\\\/\\\/www.olympia-charters.nl\\\/wp-content\\\/uploads\\\/2009\\\/10\\\/logo-square.jpg\",\"contentUrl\":\"https:\\\/\\\/www.olympia-charters.nl\\\/wp-content\\\/uploads\\\/2009\\\/10\\\/logo-square.jpg\",\"width\":180,\"height\":180,\"caption\":\"Olympia Charters\"},\"image\":{\"@id\":\"https:\\\/\\\/www.olympia-charters.nl\\\/nl\\\/#\\\/schema\\\/logo\\\/image\\\/\"},\"sameAs\":[\"https:\\\/\\\/www.facebook.com\\\/OlympiaCharters\",\"https:\\\/\\\/x.com\\\/OlympiaCharters\"]}]}<\/script>\n<!-- \/ Yoast SEO plugin. -->","yoast_head_json":{"title":"Route 7 Woche - Olympia Charters","robots":{"index":"index","follow":"follow","max-snippet":"max-snippet:-1","max-image-preview":"max-image-preview:large","max-video-preview":"max-video-preview:-1"},"canonical":"https:\/\/www.olympia-charters.nl\/de\/yachtvermietung\/fahrgebiet-routen\/route-7\/","og_locale":"de_DE","og_type":"article","og_title":"Route 7 Woche - Olympia Charters","og_url":"https:\/\/www.olympia-charters.nl\/de\/yachtvermietung\/fahrgebiet-routen\/route-7\/","og_site_name":"Olympia Charters","article_publisher":"https:\/\/www.facebook.com\/OlympiaCharters","article_modified_time":"2026-01-29T12:48:01+00:00","twitter_misc":{"Gesch\u00e4tzte Lesezeit":"2\u00a0Minuten"},"schema":{"@context":"https:\/\/schema.org","@graph":[{"@type":"WebPage","@id":"https:\/\/www.olympia-charters.nl\/de\/yachtvermietung\/fahrgebiet-routen\/route-7\/","url":"https:\/\/www.olympia-charters.nl\/de\/yachtvermietung\/fahrgebiet-routen\/route-7\/","name":"Route 7 Woche - Olympia Charters","isPartOf":{"@id":"https:\/\/www.olympia-charters.nl\/nl\/#website"},"datePublished":"2017-02-15T10:26:52+00:00","dateModified":"2026-01-29T12:48:01+00:00","breadcrumb":{"@id":"https:\/\/www.olympia-charters.nl\/de\/yachtvermietung\/fahrgebiet-routen\/route-7\/#breadcrumb"},"inLanguage":"de","potentialAction":[{"@type":"ReadAction","target":["https:\/\/www.olympia-charters.nl\/de\/yachtvermietung\/fahrgebiet-routen\/route-7\/"]}]},{"@type":"BreadcrumbList","@id":"https:\/\/www.olympia-charters.nl\/de\/yachtvermietung\/fahrgebiet-routen\/route-7\/#breadcrumb","itemListElement":[{"@type":"ListItem","position":1,"name":"Home","item":"https:\/\/www.olympia-charters.nl\/de\/"},{"@type":"ListItem","position":2,"name":"Yachtvermietung","item":"https:\/\/www.olympia-charters.nl\/de\/yachtvermietung\/"},{"@type":"ListItem","position":3,"name":"Routen","item":"https:\/\/www.olympia-charters.nl\/de\/yachtvermietung\/fahrgebiet-routen\/"},{"@type":"ListItem","position":4,"name":"Route 7 Woche"}]},{"@type":"WebSite","@id":"https:\/\/www.olympia-charters.nl\/nl\/#website","url":"https:\/\/www.olympia-charters.nl\/nl\/","name":"Olympia Charters","description":"Verhuur van Motorjachten en Sloepen in Nederland","publisher":{"@id":"https:\/\/www.olympia-charters.nl\/nl\/#organization"},"potentialAction":[{"@type":"SearchAction","target":{"@type":"EntryPoint","urlTemplate":"https:\/\/www.olympia-charters.nl\/nl\/?s={search_term_string}"},"query-input":{"@type":"PropertyValueSpecification","valueRequired":true,"valueName":"search_term_string"}}],"inLanguage":"de"},{"@type":"Organization","@id":"https:\/\/www.olympia-charters.nl\/nl\/#organization","name":"Olympia Charters","url":"https:\/\/www.olympia-charters.nl\/nl\/","logo":{"@type":"ImageObject","inLanguage":"de","@id":"https:\/\/www.olympia-charters.nl\/nl\/#\/schema\/logo\/image\/","url":"https:\/\/www.olympia-charters.nl\/wp-content\/uploads\/2009\/10\/logo-square.jpg","contentUrl":"https:\/\/www.olympia-charters.nl\/wp-content\/uploads\/2009\/10\/logo-square.jpg","width":180,"height":180,"caption":"Olympia Charters"},"image":{"@id":"https:\/\/www.olympia-charters.nl\/nl\/#\/schema\/logo\/image\/"},"sameAs":["https:\/\/www.facebook.com\/OlympiaCharters","https:\/\/x.com\/OlympiaCharters"]}]}},"_links":{"self":[{"href":"https:\/\/www.olympia-charters.nl\/de\/wp-json\/wp\/v2\/pages\/3444","targetHints":{"allow":["GET"]}}],"collection":[{"href":"https:\/\/www.olympia-charters.nl\/de\/wp-json\/wp\/v2\/pages"}],"about":[{"href":"https:\/\/www.olympia-charters.nl\/de\/wp-json\/wp\/v2\/types\/page"}],"author":[{"embeddable":true,"href":"https:\/\/www.olympia-charters.nl\/de\/wp-json\/wp\/v2\/users\/11"}],"replies":[{"embeddable":true,"href":"https:\/\/www.olympia-charters.nl\/de\/wp-json\/wp\/v2\/comments?post=3444"}],"version-history":[{"count":9,"href":"https:\/\/www.olympia-charters.nl\/de\/wp-json\/wp\/v2\/pages\/3444\/revisions"}],"predecessor-version":[{"id":5031,"href":"https:\/\/www.olympia-charters.nl\/de\/wp-json\/wp\/v2\/pages\/3444\/revisions\/5031"}],"up":[{"embeddable":true,"href":"https:\/\/www.olympia-charters.nl\/de\/wp-json\/wp\/v2\/pages\/175"}],"wp:attachment":[{"href":"https:\/\/www.olympia-charters.nl\/de\/wp-json\/wp\/v2\/media?parent=3444"}],"curies":[{"name":"wp","href":"https:\/\/api.w.org\/{rel}","templated":true}]}}