{"id":3431,"date":"2017-02-15T11:16:17","date_gmt":"2017-02-15T10:16:17","guid":{"rendered":"https:\/\/www.olympia-charters.nl\/?page_id=3431\/"},"modified":"2022-06-30T09:53:25","modified_gmt":"2022-06-30T07:53:25","slug":"route-5","status":"publish","type":"page","link":"https:\/\/www.olympia-charters.nl\/de\/yachtvermietung\/fahrgebiet-routen\/route-5\/","title":{"rendered":"Route 5 Montag bis Freitag"},"content":{"rendered":"<div class='clear'><\/div><div id='sub_menu1'  class='av-submenu-container av-av_submenu-6bc2f7774824d3c4abb3a42103db5eab header_color  avia-builder-el-0  el_before_av_hr  avia-builder-el-first  av-sticky-submenu container_wrap fullsize' style='z-index:301' ><div class='container av-menu-mobile-disabled av-submenu-pos-center'><ul id='av-custom-submenu-1' class='av-subnav-menu'>\n<li class='menu-item av-av_submenu_item-a20fe201079b36bfe4921712b024312b menu-item-top-level menu-item-top-level-1'><a href='https:\/\/www.olympia-charters.nl\/de\/yachtvermietung\/fahrgebiet-routen\/route-1\/' ><span class='avia-bullet'><\/span><span class='avia-menu-text'>Route 1<br \/>\nWochende<\/span><\/a><\/li>\n<li class='menu-item av-av_submenu_item-80dc31bc0468f46d9aae11c1a9d5ef71 menu-item-top-level menu-item-top-level-2'><a href='https:\/\/www.olympia-charters.nl\/de\/yachtvermietung\/fahrgebiet-routen\/route-2\/' ><span class='avia-bullet'><\/span><span class='avia-menu-text'>Route 2<br \/>\nWochende<\/span><\/a><\/li>\n<li class='menu-item av-av_submenu_item-c739df737af3e0af0d39d900ec78b48f menu-item-top-level menu-item-top-level-3'><a href='https:\/\/www.olympia-charters.nl\/de\/yachtvermietung\/fahrgebiet-routen\/route-3\/' ><span class='avia-bullet'><\/span><span class='avia-menu-text'>Route 3<br \/>\nWochende<\/span><\/a><\/li>\n<li class='menu-item av-av_submenu_item-249596e1ed80dbcbbd25dc4cdcc86b11 menu-item-top-level menu-item-top-level-4'><a href='https:\/\/www.olympia-charters.nl\/de\/yachtvermietung\/fahrgebiet-routen\/route-4\/' ><span class='avia-bullet'><\/span><span class='avia-menu-text'>Route 4<br \/>\nMo bis Fr<\/span><\/a><\/li>\n<li class='menu-item av-av_submenu_item-32d67b4a76fd61e30e48ffd78e7acd83 menu-item-top-level menu-item-top-level-5'><a href='https:\/\/www.olympia-charters.nl\/de\/yachtvermietung\/fahrgebiet-routen\/route-5\/' ><span class='avia-bullet'><\/span><span class='avia-menu-text'>Route 5<br \/>\nMo bis Fr<\/span><\/a><\/li>\n<li class='menu-item av-av_submenu_item-47004112aec4f634ba6f8c9bfffa8e4c menu-item-top-level menu-item-top-level-6'><a href='https:\/\/www.olympia-charters.nl\/de\/yachtvermietung\/fahrgebiet-routen\/route-6\/' ><span class='avia-bullet'><\/span><span class='avia-menu-text'>Route 6<br \/>\nWoche<\/span><\/a><\/li>\n<li class='menu-item av-av_submenu_item-673a951cdf46e260a8b6a55155790950 menu-item-top-level menu-item-top-level-7'><a href='https:\/\/www.olympia-charters.nl\/de\/yachtvermietung\/fahrgebiet-routen\/route-7\/' ><span class='avia-bullet'><\/span><span class='avia-menu-text'>Route 7<br \/>\nWoche<\/span><\/a><\/li>\n<li class='menu-item av-av_submenu_item-3d2602338af8a05464de40bb371f929d menu-item-top-level menu-item-top-level-8'><a href='https:\/\/www.olympia-charters.nl\/de\/yachtvermietung\/fahrgebiet-routen\/route-8\/' ><span class='avia-bullet'><\/span><span class='avia-menu-text'>Route 8<br \/>\nWoche<\/span><\/a><\/li>\n<\/ul><\/div><\/div><div class='sticky_placeholder'><\/div><div id='after_submenu_1'  class='main_color av_default_container_wrap container_wrap fullsize'  ><div class='container av-section-cont-open' ><div class='template-page content  av-content-full alpha units'><div class='post-entry post-entry-type-page post-entry-3431'><div class='entry-content-wrapper clearfix'>\n\n<style type=\"text\/css\" data-created_by=\"avia_inline_auto\" id=\"style-css-av-av_hr-628bae4eb3a56ca031c9e383e206c95c\">\n#top .hr.hr-invisible.av-av_hr-628bae4eb3a56ca031c9e383e206c95c{\nheight:20px;\n}\n<\/style>\n<div  class='hr av-av_hr-628bae4eb3a56ca031c9e383e206c95c hr-invisible  avia-builder-el-1  el_after_av_submenu  el_before_av_section  avia-builder-el-no-sibling '><span class='hr-inner '><span class=\"hr-inner-style\"><\/span><\/span><\/div>\n<\/div><\/div><\/div><!-- close content main div --><\/div><\/div><div id='av_section_1'  class='avia-section av-av_section-d18d8c2c81d10022ebd21ffa95322c35 main_color avia-section-default avia-no-shadow  avia-builder-el-2  el_after_av_hr  el_before_av_section  avia-bg-style-scroll container_wrap fullsize'  ><div class='container av-section-cont-open' ><div class='template-page content  av-content-full alpha units'><div class='post-entry post-entry-type-page post-entry-3431'><div class='entry-content-wrapper clearfix'>\n<section  class='av_textblock_section av-av_textblock-35972167d9f102c5ddaec0c531c98b9e'  itemscope=\"itemscope\" itemtype=\"https:\/\/schema.org\/CreativeWork\" ><div class='avia_textblock'  itemprop=\"text\" ><div id=\"wizz_vaarroutes\">\n\t<div id=\"map\" style=\"width: 900px; height: 500px;\"><\/div>\n\n\t<script type=\"text\/javascript\">\n\n\t\t\tfunction initMap(){\n\t\t\t\tvar map = new google.maps.Map(document.getElementById('map'), {\n\t\t\t\t\tzoom: 10,\n\t\t\t\t\tcenter: {lat: 52.1469, lng: 5.4821},\n\t\t\t\t\tmapTypeId: google.maps.MapTypeId.ROADMAP\n\t\t\t\t});\n\n\t\t\t\tvar route1 = new google.maps.KmlLayer({\n\t\t\t\t\turl: \"http:\/\/www.olympia-charters.nl\/wp-content\/plugins\/wizz-vaarroutes\/res\/kml\/route9.kml?r=18270287\",\n\t\t\t\t\tmap: map\n\t\t\t\t});\n\t\t}\n\t<\/script>\n\t<script async defer src=\"https:\/\/maps.googleapis.com\/maps\/api\/js?key=AIzaSyDMx0pRAqLXw237gsVye5qmZTvf7BdVhEQ&callback=initMap\"><\/script>\n<\/div>\n<\/div><\/section>\n\n<\/div><\/div><\/div><!-- close content main div --><\/div><\/div><div id='av_section_2'  class='avia-section av-av_section-d18d8c2c81d10022ebd21ffa95322c35 main_color avia-section-default avia-no-shadow  avia-builder-el-4  el_after_av_section  avia-builder-el-last  avia-bg-style-scroll container_wrap fullsize'  ><div class='container av-section-cont-open' ><div class='template-page content  av-content-full alpha units'><div class='post-entry post-entry-type-page post-entry-3431'><div class='entry-content-wrapper clearfix'>\n<section  class='av_textblock_section av-av_textblock-35972167d9f102c5ddaec0c531c98b9e'  itemscope=\"itemscope\" itemtype=\"https:\/\/schema.org\/CreativeWork\" ><div class='avia_textblock'  itemprop=\"text\" ><h2 style=\"text-align: center;\"><span style=\"color: #e32028;\">FAHRTROUTE 5:<br \/>\n<\/span><\/h2>\n<h4 style=\"text-align: center;\"><span style=\"color: #ff0000;\"><em>Warmond- Haarlem \u2013 Alkmaar \u2013 Zaandam \u2013 Amsterdam \u2013 Westeinderplassen \u00a0\u2013 Kagerplassen<\/em><\/span><\/h4>\n<p><strong>ROUTE 5 MONTAG bis FREITAG<br \/>\n<\/strong><\/p>\n<p><strong>Montag:<br \/>\n<\/strong>Ihre Reise f\u00e4ngt an in Warmond und Sie \u00fcbernachten auf die Kagerplassen.<br \/>\n<em>Heute ist ungef\u00e4hr 1 Stunde fahren.<\/em><\/p>\n<p><strong>Dienstag:<br \/>\n<\/strong>Sie fahren weiter \u00fcber dem Kagerplassen \u00fcber die Ringvaart van de Haarlemmermeerpolder im Richtung von Haarlem nach Spaarndam hier \u00fcbernachten Sie.<strong><br \/>\n<\/strong><em>Heute ist ungef\u00e4hr 5 Stunde fahren.<\/em><\/p>\n<p><strong>Mittwoch:<br \/>\n<\/strong>Von Spaarndam aus \u00fcberqueren Sie das Noordzeekanaal nach die Nauernase Vaart nach Alkmaardermeer un Alkmaar und zur\u00fcck nach Krommenie.<br \/>\n<em>Heute ist ungef\u00e4hr 6 Stunde fahren.<\/em><\/p>\n<p><strong>Donnerstag:<br \/>\n<\/strong>Von Krommenie aus fahren Sie Richtung Zaandam Sie uberqueren wieder das Noordzeekanaal und fahren nach dem Kostverlorenvaart in Amsterdam zum<br \/>\nNieuwe Meer. Nachdem Nieuwe Meer geht es auf die Ringvaart zum\u00a0 Westeinderplassen, und nachher zum Kagerplassen oder Warmond.<br \/>\n<em>Heute ist ungef\u00e4hr 7 Stunde fahren.<\/em><\/p>\n<p><strong>Freitag:<br \/>\n<\/strong>Boots\u00fcbergabe um 9.00 Uhr.<\/p>\n<blockquote>\n<p><strong>TIP 1:<br \/>\n<\/strong>Die erste Abend kann man \u00fcbernachten\u00a0 auf die Seenplatte bei ein der sch\u00f6ne Inseln. Hier k\u00f6nnen Sie im ruhe Grillen. Unsere Mitarbeiter machen Ihnen gerne auf die Wasserkarte deutlich wie man solche Stellen zur\u00fcck findet auf die Seekarte.<\/p>\n<p><strong>TIP 2:<br \/>\n<\/strong>Neben dem abwechslungsreichen Programm in Museen und Konzerts\u00e4len gibt es in Haarlem gr\u00f6\u00dfere und kleinere j\u00e4hrlich wiederkehrende Veranstaltungen wie das Blumenwochenende, das Befreiungsfestival, Haarlem Culinair Festival, Haarlem Jazz &amp; More f\u00fcr mehr info schauen Sie auf: <a href=\"http:\/\/www.haarlemmarketing.de\">www.haarlemmarketing.de<\/a><\/p>\n<p><strong>TIP 3:<br \/>\n<\/strong>Falls Sie die letzte Abend in unsere Hafen \u00fcbernachten k\u00f6nnen Sie selbstverst\u00e4ndlich die Toiletten und Dusche auf unsere Gel\u00e4nde verwende. Bei uns auf der Industriegel\u00e4nde gibt es die Tennishalle wo Sie abends gut essen k\u00f6nnen oder laufen nach das Zentrum von Warmond f\u00fcr das Wapen van Warmond.<\/p>\n<\/blockquote>\n<\/div><\/section>\n\n","protected":false},"excerpt":{"rendered":"","protected":false},"author":11,"featured_media":0,"parent":175,"menu_order":0,"comment_status":"closed","ping_status":"closed","template":"","meta":{"footnotes":""},"class_list":["post-3431","page","type-page","status-publish","hentry"],"yoast_head":"<!-- This site is optimized with the Yoast SEO plugin v27.5 - https:\/\/yoast.com\/product\/yoast-seo-wordpress\/ -->\n<title>Route 5 Montag bis Freitag - Olympia Charters<\/title>\n<meta name=\"robots\" content=\"index, follow, max-snippet:-1, max-image-preview:large, max-video-preview:-1\" \/>\n<link rel=\"canonical\" href=\"https:\/\/www.olympia-charters.nl\/de\/yachtvermietung\/fahrgebiet-routen\/route-5\/\" \/>\n<meta property=\"og:locale\" content=\"de_DE\" \/>\n<meta property=\"og:type\" content=\"article\" \/>\n<meta property=\"og:title\" content=\"Route 5 Montag bis Freitag - Olympia Charters\" \/>\n<meta property=\"og:url\" content=\"https:\/\/www.olympia-charters.nl\/de\/yachtvermietung\/fahrgebiet-routen\/route-5\/\" \/>\n<meta property=\"og:site_name\" content=\"Olympia Charters\" \/>\n<meta property=\"article:publisher\" content=\"https:\/\/www.facebook.com\/OlympiaCharters\" \/>\n<meta property=\"article:modified_time\" content=\"2022-06-30T07:53:25+00:00\" \/>\n<meta name=\"twitter:label1\" content=\"Gesch\u00e4tzte Lesezeit\" \/>\n\t<meta name=\"twitter:data1\" content=\"3\u00a0Minuten\" \/>\n<script type=\"application\/ld+json\" class=\"yoast-schema-graph\">{\"@context\":\"https:\\\/\\\/schema.org\",\"@graph\":[{\"@type\":\"WebPage\",\"@id\":\"https:\\\/\\\/www.olympia-charters.nl\\\/de\\\/yachtvermietung\\\/fahrgebiet-routen\\\/route-5\\\/\",\"url\":\"https:\\\/\\\/www.olympia-charters.nl\\\/de\\\/yachtvermietung\\\/fahrgebiet-routen\\\/route-5\\\/\",\"name\":\"Route 5 Montag bis Freitag - Olympia Charters\",\"isPartOf\":{\"@id\":\"https:\\\/\\\/www.olympia-charters.nl\\\/nl\\\/#website\"},\"datePublished\":\"2017-02-15T10:16:17+00:00\",\"dateModified\":\"2022-06-30T07:53:25+00:00\",\"breadcrumb\":{\"@id\":\"https:\\\/\\\/www.olympia-charters.nl\\\/de\\\/yachtvermietung\\\/fahrgebiet-routen\\\/route-5\\\/#breadcrumb\"},\"inLanguage\":\"de\",\"potentialAction\":[{\"@type\":\"ReadAction\",\"target\":[\"https:\\\/\\\/www.olympia-charters.nl\\\/de\\\/yachtvermietung\\\/fahrgebiet-routen\\\/route-5\\\/\"]}]},{\"@type\":\"BreadcrumbList\",\"@id\":\"https:\\\/\\\/www.olympia-charters.nl\\\/de\\\/yachtvermietung\\\/fahrgebiet-routen\\\/route-5\\\/#breadcrumb\",\"itemListElement\":[{\"@type\":\"ListItem\",\"position\":1,\"name\":\"Home\",\"item\":\"https:\\\/\\\/www.olympia-charters.nl\\\/de\\\/\"},{\"@type\":\"ListItem\",\"position\":2,\"name\":\"Yachtvermietung\",\"item\":\"https:\\\/\\\/www.olympia-charters.nl\\\/de\\\/yachtvermietung\\\/\"},{\"@type\":\"ListItem\",\"position\":3,\"name\":\"Routen\",\"item\":\"https:\\\/\\\/www.olympia-charters.nl\\\/de\\\/yachtvermietung\\\/fahrgebiet-routen\\\/\"},{\"@type\":\"ListItem\",\"position\":4,\"name\":\"Route 5 Montag bis Freitag\"}]},{\"@type\":\"WebSite\",\"@id\":\"https:\\\/\\\/www.olympia-charters.nl\\\/nl\\\/#website\",\"url\":\"https:\\\/\\\/www.olympia-charters.nl\\\/nl\\\/\",\"name\":\"Olympia Charters\",\"description\":\"Verhuur van Motorjachten en Sloepen in Nederland\",\"publisher\":{\"@id\":\"https:\\\/\\\/www.olympia-charters.nl\\\/nl\\\/#organization\"},\"potentialAction\":[{\"@type\":\"SearchAction\",\"target\":{\"@type\":\"EntryPoint\",\"urlTemplate\":\"https:\\\/\\\/www.olympia-charters.nl\\\/nl\\\/?s={search_term_string}\"},\"query-input\":{\"@type\":\"PropertyValueSpecification\",\"valueRequired\":true,\"valueName\":\"search_term_string\"}}],\"inLanguage\":\"de\"},{\"@type\":\"Organization\",\"@id\":\"https:\\\/\\\/www.olympia-charters.nl\\\/nl\\\/#organization\",\"name\":\"Olympia Charters\",\"url\":\"https:\\\/\\\/www.olympia-charters.nl\\\/nl\\\/\",\"logo\":{\"@type\":\"ImageObject\",\"inLanguage\":\"de\",\"@id\":\"https:\\\/\\\/www.olympia-charters.nl\\\/nl\\\/#\\\/schema\\\/logo\\\/image\\\/\",\"url\":\"https:\\\/\\\/www.olympia-charters.nl\\\/wp-content\\\/uploads\\\/2009\\\/10\\\/logo-square.jpg\",\"contentUrl\":\"https:\\\/\\\/www.olympia-charters.nl\\\/wp-content\\\/uploads\\\/2009\\\/10\\\/logo-square.jpg\",\"width\":180,\"height\":180,\"caption\":\"Olympia Charters\"},\"image\":{\"@id\":\"https:\\\/\\\/www.olympia-charters.nl\\\/nl\\\/#\\\/schema\\\/logo\\\/image\\\/\"},\"sameAs\":[\"https:\\\/\\\/www.facebook.com\\\/OlympiaCharters\",\"https:\\\/\\\/x.com\\\/OlympiaCharters\"]}]}<\/script>\n<!-- \/ Yoast SEO plugin. -->","yoast_head_json":{"title":"Route 5 Montag bis Freitag - Olympia Charters","robots":{"index":"index","follow":"follow","max-snippet":"max-snippet:-1","max-image-preview":"max-image-preview:large","max-video-preview":"max-video-preview:-1"},"canonical":"https:\/\/www.olympia-charters.nl\/de\/yachtvermietung\/fahrgebiet-routen\/route-5\/","og_locale":"de_DE","og_type":"article","og_title":"Route 5 Montag bis Freitag - Olympia Charters","og_url":"https:\/\/www.olympia-charters.nl\/de\/yachtvermietung\/fahrgebiet-routen\/route-5\/","og_site_name":"Olympia Charters","article_publisher":"https:\/\/www.facebook.com\/OlympiaCharters","article_modified_time":"2022-06-30T07:53:25+00:00","twitter_misc":{"Gesch\u00e4tzte Lesezeit":"3\u00a0Minuten"},"schema":{"@context":"https:\/\/schema.org","@graph":[{"@type":"WebPage","@id":"https:\/\/www.olympia-charters.nl\/de\/yachtvermietung\/fahrgebiet-routen\/route-5\/","url":"https:\/\/www.olympia-charters.nl\/de\/yachtvermietung\/fahrgebiet-routen\/route-5\/","name":"Route 5 Montag bis Freitag - Olympia Charters","isPartOf":{"@id":"https:\/\/www.olympia-charters.nl\/nl\/#website"},"datePublished":"2017-02-15T10:16:17+00:00","dateModified":"2022-06-30T07:53:25+00:00","breadcrumb":{"@id":"https:\/\/www.olympia-charters.nl\/de\/yachtvermietung\/fahrgebiet-routen\/route-5\/#breadcrumb"},"inLanguage":"de","potentialAction":[{"@type":"ReadAction","target":["https:\/\/www.olympia-charters.nl\/de\/yachtvermietung\/fahrgebiet-routen\/route-5\/"]}]},{"@type":"BreadcrumbList","@id":"https:\/\/www.olympia-charters.nl\/de\/yachtvermietung\/fahrgebiet-routen\/route-5\/#breadcrumb","itemListElement":[{"@type":"ListItem","position":1,"name":"Home","item":"https:\/\/www.olympia-charters.nl\/de\/"},{"@type":"ListItem","position":2,"name":"Yachtvermietung","item":"https:\/\/www.olympia-charters.nl\/de\/yachtvermietung\/"},{"@type":"ListItem","position":3,"name":"Routen","item":"https:\/\/www.olympia-charters.nl\/de\/yachtvermietung\/fahrgebiet-routen\/"},{"@type":"ListItem","position":4,"name":"Route 5 Montag bis Freitag"}]},{"@type":"WebSite","@id":"https:\/\/www.olympia-charters.nl\/nl\/#website","url":"https:\/\/www.olympia-charters.nl\/nl\/","name":"Olympia Charters","description":"Verhuur van Motorjachten en Sloepen in Nederland","publisher":{"@id":"https:\/\/www.olympia-charters.nl\/nl\/#organization"},"potentialAction":[{"@type":"SearchAction","target":{"@type":"EntryPoint","urlTemplate":"https:\/\/www.olympia-charters.nl\/nl\/?s={search_term_string}"},"query-input":{"@type":"PropertyValueSpecification","valueRequired":true,"valueName":"search_term_string"}}],"inLanguage":"de"},{"@type":"Organization","@id":"https:\/\/www.olympia-charters.nl\/nl\/#organization","name":"Olympia Charters","url":"https:\/\/www.olympia-charters.nl\/nl\/","logo":{"@type":"ImageObject","inLanguage":"de","@id":"https:\/\/www.olympia-charters.nl\/nl\/#\/schema\/logo\/image\/","url":"https:\/\/www.olympia-charters.nl\/wp-content\/uploads\/2009\/10\/logo-square.jpg","contentUrl":"https:\/\/www.olympia-charters.nl\/wp-content\/uploads\/2009\/10\/logo-square.jpg","width":180,"height":180,"caption":"Olympia Charters"},"image":{"@id":"https:\/\/www.olympia-charters.nl\/nl\/#\/schema\/logo\/image\/"},"sameAs":["https:\/\/www.facebook.com\/OlympiaCharters","https:\/\/x.com\/OlympiaCharters"]}]}},"_links":{"self":[{"href":"https:\/\/www.olympia-charters.nl\/de\/wp-json\/wp\/v2\/pages\/3431","targetHints":{"allow":["GET"]}}],"collection":[{"href":"https:\/\/www.olympia-charters.nl\/de\/wp-json\/wp\/v2\/pages"}],"about":[{"href":"https:\/\/www.olympia-charters.nl\/de\/wp-json\/wp\/v2\/types\/page"}],"author":[{"embeddable":true,"href":"https:\/\/www.olympia-charters.nl\/de\/wp-json\/wp\/v2\/users\/11"}],"replies":[{"embeddable":true,"href":"https:\/\/www.olympia-charters.nl\/de\/wp-json\/wp\/v2\/comments?post=3431"}],"version-history":[{"count":5,"href":"https:\/\/www.olympia-charters.nl\/de\/wp-json\/wp\/v2\/pages\/3431\/revisions"}],"predecessor-version":[{"id":3775,"href":"https:\/\/www.olympia-charters.nl\/de\/wp-json\/wp\/v2\/pages\/3431\/revisions\/3775"}],"up":[{"embeddable":true,"href":"https:\/\/www.olympia-charters.nl\/de\/wp-json\/wp\/v2\/pages\/175"}],"wp:attachment":[{"href":"https:\/\/www.olympia-charters.nl\/de\/wp-json\/wp\/v2\/media?parent=3431"}],"curies":[{"name":"wp","href":"https:\/\/api.w.org\/{rel}","templated":true}]}}