{"id":2599,"date":"2016-03-11T17:40:19","date_gmt":"2016-03-11T16:40:19","guid":{"rendered":"https:\/\/www.olympia-charters.nl\/de\/?page_id=2599"},"modified":"2022-06-30T09:53:14","modified_gmt":"2022-06-30T07:53:14","slug":"over-ons","status":"publish","type":"page","link":"https:\/\/www.olympia-charters.nl\/de\/over-ons\/","title":{"rendered":"\u00dcber uns"},"content":{"rendered":"<div id='revolutionslider_1'  class='avia-layerslider avia-revolutionslider main_color avia-shadow  avia-builder-el-0  el_before_av_hr  avia-builder-el-first   container_wrap fullsize'  >\n\t\t\t<!-- START overons REVOLUTION SLIDER 6.7.40 --><p class=\"rs-p-wp-fix\"><\/p>\n\t\t\t<rs-module-wrap id=\"rev_slider_65_1_wrapper\" data-source=\"gallery\" style=\"visibility:hidden;background:transparent;padding:0;margin:0px auto;margin-top:0;margin-bottom:0;\">\n\t\t\t\t<rs-module id=\"rev_slider_65_1\" style=\"\" data-version=\"6.7.40\">\n\t\t\t\t\t<rs-slides style=\"overflow: hidden; position: absolute;\">\n\t\t\t\t\t\t<rs-slide style=\"position: absolute;\" data-key=\"rs-73\" data-title=\"Slide\" data-anim=\"adpr:false;\">\n\t\t\t\t\t\t\t<img decoding=\"async\" src=\"\/\/www.olympia-charters.nl\/wp-content\/plugins\/revslider\/sr6\/assets\/assets\/dummy.png\" alt=\"\" title=\"\u00dcber uns\" class=\"rev-slidebg tp-rs-img rs-lazyload\" data-lazyload=\"\/\/www.olympia-charters.nl\/wp-content\/uploads\/2016\/03\/groepsfoto.jpg\" data-bg=\"p:0% 60%;\" data-no-retina>\n<!---->\t\t\t\t\t<\/rs-slide>\n\t\t\t\t\t<\/rs-slides>\n\t\t\t\t<\/rs-module>\n\t\t\t\t<script>\n\t\t\t\t\tsetREVStartSize({c: 'rev_slider_65_1',rl:[1240,1024,778,480],el:[],gw:[1800,1300,975,825],gh:[700,600,450,400],type:'hero',justify:'',layout:'fullwidth',mh:\"0\"});if (window.RS_MODULES!==undefined && window.RS_MODULES.modules!==undefined && window.RS_MODULES.modules[\"revslider651\"]!==undefined) {window.RS_MODULES.modules[\"revslider651\"].once = false;window.revapi65 = undefined;if (window.RS_MODULES.checkMinimal!==undefined) window.RS_MODULES.checkMinimal()}\n\t\t\t\t<\/script>\n\t\t\t<\/rs-module-wrap>\n\t\t\t<!-- END REVOLUTION SLIDER -->\n<\/div><div id='after_revolutionslider_1'  class='main_color av_default_container_wrap container_wrap fullsize'  ><div class='container av-section-cont-open' ><div class='template-page content  av-content-full alpha units'><div class='post-entry post-entry-type-page post-entry-2599'><div class='entry-content-wrapper clearfix'>\n\n<style type=\"text\/css\" data-created_by=\"avia_inline_auto\" id=\"style-css-av-av_hr-93880b41331287540333d07f95a8006f\">\n#top .hr.hr-invisible.av-av_hr-93880b41331287540333d07f95a8006f{\nheight:1px;\n}\n<\/style>\n<div  class='hr av-av_hr-93880b41331287540333d07f95a8006f hr-invisible  avia-builder-el-1  el_after_av_revolutionslider  el_before_av_section  avia-builder-el-no-sibling '><span class='hr-inner '><span class=\"hr-inner-style\"><\/span><\/span><\/div>\n<\/div><\/div><\/div><!-- close content main div --><\/div><\/div><div id='av_section_1'  class='avia-section av-av_section-d18d8c2c81d10022ebd21ffa95322c35 main_color avia-section-default avia-no-shadow  avia-builder-el-2  el_after_av_hr  avia-builder-el-last  avia-bg-style-scroll container_wrap fullsize'  ><div class='container av-section-cont-open' ><div class='template-page content  av-content-full alpha units'><div class='post-entry post-entry-type-page post-entry-2599'><div class='entry-content-wrapper clearfix'>\n<section  class='av_textblock_section av-av_textblock-35972167d9f102c5ddaec0c531c98b9e'  itemscope=\"itemscope\" itemtype=\"https:\/\/schema.org\/CreativeWork\" ><div class='avia_textblock'  itemprop=\"text\" ><h2 style=\"text-align: left;\"><span style=\"color: #e32028;\">\u00dcber uns:<br \/>\n<\/span><\/h2>\n<p>Wir, Patrick, Yolanda &amp; Sjaak, hei\u00dfen Sie herzlich willkommen bei Olympis Charters.<\/p>\n<p>Wir vermieten schon seit 30 Jahren Motoryachten im Warmond und haben damit unser Hobby, das Bootfahren in Holland zum Beruf gemacht.<\/p>\n<p>Auf dem Wasser genie\u00dfen wir das Gef\u00fchl der Ruhe und Freiheit in vollen Z\u00fcgen. Fahren, wohin man nur will, und dort bleiben, wo man es sch\u00f6n findet. In unseren Augen ist dies eine wundervolle Art, die Natur, aber auch die Geselligkeit und Lebendigkeit zu genie\u00dfen. Wir finden es gro\u00dfartig, dass wir durch die Vermietung von Motorbooten, Motorjachten\u00a0und Schaluppen auch anderen die M\u00f6glichkeit bieten k\u00f6nnen, all das Sch\u00f6ne zu genie\u00dfen, das Bootfahren in Holland zu bieten hat.<\/p>\n<\/div><\/section>\n\n","protected":false},"excerpt":{"rendered":"","protected":false},"author":11,"featured_media":0,"parent":0,"menu_order":0,"comment_status":"closed","ping_status":"closed","template":"","meta":{"footnotes":""},"class_list":["post-2599","page","type-page","status-publish","hentry"],"yoast_head":"<!-- This site is optimized with the Yoast SEO plugin v27.5 - https:\/\/yoast.com\/product\/yoast-seo-wordpress\/ -->\n<title>\u00dcber uns - Olympia Charters<\/title>\n<meta name=\"robots\" content=\"index, follow, max-snippet:-1, max-image-preview:large, max-video-preview:-1\" \/>\n<link rel=\"canonical\" href=\"https:\/\/www.olympia-charters.nl\/de\/over-ons\/\" \/>\n<meta property=\"og:locale\" content=\"de_DE\" \/>\n<meta property=\"og:type\" content=\"article\" \/>\n<meta property=\"og:title\" content=\"\u00dcber uns - Olympia Charters\" \/>\n<meta property=\"og:url\" content=\"https:\/\/www.olympia-charters.nl\/de\/over-ons\/\" \/>\n<meta property=\"og:site_name\" content=\"Olympia Charters\" \/>\n<meta property=\"article:publisher\" content=\"https:\/\/www.facebook.com\/OlympiaCharters\" \/>\n<meta property=\"article:modified_time\" content=\"2022-06-30T07:53:14+00:00\" \/>\n<meta name=\"twitter:label1\" content=\"Gesch\u00e4tzte Lesezeit\" \/>\n\t<meta name=\"twitter:data1\" content=\"1\u00a0Minute\" \/>\n<script type=\"application\/ld+json\" class=\"yoast-schema-graph\">{\"@context\":\"https:\\\/\\\/schema.org\",\"@graph\":[{\"@type\":\"WebPage\",\"@id\":\"https:\\\/\\\/www.olympia-charters.nl\\\/de\\\/over-ons\\\/\",\"url\":\"https:\\\/\\\/www.olympia-charters.nl\\\/de\\\/over-ons\\\/\",\"name\":\"\u00dcber uns - Olympia Charters\",\"isPartOf\":{\"@id\":\"https:\\\/\\\/www.olympia-charters.nl\\\/nl\\\/#website\"},\"datePublished\":\"2016-03-11T16:40:19+00:00\",\"dateModified\":\"2022-06-30T07:53:14+00:00\",\"breadcrumb\":{\"@id\":\"https:\\\/\\\/www.olympia-charters.nl\\\/de\\\/over-ons\\\/#breadcrumb\"},\"inLanguage\":\"de\",\"potentialAction\":[{\"@type\":\"ReadAction\",\"target\":[\"https:\\\/\\\/www.olympia-charters.nl\\\/de\\\/over-ons\\\/\"]}]},{\"@type\":\"BreadcrumbList\",\"@id\":\"https:\\\/\\\/www.olympia-charters.nl\\\/de\\\/over-ons\\\/#breadcrumb\",\"itemListElement\":[{\"@type\":\"ListItem\",\"position\":1,\"name\":\"Home\",\"item\":\"https:\\\/\\\/www.olympia-charters.nl\\\/de\\\/\"},{\"@type\":\"ListItem\",\"position\":2,\"name\":\"\u00dcber uns\"}]},{\"@type\":\"WebSite\",\"@id\":\"https:\\\/\\\/www.olympia-charters.nl\\\/nl\\\/#website\",\"url\":\"https:\\\/\\\/www.olympia-charters.nl\\\/nl\\\/\",\"name\":\"Olympia Charters\",\"description\":\"Verhuur van Motorjachten en Sloepen in Nederland\",\"publisher\":{\"@id\":\"https:\\\/\\\/www.olympia-charters.nl\\\/nl\\\/#organization\"},\"potentialAction\":[{\"@type\":\"SearchAction\",\"target\":{\"@type\":\"EntryPoint\",\"urlTemplate\":\"https:\\\/\\\/www.olympia-charters.nl\\\/nl\\\/?s={search_term_string}\"},\"query-input\":{\"@type\":\"PropertyValueSpecification\",\"valueRequired\":true,\"valueName\":\"search_term_string\"}}],\"inLanguage\":\"de\"},{\"@type\":\"Organization\",\"@id\":\"https:\\\/\\\/www.olympia-charters.nl\\\/nl\\\/#organization\",\"name\":\"Olympia Charters\",\"url\":\"https:\\\/\\\/www.olympia-charters.nl\\\/nl\\\/\",\"logo\":{\"@type\":\"ImageObject\",\"inLanguage\":\"de\",\"@id\":\"https:\\\/\\\/www.olympia-charters.nl\\\/nl\\\/#\\\/schema\\\/logo\\\/image\\\/\",\"url\":\"https:\\\/\\\/www.olympia-charters.nl\\\/wp-content\\\/uploads\\\/2009\\\/10\\\/logo-square.jpg\",\"contentUrl\":\"https:\\\/\\\/www.olympia-charters.nl\\\/wp-content\\\/uploads\\\/2009\\\/10\\\/logo-square.jpg\",\"width\":180,\"height\":180,\"caption\":\"Olympia Charters\"},\"image\":{\"@id\":\"https:\\\/\\\/www.olympia-charters.nl\\\/nl\\\/#\\\/schema\\\/logo\\\/image\\\/\"},\"sameAs\":[\"https:\\\/\\\/www.facebook.com\\\/OlympiaCharters\",\"https:\\\/\\\/x.com\\\/OlympiaCharters\"]}]}<\/script>\n<!-- \/ Yoast SEO plugin. -->","yoast_head_json":{"title":"\u00dcber uns - Olympia Charters","robots":{"index":"index","follow":"follow","max-snippet":"max-snippet:-1","max-image-preview":"max-image-preview:large","max-video-preview":"max-video-preview:-1"},"canonical":"https:\/\/www.olympia-charters.nl\/de\/over-ons\/","og_locale":"de_DE","og_type":"article","og_title":"\u00dcber uns - Olympia Charters","og_url":"https:\/\/www.olympia-charters.nl\/de\/over-ons\/","og_site_name":"Olympia Charters","article_publisher":"https:\/\/www.facebook.com\/OlympiaCharters","article_modified_time":"2022-06-30T07:53:14+00:00","twitter_misc":{"Gesch\u00e4tzte Lesezeit":"1\u00a0Minute"},"schema":{"@context":"https:\/\/schema.org","@graph":[{"@type":"WebPage","@id":"https:\/\/www.olympia-charters.nl\/de\/over-ons\/","url":"https:\/\/www.olympia-charters.nl\/de\/over-ons\/","name":"\u00dcber uns - Olympia Charters","isPartOf":{"@id":"https:\/\/www.olympia-charters.nl\/nl\/#website"},"datePublished":"2016-03-11T16:40:19+00:00","dateModified":"2022-06-30T07:53:14+00:00","breadcrumb":{"@id":"https:\/\/www.olympia-charters.nl\/de\/over-ons\/#breadcrumb"},"inLanguage":"de","potentialAction":[{"@type":"ReadAction","target":["https:\/\/www.olympia-charters.nl\/de\/over-ons\/"]}]},{"@type":"BreadcrumbList","@id":"https:\/\/www.olympia-charters.nl\/de\/over-ons\/#breadcrumb","itemListElement":[{"@type":"ListItem","position":1,"name":"Home","item":"https:\/\/www.olympia-charters.nl\/de\/"},{"@type":"ListItem","position":2,"name":"\u00dcber uns"}]},{"@type":"WebSite","@id":"https:\/\/www.olympia-charters.nl\/nl\/#website","url":"https:\/\/www.olympia-charters.nl\/nl\/","name":"Olympia Charters","description":"Verhuur van Motorjachten en Sloepen in Nederland","publisher":{"@id":"https:\/\/www.olympia-charters.nl\/nl\/#organization"},"potentialAction":[{"@type":"SearchAction","target":{"@type":"EntryPoint","urlTemplate":"https:\/\/www.olympia-charters.nl\/nl\/?s={search_term_string}"},"query-input":{"@type":"PropertyValueSpecification","valueRequired":true,"valueName":"search_term_string"}}],"inLanguage":"de"},{"@type":"Organization","@id":"https:\/\/www.olympia-charters.nl\/nl\/#organization","name":"Olympia Charters","url":"https:\/\/www.olympia-charters.nl\/nl\/","logo":{"@type":"ImageObject","inLanguage":"de","@id":"https:\/\/www.olympia-charters.nl\/nl\/#\/schema\/logo\/image\/","url":"https:\/\/www.olympia-charters.nl\/wp-content\/uploads\/2009\/10\/logo-square.jpg","contentUrl":"https:\/\/www.olympia-charters.nl\/wp-content\/uploads\/2009\/10\/logo-square.jpg","width":180,"height":180,"caption":"Olympia Charters"},"image":{"@id":"https:\/\/www.olympia-charters.nl\/nl\/#\/schema\/logo\/image\/"},"sameAs":["https:\/\/www.facebook.com\/OlympiaCharters","https:\/\/x.com\/OlympiaCharters"]}]}},"_links":{"self":[{"href":"https:\/\/www.olympia-charters.nl\/de\/wp-json\/wp\/v2\/pages\/2599","targetHints":{"allow":["GET"]}}],"collection":[{"href":"https:\/\/www.olympia-charters.nl\/de\/wp-json\/wp\/v2\/pages"}],"about":[{"href":"https:\/\/www.olympia-charters.nl\/de\/wp-json\/wp\/v2\/types\/page"}],"author":[{"embeddable":true,"href":"https:\/\/www.olympia-charters.nl\/de\/wp-json\/wp\/v2\/users\/11"}],"replies":[{"embeddable":true,"href":"https:\/\/www.olympia-charters.nl\/de\/wp-json\/wp\/v2\/comments?post=2599"}],"version-history":[{"count":5,"href":"https:\/\/www.olympia-charters.nl\/de\/wp-json\/wp\/v2\/pages\/2599\/revisions"}],"predecessor-version":[{"id":4260,"href":"https:\/\/www.olympia-charters.nl\/de\/wp-json\/wp\/v2\/pages\/2599\/revisions\/4260"}],"wp:attachment":[{"href":"https:\/\/www.olympia-charters.nl\/de\/wp-json\/wp\/v2\/media?parent=2599"}],"curies":[{"name":"wp","href":"https:\/\/api.w.org\/{rel}","templated":true}]}}