{"id":172,"date":"2008-12-08T14:17:42","date_gmt":"2008-12-08T13:17:42","guid":{"rendered":"https:\/\/www.olympia-charters.nl\/die-olympia-grosse-klasse-in-ihrer-klasse\/"},"modified":"2022-06-30T09:53:20","modified_gmt":"2022-06-30T07:53:20","slug":"hausboot-mieten","status":"publish","type":"page","link":"https:\/\/www.olympia-charters.nl\/de\/yachtvermietung\/hausboot-mieten\/","title":{"rendered":"Einteilung|Die Olympia: Gro\u00dfe Klasse in ihrer Klasse!"},"content":{"rendered":"<div id='revolutionslider_1'  class='avia-layerslider avia-revolutionslider main_color avia-shadow  avia-builder-el-0  el_before_av_textblock  avia-builder-el-first   container_wrap fullsize'  >\n\t\t\t<!-- START Slider12 REVOLUTION SLIDER 6.7.40 --><p class=\"rs-p-wp-fix\"><\/p>\n\t\t\t<rs-module-wrap id=\"rev_slider_13_1_wrapper\" data-source=\"gallery\" style=\"visibility:hidden;background:transparent;padding:0;margin:0px auto;margin-top:0;margin-bottom:0;\">\n\t\t\t\t<rs-module id=\"rev_slider_13_1\" style=\"\" data-version=\"6.7.40\">\n\t\t\t\t\t<rs-slides style=\"overflow: hidden; position: absolute;\">\n\t\t\t\t\t\t<rs-slide style=\"position: absolute;\" data-key=\"rs-13\" data-title=\"Slide\" data-anim=\"adpr:false;\">\n\t\t\t\t\t\t\t<img decoding=\"async\" src=\"\/\/www.olympia-charters.nl\/wp-content\/plugins\/revslider\/sr6\/assets\/assets\/dummy.png\" alt=\"\" title=\"Einteilung|Die Olympia: Gro\u00dfe Klasse in ihrer Klasse!\" class=\"rev-slidebg tp-rs-img rs-lazyload\" data-lazyload=\"\/\/www.olympia-charters.nl\/wp-content\/uploads\/2015\/12\/DSC_2943_wide.jpg\" data-bg=\"p:0% 88%;\" data-no-retina>\n<!--\n\t\t\t\t\t\t\t--><rs-layer\n\t\t\t\t\t\t\t\tid=\"slider-13-slide-13-layer-1\" \n\t\t\t\t\t\t\t\tclass=\"tp-shape tp-shapewrapper tp-shape tp-shapewrapper\"\n\t\t\t\t\t\t\t\tdata-type=\"shape\"\n\t\t\t\t\t\t\t\tdata-rsp_ch=\"on\"\n\t\t\t\t\t\t\t\tdata-xy=\"xo:88px,54px,14px,14px;y:b,b,t,t;yo:138px,25px,7px,7px;\"\n\t\t\t\t\t\t\t\tdata-text=\"w:normal;fw:100;\"\n\t\t\t\t\t\t\t\tdata-dim=\"w:535px,485px,344px,344px;h:145px,115px,127px,127px;\"\n\t\t\t\t\t\t\t\tdata-vbility=\"t,t,t,f\"\n\t\t\t\t\t\t\t\tdata-frame_0=\"tp:600;\"\n\t\t\t\t\t\t\t\tdata-frame_1=\"tp:600;e:power2.inOut;st:500;\"\n\t\t\t\t\t\t\t\tdata-frame_999=\"o:0;tp:600;e:nothing;st:w;\"\n\t\t\t\t\t\t\t\tstyle=\"z-index:5;background-color:rgba(64,108,135,1);\"\n\t\t\t\t\t\t\t> \n\t\t\t\t\t\t\t<\/rs-layer><!--\n\n\t\t\t\t\t\t\t--><rs-layer\n\t\t\t\t\t\t\t\tid=\"slider-13-slide-13-layer-2\" \n\t\t\t\t\t\t\t\tclass=\"OlympiaStyle\"\n\t\t\t\t\t\t\t\tdata-type=\"text\"\n\t\t\t\t\t\t\t\tdata-color=\"rgba(255,255,255,1)\"\n\t\t\t\t\t\t\t\tdata-rsp_ch=\"on\"\n\t\t\t\t\t\t\t\tdata-xy=\"xo:108px,74px,33px,33px;y:b,b,t,t;yo:156px,41px,26px,26px;\"\n\t\t\t\t\t\t\t\tdata-text=\"w:normal;s:25;l:28;fw:500;a:center;\"\n\t\t\t\t\t\t\t\tdata-dim=\"w:493px,444px,305px,305px;h:109px,83px,auto,auto;\"\n\t\t\t\t\t\t\t\tdata-vbility=\"t,t,t,f\"\n\t\t\t\t\t\t\t\tdata-padding=\"t:25;r:10;b:25;l:10;\"\n\t\t\t\t\t\t\t\tdata-border=\"bos:solid;boc:rgba(255,255,255,1);bow:1px,1px,1px,1px;\"\n\t\t\t\t\t\t\t\tdata-frame_0=\"tp:600;\"\n\t\t\t\t\t\t\t\tdata-frame_1=\"tp:600;e:power2.inOut;st:500;\"\n\t\t\t\t\t\t\t\tdata-frame_999=\"o:0;tp:600;e:nothing;st:w;\"\n\t\t\t\t\t\t\t\tstyle=\"z-index:6;font-family:'Kotta One', 'sans-serif';letter-spacing:4px;text-align:left;\"\n\t\t\t\t\t\t\t>Met de boot naar Amsterdam<br\/>\nis een belevenis \n\t\t\t\t\t\t\t<\/rs-layer><!--\n-->\t\t\t\t\t<\/rs-slide>\n\t\t\t\t\t<\/rs-slides>\n\t\t\t\t<\/rs-module>\n\t\t\t\t<script>\n\t\t\t\t\tsetREVStartSize({c: 'rev_slider_13_1',rl:[1240,1024,778,480],el:[],gw:[1800,1300,975,825],gh:[700,600,450,400],type:'hero',justify:'',layout:'fullwidth',mh:\"0\"});if (window.RS_MODULES!==undefined && window.RS_MODULES.modules!==undefined && window.RS_MODULES.modules[\"revslider131\"]!==undefined) {window.RS_MODULES.modules[\"revslider131\"].once = false;window.revapi13 = undefined;if (window.RS_MODULES.checkMinimal!==undefined) window.RS_MODULES.checkMinimal()}\n\t\t\t\t<\/script>\n\t\t\t<\/rs-module-wrap>\n\t\t\t<!-- END REVOLUTION SLIDER -->\n<\/div><div id='after_revolutionslider_1'  class='main_color av_default_container_wrap container_wrap fullsize'  ><div class='container av-section-cont-open' ><div class='template-page content  av-content-full alpha units'><div class='post-entry post-entry-type-page post-entry-172'><div class='entry-content-wrapper clearfix'>\n<section  class='av_textblock_section av-av_textblock-0366cc7376be6c9e82a3e9cc8987b64f'  itemscope=\"itemscope\" itemtype=\"https:\/\/schema.org\/CreativeWork\" ><div class='avia_textblock'  itemprop=\"text\" ><p align=\"center\"><span style=\"color: #233857;\"><img loading=\"lazy\" decoding=\"async\" class=\"alignnone wp-image-406 size-full\" src=\"https:\/\/www.olympia-charters.nl\/wp-content\/uploads\/2008\/12\/.._images_olympia_plattegrond.gif\" alt=\"hausboot mieten\" width=\"500\" height=\"177\" border=\"0\" \/><\/span><\/p>\n<table style=\"border-collapse: collapse;\" border=\"0\" width=\"100%\" cellspacing=\"0\" cellpadding=\"3\">\n<tbody>\n<tr>\n<td width=\"50%\">\n<table style=\"border-collapse: collapse;\" border=\"0\" width=\"100%\" cellspacing=\"0\" cellpadding=\"0\">\n<tbody>\n<tr>\n<td width=\"100%\">\n<form name=\"info\">\n<div align=\"center\">\n<table style=\"border-collapse: collapse; height: 100%;\" border=\"0\" width=\"100%\" cellspacing=\"0\" cellpadding=\"0\">\n<tbody>\n<tr>\n<td align=\"center\" valign=\"bottom\">\n<table style=\"border-collapse: collapse;\" border=\"0\" cellspacing=\"0\" cellpadding=\"3\">\n<tbody>\n<tr>\n<td colspan=\"4\" align=\"center\" width=\"200\"><a title=\"pictos\" name=\"pictos\"><\/a><span style=\"font-family: Verdana,arial,helvetica; font-size: 10pt;\"><span style=\"color: #233857;\">Bewege die Maus \u00fcber die Pictogramme<\/span><\/span><\/td>\n<\/tr>\n<tr>\n<td align=\"center\"><img loading=\"lazy\" decoding=\"async\" class=\" size-full wp-image-407\" title=\"Warm und kalt flie\u00dfendes Wasser\" src=\"https:\/\/www.olympia-charters.nl\/wp-content\/uploads\/2008\/12\/.._images_pictos_wasser.gif\" alt=\"\" width=\"30\" height=\"30\" border=\"0\" \/><\/td>\n<td align=\"center\"><img loading=\"lazy\" decoding=\"async\" class=\" size-full wp-image-408\" title=\"Cassetten Recorder\" src=\"https:\/\/www.olympia-charters.nl\/wp-content\/uploads\/2008\/12\/.._images_pictos_cass.gif\" alt=\"\" width=\"30\" height=\"30\" border=\"0\" \/><\/td>\n<td align=\"center\"><img loading=\"lazy\" decoding=\"async\" class=\" size-full wp-image-409\" title=\"Bugschraube\" src=\"https:\/\/www.olympia-charters.nl\/wp-content\/uploads\/2008\/12\/.._images_pictos_bugsch.gif\" alt=\"\" width=\"30\" height=\"30\" border=\"0\" \/><\/td>\n<td align=\"center\"><img loading=\"lazy\" decoding=\"async\" class=\" size-full wp-image-410\" title=\"220 V Umformer\" src=\"https:\/\/www.olympia-charters.nl\/wp-content\/uploads\/2008\/12\/.._images_pictos_220.gif\" alt=\"\" width=\"30\" height=\"30\" border=\"0\" \/><\/td>\n<\/tr>\n<tr>\n<td align=\"center\"><img loading=\"lazy\" decoding=\"async\" class=\" size-full wp-image-411\" title=\"Dusche\" src=\"https:\/\/www.olympia-charters.nl\/wp-content\/uploads\/2008\/12\/.._images_pictos_douche.gif\" alt=\"\" width=\"30\" height=\"30\" border=\"0\" \/><\/td>\n<td align=\"center\"><img loading=\"lazy\" decoding=\"async\" class=\" size-full wp-image-412\" title=\"Heizung\" src=\"https:\/\/www.olympia-charters.nl\/wp-content\/uploads\/2008\/12\/.._images_pictos_heizung.gif\" alt=\"\" width=\"30\" height=\"30\" border=\"0\" \/><\/td>\n<td align=\"center\"><img loading=\"lazy\" decoding=\"async\" class=\" size-full wp-image-413\" title=\"Heckschraube\" src=\"https:\/\/www.olympia-charters.nl\/wp-content\/uploads\/2008\/12\/.._images_pictos_heksch.gif\" alt=\"\" width=\"30\" height=\"30\" border=\"0\" \/><\/td>\n<td align=\"center\"><img loading=\"lazy\" decoding=\"async\" class=\" size-full wp-image-414\" title=\"Farb TV\" src=\"https:\/\/www.olympia-charters.nl\/wp-content\/uploads\/2008\/12\/.._images_pictos_ktv.gif\" alt=\"\" width=\"30\" height=\"30\" border=\"0\" \/><\/td>\n<\/tr>\n<tr>\n<td align=\"center\"><img loading=\"lazy\" decoding=\"async\" class=\" size-full wp-image-415\" title=\"K\u00fchlschrank\" src=\"https:\/\/www.olympia-charters.nl\/wp-content\/uploads\/2008\/12\/.._images_pictos_kuehl.gif\" alt=\"\" width=\"30\" height=\"30\" border=\"0\" \/><\/td>\n<td align=\"center\"><img loading=\"lazy\" decoding=\"async\" class=\" size-full wp-image-416\" title=\"2. Steuerstand\" src=\"https:\/\/www.olympia-charters.nl\/wp-content\/uploads\/2008\/12\/.._images_pictos_stuurweel.gif\" alt=\"\" width=\"30\" height=\"30\" border=\"0\" \/><\/td>\n<td align=\"center\"><img loading=\"lazy\" decoding=\"async\" class=\" size-full wp-image-417\" title=\"12 Einzelbetten\" src=\"https:\/\/www.olympia-charters.nl\/wp-content\/uploads\/2008\/12\/.._images_pictos_betten.gif\" alt=\"\" width=\"30\" height=\"30\" border=\"0\" \/><\/td>\n<td align=\"center\"><img loading=\"lazy\" decoding=\"async\" class=\" size-full wp-image-418\" title=\"Haustiere auf Anfrage\" src=\"https:\/\/www.olympia-charters.nl\/wp-content\/uploads\/2008\/12\/.._images_pictos_hond.gif\" alt=\"\" width=\"30\" height=\"30\" border=\"0\" \/><\/td>\n<\/tr>\n<\/tbody>\n<\/table>\n<\/td>\n<\/tr>\n<\/tbody>\n<\/table>\n<\/div>\n<\/form>\n<\/td>\n<\/tr>\n<\/tbody>\n<\/table>\n<\/td>\n<td width=\"50%\">\n<table style=\"border-collapse: collapse;\" border=\"0\" width=\"100%\" cellspacing=\"0\" cellpadding=\"0\">\n<tbody>\n<tr>\n<td width=\"50%\"><strong>L\u00e4nge:<\/strong><\/td>\n<td width=\"50%\">14,95 M<\/td>\n<\/tr>\n<tr>\n<td width=\"50%\"><strong>Breite:<\/strong><\/td>\n<td width=\"50%\">4,85 M<\/td>\n<\/tr>\n<tr>\n<td width=\"50%\"><strong>Tiefgang:<\/strong><\/td>\n<td width=\"50%\">1,20 M<\/td>\n<\/tr>\n<tr>\n<td width=\"50%\"><strong>Durchfahrth\u00f6he:<\/strong><\/td>\n<td width=\"50%\">2,45-4,05 M<\/td>\n<\/tr>\n<tr>\n<td width=\"50%\"><strong>Gewicht:<\/strong><\/td>\n<td width=\"50%\">ca. 25 to.<\/td>\n<\/tr>\n<tr>\n<td width=\"50%\"><strong>Motor: IVECO<\/strong><\/td>\n<td width=\"50%\">106,5 kW, 6 cyl<\/td>\n<\/tr>\n<tr>\n<td width=\"50%\"><strong>Verbrauch:<\/strong><\/td>\n<td width=\"50%\">7 L \/per uur<\/td>\n<\/tr>\n<tr>\n<td width=\"50%\"><strong>Dieseltank:<\/strong><\/td>\n<td width=\"50%\">1000 L<\/td>\n<\/tr>\n<tr>\n<td width=\"50%\"><strong>Wassertank:<\/strong><\/td>\n<td width=\"50%\">2000 L<\/td>\n<\/tr>\n<tr>\n<td valign=\"top\"><strong>Abwassertank<\/strong>:<\/td>\n<td valign=\"top\">600 L<\/td>\n<\/tr>\n<\/tbody>\n<\/table>\n<\/td>\n<\/tr>\n<\/tbody>\n<\/table>\n<h2>Die Olympia Superkreuzer:\u00a0Eine Frage der Qualit\u00e4t<\/h2>\n<p>Das erkennen Sie nicht nur an der sehr kompletten Einrichtung und Ausr\u00fcstung an Bord \u2013 vom K\u00fccheninventar bis zum Bettzeug -, sondern auch am perfekten technischen Zustand Ihres Motorkreuzers.<\/p>\n<p>Und wenn sich doch einmal unerwartet eine technische St\u00f6rung ergibt, k\u00f6nnen Sie sicher sein, da\u00df Olympia Charters sieben Tage in der Woche mit Rat und Tat f\u00fcr Sie bereitsteht!<\/p>\n<\/div><\/section>\n","protected":false},"excerpt":{"rendered":"","protected":false},"author":18,"featured_media":0,"parent":178,"menu_order":12,"comment_status":"closed","ping_status":"closed","template":"","meta":{"footnotes":""},"class_list":["post-172","page","type-page","status-publish","hentry"],"yoast_head":"<!-- This site is optimized with the Yoast SEO plugin v27.5 - https:\/\/yoast.com\/product\/yoast-seo-wordpress\/ -->\n<title>Hausboot mieten f\u00fcr 10-12 Personen in Holland?<\/title>\n<meta name=\"description\" content=\"Ein Hausboot mieten f\u00fcr 12 Personen in Holland? Dann sind Sie bei Olympia Charters an der richtigen Adresse. Wir haben Hausboote f\u00fcr 2 bis 12 Personen.\" \/>\n<meta name=\"robots\" content=\"index, follow, max-snippet:-1, max-image-preview:large, max-video-preview:-1\" \/>\n<link rel=\"canonical\" href=\"https:\/\/www.olympia-charters.nl\/de\/yachtvermietung\/hausboot-mieten\/\" \/>\n<meta property=\"og:locale\" content=\"de_DE\" \/>\n<meta property=\"og:type\" content=\"article\" \/>\n<meta property=\"og:title\" content=\"Hausboot mieten f\u00fcr 10-12 Personen in Holland?\" \/>\n<meta property=\"og:description\" content=\"Ein Hausboot mieten f\u00fcr 12 Personen in Holland? Dann sind Sie bei Olympia Charters an der richtigen Adresse. Wir haben Hausboote f\u00fcr 2 bis 12 Personen.\" \/>\n<meta property=\"og:url\" content=\"https:\/\/www.olympia-charters.nl\/de\/yachtvermietung\/hausboot-mieten\/\" \/>\n<meta property=\"og:site_name\" content=\"Olympia Charters\" \/>\n<meta property=\"article:publisher\" content=\"https:\/\/www.facebook.com\/OlympiaCharters\" \/>\n<meta property=\"article:modified_time\" content=\"2022-06-30T07:53:20+00:00\" \/>\n<meta property=\"og:image\" content=\"https:\/\/www.olympia-charters.nl\/wp-content\/uploads\/2008\/12\/.._images_olympia_plattegrond.gif\" \/>\n<meta name=\"twitter:label1\" content=\"Gesch\u00e4tzte Lesezeit\" \/>\n\t<meta name=\"twitter:data1\" content=\"1\u00a0Minute\" \/>\n<script type=\"application\/ld+json\" class=\"yoast-schema-graph\">{\"@context\":\"https:\\\/\\\/schema.org\",\"@graph\":[{\"@type\":\"WebPage\",\"@id\":\"https:\\\/\\\/www.olympia-charters.nl\\\/de\\\/yachtvermietung\\\/hausboot-mieten\\\/\",\"url\":\"https:\\\/\\\/www.olympia-charters.nl\\\/de\\\/yachtvermietung\\\/hausboot-mieten\\\/\",\"name\":\"Hausboot mieten f\u00fcr 10-12 Personen in Holland?\",\"isPartOf\":{\"@id\":\"https:\\\/\\\/www.olympia-charters.nl\\\/nl\\\/#website\"},\"primaryImageOfPage\":{\"@id\":\"https:\\\/\\\/www.olympia-charters.nl\\\/de\\\/yachtvermietung\\\/hausboot-mieten\\\/#primaryimage\"},\"image\":{\"@id\":\"https:\\\/\\\/www.olympia-charters.nl\\\/de\\\/yachtvermietung\\\/hausboot-mieten\\\/#primaryimage\"},\"thumbnailUrl\":\"https:\\\/\\\/www.olympia-charters.nl\\\/wp-content\\\/uploads\\\/2008\\\/12\\\/.._images_olympia_plattegrond.gif\",\"datePublished\":\"2008-12-08T13:17:42+00:00\",\"dateModified\":\"2022-06-30T07:53:20+00:00\",\"description\":\"Ein Hausboot mieten f\u00fcr 12 Personen in Holland? Dann sind Sie bei Olympia Charters an der richtigen Adresse. Wir haben Hausboote f\u00fcr 2 bis 12 Personen.\",\"breadcrumb\":{\"@id\":\"https:\\\/\\\/www.olympia-charters.nl\\\/de\\\/yachtvermietung\\\/hausboot-mieten\\\/#breadcrumb\"},\"inLanguage\":\"de\",\"potentialAction\":[{\"@type\":\"ReadAction\",\"target\":[\"https:\\\/\\\/www.olympia-charters.nl\\\/de\\\/yachtvermietung\\\/hausboot-mieten\\\/\"]}]},{\"@type\":\"ImageObject\",\"inLanguage\":\"de\",\"@id\":\"https:\\\/\\\/www.olympia-charters.nl\\\/de\\\/yachtvermietung\\\/hausboot-mieten\\\/#primaryimage\",\"url\":\"https:\\\/\\\/www.olympia-charters.nl\\\/wp-content\\\/uploads\\\/2008\\\/12\\\/.._images_olympia_plattegrond.gif\",\"contentUrl\":\"https:\\\/\\\/www.olympia-charters.nl\\\/wp-content\\\/uploads\\\/2008\\\/12\\\/.._images_olympia_plattegrond.gif\"},{\"@type\":\"BreadcrumbList\",\"@id\":\"https:\\\/\\\/www.olympia-charters.nl\\\/de\\\/yachtvermietung\\\/hausboot-mieten\\\/#breadcrumb\",\"itemListElement\":[{\"@type\":\"ListItem\",\"position\":1,\"name\":\"Home\",\"item\":\"https:\\\/\\\/www.olympia-charters.nl\\\/de\\\/\"},{\"@type\":\"ListItem\",\"position\":2,\"name\":\"Yachtvermietung\",\"item\":\"https:\\\/\\\/www.olympia-charters.nl\\\/de\\\/yachtvermietung\\\/\"},{\"@type\":\"ListItem\",\"position\":3,\"name\":\"Einteilung|Die Olympia: Gro\u00dfe Klasse in ihrer Klasse!\"}]},{\"@type\":\"WebSite\",\"@id\":\"https:\\\/\\\/www.olympia-charters.nl\\\/nl\\\/#website\",\"url\":\"https:\\\/\\\/www.olympia-charters.nl\\\/nl\\\/\",\"name\":\"Olympia Charters\",\"description\":\"Verhuur van Motorjachten en Sloepen in Nederland\",\"publisher\":{\"@id\":\"https:\\\/\\\/www.olympia-charters.nl\\\/nl\\\/#organization\"},\"potentialAction\":[{\"@type\":\"SearchAction\",\"target\":{\"@type\":\"EntryPoint\",\"urlTemplate\":\"https:\\\/\\\/www.olympia-charters.nl\\\/nl\\\/?s={search_term_string}\"},\"query-input\":{\"@type\":\"PropertyValueSpecification\",\"valueRequired\":true,\"valueName\":\"search_term_string\"}}],\"inLanguage\":\"de\"},{\"@type\":\"Organization\",\"@id\":\"https:\\\/\\\/www.olympia-charters.nl\\\/nl\\\/#organization\",\"name\":\"Olympia Charters\",\"url\":\"https:\\\/\\\/www.olympia-charters.nl\\\/nl\\\/\",\"logo\":{\"@type\":\"ImageObject\",\"inLanguage\":\"de\",\"@id\":\"https:\\\/\\\/www.olympia-charters.nl\\\/nl\\\/#\\\/schema\\\/logo\\\/image\\\/\",\"url\":\"https:\\\/\\\/www.olympia-charters.nl\\\/wp-content\\\/uploads\\\/2009\\\/10\\\/logo-square.jpg\",\"contentUrl\":\"https:\\\/\\\/www.olympia-charters.nl\\\/wp-content\\\/uploads\\\/2009\\\/10\\\/logo-square.jpg\",\"width\":180,\"height\":180,\"caption\":\"Olympia Charters\"},\"image\":{\"@id\":\"https:\\\/\\\/www.olympia-charters.nl\\\/nl\\\/#\\\/schema\\\/logo\\\/image\\\/\"},\"sameAs\":[\"https:\\\/\\\/www.facebook.com\\\/OlympiaCharters\",\"https:\\\/\\\/x.com\\\/OlympiaCharters\"]}]}<\/script>\n<!-- \/ Yoast SEO plugin. -->","yoast_head_json":{"title":"Hausboot mieten f\u00fcr 10-12 Personen in Holland?","description":"Ein Hausboot mieten f\u00fcr 12 Personen in Holland? Dann sind Sie bei Olympia Charters an der richtigen Adresse. Wir haben Hausboote f\u00fcr 2 bis 12 Personen.","robots":{"index":"index","follow":"follow","max-snippet":"max-snippet:-1","max-image-preview":"max-image-preview:large","max-video-preview":"max-video-preview:-1"},"canonical":"https:\/\/www.olympia-charters.nl\/de\/yachtvermietung\/hausboot-mieten\/","og_locale":"de_DE","og_type":"article","og_title":"Hausboot mieten f\u00fcr 10-12 Personen in Holland?","og_description":"Ein Hausboot mieten f\u00fcr 12 Personen in Holland? Dann sind Sie bei Olympia Charters an der richtigen Adresse. Wir haben Hausboote f\u00fcr 2 bis 12 Personen.","og_url":"https:\/\/www.olympia-charters.nl\/de\/yachtvermietung\/hausboot-mieten\/","og_site_name":"Olympia Charters","article_publisher":"https:\/\/www.facebook.com\/OlympiaCharters","article_modified_time":"2022-06-30T07:53:20+00:00","og_image":[{"url":"https:\/\/www.olympia-charters.nl\/wp-content\/uploads\/2008\/12\/.._images_olympia_plattegrond.gif","type":"","width":"","height":""}],"twitter_misc":{"Gesch\u00e4tzte Lesezeit":"1\u00a0Minute"},"schema":{"@context":"https:\/\/schema.org","@graph":[{"@type":"WebPage","@id":"https:\/\/www.olympia-charters.nl\/de\/yachtvermietung\/hausboot-mieten\/","url":"https:\/\/www.olympia-charters.nl\/de\/yachtvermietung\/hausboot-mieten\/","name":"Hausboot mieten f\u00fcr 10-12 Personen in Holland?","isPartOf":{"@id":"https:\/\/www.olympia-charters.nl\/nl\/#website"},"primaryImageOfPage":{"@id":"https:\/\/www.olympia-charters.nl\/de\/yachtvermietung\/hausboot-mieten\/#primaryimage"},"image":{"@id":"https:\/\/www.olympia-charters.nl\/de\/yachtvermietung\/hausboot-mieten\/#primaryimage"},"thumbnailUrl":"https:\/\/www.olympia-charters.nl\/wp-content\/uploads\/2008\/12\/.._images_olympia_plattegrond.gif","datePublished":"2008-12-08T13:17:42+00:00","dateModified":"2022-06-30T07:53:20+00:00","description":"Ein Hausboot mieten f\u00fcr 12 Personen in Holland? Dann sind Sie bei Olympia Charters an der richtigen Adresse. Wir haben Hausboote f\u00fcr 2 bis 12 Personen.","breadcrumb":{"@id":"https:\/\/www.olympia-charters.nl\/de\/yachtvermietung\/hausboot-mieten\/#breadcrumb"},"inLanguage":"de","potentialAction":[{"@type":"ReadAction","target":["https:\/\/www.olympia-charters.nl\/de\/yachtvermietung\/hausboot-mieten\/"]}]},{"@type":"ImageObject","inLanguage":"de","@id":"https:\/\/www.olympia-charters.nl\/de\/yachtvermietung\/hausboot-mieten\/#primaryimage","url":"https:\/\/www.olympia-charters.nl\/wp-content\/uploads\/2008\/12\/.._images_olympia_plattegrond.gif","contentUrl":"https:\/\/www.olympia-charters.nl\/wp-content\/uploads\/2008\/12\/.._images_olympia_plattegrond.gif"},{"@type":"BreadcrumbList","@id":"https:\/\/www.olympia-charters.nl\/de\/yachtvermietung\/hausboot-mieten\/#breadcrumb","itemListElement":[{"@type":"ListItem","position":1,"name":"Home","item":"https:\/\/www.olympia-charters.nl\/de\/"},{"@type":"ListItem","position":2,"name":"Yachtvermietung","item":"https:\/\/www.olympia-charters.nl\/de\/yachtvermietung\/"},{"@type":"ListItem","position":3,"name":"Einteilung|Die Olympia: Gro\u00dfe Klasse in ihrer Klasse!"}]},{"@type":"WebSite","@id":"https:\/\/www.olympia-charters.nl\/nl\/#website","url":"https:\/\/www.olympia-charters.nl\/nl\/","name":"Olympia Charters","description":"Verhuur van Motorjachten en Sloepen in Nederland","publisher":{"@id":"https:\/\/www.olympia-charters.nl\/nl\/#organization"},"potentialAction":[{"@type":"SearchAction","target":{"@type":"EntryPoint","urlTemplate":"https:\/\/www.olympia-charters.nl\/nl\/?s={search_term_string}"},"query-input":{"@type":"PropertyValueSpecification","valueRequired":true,"valueName":"search_term_string"}}],"inLanguage":"de"},{"@type":"Organization","@id":"https:\/\/www.olympia-charters.nl\/nl\/#organization","name":"Olympia Charters","url":"https:\/\/www.olympia-charters.nl\/nl\/","logo":{"@type":"ImageObject","inLanguage":"de","@id":"https:\/\/www.olympia-charters.nl\/nl\/#\/schema\/logo\/image\/","url":"https:\/\/www.olympia-charters.nl\/wp-content\/uploads\/2009\/10\/logo-square.jpg","contentUrl":"https:\/\/www.olympia-charters.nl\/wp-content\/uploads\/2009\/10\/logo-square.jpg","width":180,"height":180,"caption":"Olympia Charters"},"image":{"@id":"https:\/\/www.olympia-charters.nl\/nl\/#\/schema\/logo\/image\/"},"sameAs":["https:\/\/www.facebook.com\/OlympiaCharters","https:\/\/x.com\/OlympiaCharters"]}]}},"_links":{"self":[{"href":"https:\/\/www.olympia-charters.nl\/de\/wp-json\/wp\/v2\/pages\/172","targetHints":{"allow":["GET"]}}],"collection":[{"href":"https:\/\/www.olympia-charters.nl\/de\/wp-json\/wp\/v2\/pages"}],"about":[{"href":"https:\/\/www.olympia-charters.nl\/de\/wp-json\/wp\/v2\/types\/page"}],"author":[{"embeddable":true,"href":"https:\/\/www.olympia-charters.nl\/de\/wp-json\/wp\/v2\/users\/18"}],"replies":[{"embeddable":true,"href":"https:\/\/www.olympia-charters.nl\/de\/wp-json\/wp\/v2\/comments?post=172"}],"version-history":[{"count":14,"href":"https:\/\/www.olympia-charters.nl\/de\/wp-json\/wp\/v2\/pages\/172\/revisions"}],"predecessor-version":[{"id":2456,"href":"https:\/\/www.olympia-charters.nl\/de\/wp-json\/wp\/v2\/pages\/172\/revisions\/2456"}],"up":[{"embeddable":true,"href":"https:\/\/www.olympia-charters.nl\/de\/wp-json\/wp\/v2\/pages\/178"}],"wp:attachment":[{"href":"https:\/\/www.olympia-charters.nl\/de\/wp-json\/wp\/v2\/media?parent=172"}],"curies":[{"name":"wp","href":"https:\/\/api.w.org\/{rel}","templated":true}]}}