{"id":166,"date":"2008-12-08T14:15:24","date_gmt":"2008-12-08T13:15:24","guid":{"rendered":"https:\/\/www.olympia-charters.nl\/schaluppe-vermietung-kaag\/"},"modified":"2024-03-22T11:59:57","modified_gmt":"2024-03-22T10:59:57","slug":"schaluppe-mieten","status":"publish","type":"page","link":"https:\/\/www.olympia-charters.nl\/de\/schaluppe-mieten\/","title":{"rendered":"Schaluppe Mieten | Schaluppe Vermietung Kaag"},"content":{"rendered":"<div id='revolutionslider_1'  class='avia-layerslider avia-revolutionslider main_color avia-shadow  avia-builder-el-0  el_before_av_hr  avia-builder-el-first   container_wrap fullsize'  >\n\t\t\t<!-- START slider2  de REVOLUTION SLIDER 6.7.40 --><p class=\"rs-p-wp-fix\"><\/p>\n\t\t\t<rs-module-wrap id=\"rev_slider_23_1_wrapper\" data-source=\"gallery\" style=\"visibility:hidden;background:transparent;padding:0;margin:0px auto;margin-top:0;margin-bottom:0;\">\n\t\t\t\t<rs-module id=\"rev_slider_23_1\" style=\"\" data-version=\"6.7.40\">\n\t\t\t\t\t<rs-slides style=\"overflow: hidden; position: absolute;\">\n\t\t\t\t\t\t<rs-slide style=\"position: absolute;\" data-key=\"rs-23\" data-title=\"Slide\" data-anim=\"adpr:false;\">\n\t\t\t\t\t\t\t<img decoding=\"async\" src=\"\/\/www.olympia-charters.nl\/wp-content\/plugins\/revslider\/sr6\/assets\/assets\/dummy.png\" alt=\"\" title=\"Schaluppe Mieten | Schaluppe Vermietung Kaag\" class=\"rev-slidebg tp-rs-img rs-lazyload\" data-lazyload=\"\/\/www.olympia-charters.nl\/wp-content\/uploads\/2015\/12\/DSC_0117_wide.jpg\" data-no-retina>\n<!--\n\t\t\t\t\t\t\t--><rs-layer\n\t\t\t\t\t\t\t\tid=\"slider-23-slide-23-layer-1\" \n\t\t\t\t\t\t\t\tclass=\"tp-shape tp-shapewrapper tp-shape tp-shapewrapper\"\n\t\t\t\t\t\t\t\tdata-type=\"shape\"\n\t\t\t\t\t\t\t\tdata-rsp_ch=\"on\"\n\t\t\t\t\t\t\t\tdata-xy=\"x:l,r,r,r;xo:98px,10px,16px,16px;yo:91px,180px,181px,181px;\"\n\t\t\t\t\t\t\t\tdata-text=\"w:normal;fw:100;\"\n\t\t\t\t\t\t\t\tdata-dim=\"w:689px,490px,441px,441px;h:113px,118px,114px,114px;\"\n\t\t\t\t\t\t\t\tdata-vbility=\"t,t,t,f\"\n\t\t\t\t\t\t\t\tdata-frame_0=\"tp:600;\"\n\t\t\t\t\t\t\t\tdata-frame_1=\"tp:600;e:power2.inOut;st:500;\"\n\t\t\t\t\t\t\t\tdata-frame_999=\"o:0;tp:600;e:nothing;st:w;\"\n\t\t\t\t\t\t\t\tstyle=\"z-index:5;background-color:rgba(64,108,135,1);\"\n\t\t\t\t\t\t\t> \n\t\t\t\t\t\t\t<\/rs-layer><!--\n\n\t\t\t\t\t\t\t--><rs-layer\n\t\t\t\t\t\t\t\tid=\"slider-23-slide-23-layer-2\" \n\t\t\t\t\t\t\t\tclass=\"OlympiaStyle\"\n\t\t\t\t\t\t\t\tdata-type=\"text\"\n\t\t\t\t\t\t\t\tdata-color=\"rgba(255,255,255,1)\"\n\t\t\t\t\t\t\t\tdata-rsp_ch=\"on\"\n\t\t\t\t\t\t\t\tdata-xy=\"x:l,r,r,r;xo:111px,39px,39px,39px;yo:107px,201px,201px,201px;\"\n\t\t\t\t\t\t\t\tdata-text=\"w:normal;s:25;l:28;fw:500;a:center;\"\n\t\t\t\t\t\t\t\tdata-dim=\"w:663px,434px,394px,394px;h:auto,83px,84px,84px;\"\n\t\t\t\t\t\t\t\tdata-vbility=\"t,t,t,f\"\n\t\t\t\t\t\t\t\tdata-padding=\"t:25;r:10;b:25;l:10;\"\n\t\t\t\t\t\t\t\tdata-border=\"bos:solid;boc:rgba(255,255,255,1);bow:1px,1px,1px,1px;\"\n\t\t\t\t\t\t\t\tdata-frame_0=\"tp:600;\"\n\t\t\t\t\t\t\t\tdata-frame_1=\"tp:600;e:power2.inOut;st:500;\"\n\t\t\t\t\t\t\t\tdata-frame_999=\"o:0;tp:600;e:nothing;st:w;\"\n\t\t\t\t\t\t\t\tstyle=\"z-index:6;font-family:'Kotta One', 'sans-serif';letter-spacing:4px;text-align:left;\"\n\t\t\t\t\t\t\t>Entdecken Sie Holland mit ein Schaluppe \n\t\t\t\t\t\t\t<\/rs-layer><!--\n-->\t\t\t\t\t<\/rs-slide>\n\t\t\t\t\t<\/rs-slides>\n\t\t\t\t<\/rs-module>\n\t\t\t\t<script>\n\t\t\t\t\tsetREVStartSize({c: 'rev_slider_23_1',rl:[1240,1024,778,480],el:[],gw:[1800,1300,975,825],gh:[700,600,450,400],type:'hero',justify:'',layout:'fullwidth',mh:\"0\"});if (window.RS_MODULES!==undefined && window.RS_MODULES.modules!==undefined && window.RS_MODULES.modules[\"revslider231\"]!==undefined) {window.RS_MODULES.modules[\"revslider231\"].once = false;window.revapi23 = undefined;if (window.RS_MODULES.checkMinimal!==undefined) window.RS_MODULES.checkMinimal()}\n\t\t\t\t<\/script>\n\t\t\t<\/rs-module-wrap>\n\t\t\t<!-- END REVOLUTION SLIDER -->\n<\/div><div id='after_revolutionslider_1'  class='main_color av_default_container_wrap container_wrap fullsize'  ><div class='container av-section-cont-open' ><div class='template-page content  av-content-full alpha units'><div class='post-entry post-entry-type-page post-entry-166'><div class='entry-content-wrapper clearfix'>\n\n<style type=\"text\/css\" data-created_by=\"avia_inline_auto\" id=\"style-css-av-av_hr-f9c49c3d3336fc54a3f31ed109c785bd\">\n#top .hr.hr-invisible.av-av_hr-f9c49c3d3336fc54a3f31ed109c785bd{\nheight:30px;\n}\n<\/style>\n<div  class='hr av-av_hr-f9c49c3d3336fc54a3f31ed109c785bd hr-invisible  avia-builder-el-1  el_after_av_revolutionslider  el_before_av_textblock  avia-builder-el-first '><span class='hr-inner '><span class=\"hr-inner-style\"><\/span><\/span><\/div>\n<section  class='av_textblock_section av-lu2juost-f2e3bfbef698414ffdef2f486c5e69ce'  itemscope=\"itemscope\" itemtype=\"https:\/\/schema.org\/CreativeWork\" ><div class='avia_textblock'  itemprop=\"text\" ><h1>Schaluppe Mieten<\/h1>\n<p>Gem\u00fctlich eine <strong>Schaluppe mieten.<\/strong>\u00a0Einen Tag auf dem Wasser verbringen und durch die einzigartige holl\u00e4ndische Seenplatte im gr\u00fcnen Herzen der Niederlande fahren. Gem\u00fctlich tuckern, sonnenbaden, schwimmen, angeln, faulenzen und genie\u00dfen.<\/p>\n<p>Nehmen Sie einen gut gef\u00fcllten Picknickkorb mit oder legen Sie unterwegs bei einem der vielen kleinen Restaurants an. Auch Leiden eignet sich ausgezeichnet f\u00fcr eine faszinierende Tour durch die Grachten und Singels der Stadt. Die niedrige Durchfahrth\u00f6he unserer Boote macht es m\u00f6glich unter den meisten Br\u00fccken im Zentrum durchzufahren.<\/p>\n<p>Alle Boote sind mit Kissen und Stauraum unter den B\u00e4nken ausgestattet. Eine Wasserkarte des Fahrreviers ist an Bord, und f\u00fcr Kinder sind auf Wunsch auch Schwimmwesten erh\u00e4ltlich. Nat\u00fcrlich befinden sich auch ein Anker und eine Badeleiter an Bord.<\/p>\n<p><strong>W\u00e4hlen Sie:<\/strong><\/p>\n<ul>\n<li>\n<div><a title=\"Weco 635 (8pers)|Weco 635 Motorsloep (8pers)\" href=\"https:\/\/www.olympia-charters.nl\/de\/schaluppe-vermietung\/weco-635-8-pers\/\">Weco 635 (8 pers) <\/a><\/div>\n<\/li>\n<li>\n<div><a title=\"Seafury 700 (10 pers)|Seafury 700 Motorsloep (10 pers)\" href=\"https:\/\/www.olympia-charters.nl\/de\/schaluppe-vermietung\/seafury-700-10-pers\/\">Seafury 700 (10 pers) <\/a><\/div>\n<\/li>\n<li>\n<div><a title=\"Jan van Gent (18 pers)|\u201dJan van Gent\u201d Motorsloep (18 pers)\" href=\"https:\/\/www.olympia-charters.nl\/de\/schaluppe-vermietung\/jan-van-gent-18-pers\/\">JvG (13 pers) <\/a><\/div>\n<\/li>\n<\/ul>\n<\/div><\/section>\n<\/div><\/div><\/div><!-- close content main div --><\/div><\/div><div id='revolutionslider_2'  class='avia-layerslider avia-revolutionslider main_color avia-shadow  avia-builder-el-3  el_after_av_textblock  el_before_av_hr   slider-not-first container_wrap fullsize'  >\n\t\t\t<!-- START slider3  de REVOLUTION SLIDER 6.7.40 --><p class=\"rs-p-wp-fix\"><\/p>\n\t\t\t<rs-module-wrap id=\"rev_slider_25_2_wrapper\" data-source=\"gallery\" style=\"visibility:hidden;background:transparent;padding:0;margin:0px auto;margin-top:0;margin-bottom:0;\">\n\t\t\t\t<rs-module id=\"rev_slider_25_2\" style=\"\" data-version=\"6.7.40\">\n\t\t\t\t\t<rs-slides style=\"overflow: hidden; position: absolute;\">\n\t\t\t\t\t\t<rs-slide style=\"position: absolute;\" data-key=\"rs-25\" data-title=\"Slide\" data-anim=\"adpr:false;\">\n\t\t\t\t\t\t\t<img decoding=\"async\" src=\"\/\/www.olympia-charters.nl\/wp-content\/plugins\/revslider\/sr6\/assets\/assets\/dummy.png\" alt=\"\" title=\"Schaluppe Mieten | Schaluppe Vermietung Kaag\" class=\"rev-slidebg tp-rs-img rs-lazyload\" data-lazyload=\"\/\/www.olympia-charters.nl\/wp-content\/uploads\/2015\/12\/DSC_0010_wide.jpg\" data-bg=\"p:0% 30%;\" data-no-retina>\n<!---->\t\t\t\t\t<\/rs-slide>\n\t\t\t\t\t<\/rs-slides>\n\t\t\t\t<\/rs-module>\n\t\t\t\t<script>\n\t\t\t\t\tsetREVStartSize({c: 'rev_slider_25_2',rl:[1240,1024,778,480],el:[],gw:[1800,1300,975,825],gh:[700,600,450,400],type:'hero',justify:'',layout:'fullwidth',mh:\"0\"});if (window.RS_MODULES!==undefined && window.RS_MODULES.modules!==undefined && window.RS_MODULES.modules[\"revslider252\"]!==undefined) {window.RS_MODULES.modules[\"revslider252\"].once = false;window.revapi25 = undefined;if (window.RS_MODULES.checkMinimal!==undefined) window.RS_MODULES.checkMinimal()}\n\t\t\t\t<\/script>\n\t\t\t<\/rs-module-wrap>\n\t\t\t<!-- END REVOLUTION SLIDER -->\n<\/div><div id='after_revolutionslider_2'  class='main_color av_default_container_wrap container_wrap fullsize'  ><div class='container av-section-cont-open' ><div class='template-page content  av-content-full alpha units'><div class='post-entry post-entry-type-page post-entry-166'><div class='entry-content-wrapper clearfix'>\n\n<style type=\"text\/css\" data-created_by=\"avia_inline_auto\" id=\"style-css-av-av_hr-f9c49c3d3336fc54a3f31ed109c785bd\">\n#top .hr.hr-invisible.av-av_hr-f9c49c3d3336fc54a3f31ed109c785bd{\nheight:30px;\n}\n<\/style>\n<div  class='hr av-av_hr-f9c49c3d3336fc54a3f31ed109c785bd hr-invisible  avia-builder-el-4  el_after_av_revolutionslider  el_before_av_textblock  avia-builder-el-first '><span class='hr-inner '><span class=\"hr-inner-style\"><\/span><\/span><\/div>\n<section  class='av_textblock_section av-av_textblock-35972167d9f102c5ddaec0c531c98b9e'  itemscope=\"itemscope\" itemtype=\"https:\/\/schema.org\/CreativeWork\" ><div class='avia_textblock'  itemprop=\"text\" ><p>Erfahrung ist nicht erforderlich \u2013 bei Abfahrt werden Sie ausf\u00fchrlich instruiert und wir machen auch eine Probefahrt mit Ihnen.<\/p>\n<p>Minimumalter 21 Jahre. Mitf\u00fchren eines Personalausweises verpflichtet.<\/p>\n<p>Fr\u00fchzeitig reservieren verhindert Entt\u00e4uschungen und bei schlechtem Wetter k\u00f6nnen Sie kostenlos annullieren.<\/p>\n<\/div><\/section>\n","protected":false},"excerpt":{"rendered":"","protected":false},"author":18,"featured_media":0,"parent":0,"menu_order":84,"comment_status":"closed","ping_status":"closed","template":"","meta":{"footnotes":""},"class_list":["post-166","page","type-page","status-publish","hentry"],"yoast_head":"<!-- This site is optimized with the Yoast SEO plugin v27.5 - https:\/\/yoast.com\/product\/yoast-seo-wordpress\/ -->\n<title>Schaluppe mieten Nederland - Bootsverleih in Holland<\/title>\n<meta name=\"description\" content=\"Schaluppe mieten auf der Kagerplassen ist sorgloser Fahrspass. An Bord befindet sich eine Wasserkarte von ihrem Fahrgebiet. Kein F\u00fchrerschein erforderlich\" \/>\n<meta name=\"robots\" content=\"index, follow, max-snippet:-1, max-image-preview:large, max-video-preview:-1\" \/>\n<link rel=\"canonical\" href=\"https:\/\/www.olympia-charters.nl\/de\/schaluppe-mieten\/\" \/>\n<meta property=\"og:locale\" content=\"de_DE\" \/>\n<meta property=\"og:type\" content=\"article\" \/>\n<meta property=\"og:title\" content=\"Schaluppe mieten Nederland - Bootsverleih in Holland\" \/>\n<meta property=\"og:description\" content=\"Schaluppe mieten auf der Kagerplassen ist sorgloser Fahrspass. An Bord befindet sich eine Wasserkarte von ihrem Fahrgebiet. Kein F\u00fchrerschein erforderlich\" \/>\n<meta property=\"og:url\" content=\"https:\/\/www.olympia-charters.nl\/de\/schaluppe-mieten\/\" \/>\n<meta property=\"og:site_name\" content=\"Olympia Charters\" \/>\n<meta property=\"article:publisher\" content=\"https:\/\/www.facebook.com\/OlympiaCharters\" \/>\n<meta property=\"article:modified_time\" content=\"2024-03-22T10:59:57+00:00\" \/>\n<meta name=\"twitter:label1\" content=\"Gesch\u00e4tzte Lesezeit\" \/>\n\t<meta name=\"twitter:data1\" content=\"2\u00a0Minuten\" \/>\n<script type=\"application\/ld+json\" class=\"yoast-schema-graph\">{\"@context\":\"https:\\\/\\\/schema.org\",\"@graph\":[{\"@type\":\"WebPage\",\"@id\":\"https:\\\/\\\/www.olympia-charters.nl\\\/de\\\/schaluppe-mieten\\\/\",\"url\":\"https:\\\/\\\/www.olympia-charters.nl\\\/de\\\/schaluppe-mieten\\\/\",\"name\":\"Schaluppe mieten Nederland - Bootsverleih in Holland\",\"isPartOf\":{\"@id\":\"https:\\\/\\\/www.olympia-charters.nl\\\/nl\\\/#website\"},\"datePublished\":\"2008-12-08T13:15:24+00:00\",\"dateModified\":\"2024-03-22T10:59:57+00:00\",\"description\":\"Schaluppe mieten auf der Kagerplassen ist sorgloser Fahrspass. An Bord befindet sich eine Wasserkarte von ihrem Fahrgebiet. Kein F\u00fchrerschein erforderlich\",\"breadcrumb\":{\"@id\":\"https:\\\/\\\/www.olympia-charters.nl\\\/de\\\/schaluppe-mieten\\\/#breadcrumb\"},\"inLanguage\":\"de\",\"potentialAction\":[{\"@type\":\"ReadAction\",\"target\":[\"https:\\\/\\\/www.olympia-charters.nl\\\/de\\\/schaluppe-mieten\\\/\"]}]},{\"@type\":\"BreadcrumbList\",\"@id\":\"https:\\\/\\\/www.olympia-charters.nl\\\/de\\\/schaluppe-mieten\\\/#breadcrumb\",\"itemListElement\":[{\"@type\":\"ListItem\",\"position\":1,\"name\":\"Home\",\"item\":\"https:\\\/\\\/www.olympia-charters.nl\\\/de\\\/\"},{\"@type\":\"ListItem\",\"position\":2,\"name\":\"Schaluppe Mieten | Schaluppe Vermietung Kaag\"}]},{\"@type\":\"WebSite\",\"@id\":\"https:\\\/\\\/www.olympia-charters.nl\\\/nl\\\/#website\",\"url\":\"https:\\\/\\\/www.olympia-charters.nl\\\/nl\\\/\",\"name\":\"Olympia Charters\",\"description\":\"Verhuur van Motorjachten en Sloepen in Nederland\",\"publisher\":{\"@id\":\"https:\\\/\\\/www.olympia-charters.nl\\\/nl\\\/#organization\"},\"potentialAction\":[{\"@type\":\"SearchAction\",\"target\":{\"@type\":\"EntryPoint\",\"urlTemplate\":\"https:\\\/\\\/www.olympia-charters.nl\\\/nl\\\/?s={search_term_string}\"},\"query-input\":{\"@type\":\"PropertyValueSpecification\",\"valueRequired\":true,\"valueName\":\"search_term_string\"}}],\"inLanguage\":\"de\"},{\"@type\":\"Organization\",\"@id\":\"https:\\\/\\\/www.olympia-charters.nl\\\/nl\\\/#organization\",\"name\":\"Olympia Charters\",\"url\":\"https:\\\/\\\/www.olympia-charters.nl\\\/nl\\\/\",\"logo\":{\"@type\":\"ImageObject\",\"inLanguage\":\"de\",\"@id\":\"https:\\\/\\\/www.olympia-charters.nl\\\/nl\\\/#\\\/schema\\\/logo\\\/image\\\/\",\"url\":\"https:\\\/\\\/www.olympia-charters.nl\\\/wp-content\\\/uploads\\\/2009\\\/10\\\/logo-square.jpg\",\"contentUrl\":\"https:\\\/\\\/www.olympia-charters.nl\\\/wp-content\\\/uploads\\\/2009\\\/10\\\/logo-square.jpg\",\"width\":180,\"height\":180,\"caption\":\"Olympia Charters\"},\"image\":{\"@id\":\"https:\\\/\\\/www.olympia-charters.nl\\\/nl\\\/#\\\/schema\\\/logo\\\/image\\\/\"},\"sameAs\":[\"https:\\\/\\\/www.facebook.com\\\/OlympiaCharters\",\"https:\\\/\\\/x.com\\\/OlympiaCharters\"]}]}<\/script>\n<!-- \/ Yoast SEO plugin. -->","yoast_head_json":{"title":"Schaluppe mieten Nederland - Bootsverleih in Holland","description":"Schaluppe mieten auf der Kagerplassen ist sorgloser Fahrspass. An Bord befindet sich eine Wasserkarte von ihrem Fahrgebiet. Kein F\u00fchrerschein erforderlich","robots":{"index":"index","follow":"follow","max-snippet":"max-snippet:-1","max-image-preview":"max-image-preview:large","max-video-preview":"max-video-preview:-1"},"canonical":"https:\/\/www.olympia-charters.nl\/de\/schaluppe-mieten\/","og_locale":"de_DE","og_type":"article","og_title":"Schaluppe mieten Nederland - Bootsverleih in Holland","og_description":"Schaluppe mieten auf der Kagerplassen ist sorgloser Fahrspass. An Bord befindet sich eine Wasserkarte von ihrem Fahrgebiet. Kein F\u00fchrerschein erforderlich","og_url":"https:\/\/www.olympia-charters.nl\/de\/schaluppe-mieten\/","og_site_name":"Olympia Charters","article_publisher":"https:\/\/www.facebook.com\/OlympiaCharters","article_modified_time":"2024-03-22T10:59:57+00:00","twitter_misc":{"Gesch\u00e4tzte Lesezeit":"2\u00a0Minuten"},"schema":{"@context":"https:\/\/schema.org","@graph":[{"@type":"WebPage","@id":"https:\/\/www.olympia-charters.nl\/de\/schaluppe-mieten\/","url":"https:\/\/www.olympia-charters.nl\/de\/schaluppe-mieten\/","name":"Schaluppe mieten Nederland - Bootsverleih in Holland","isPartOf":{"@id":"https:\/\/www.olympia-charters.nl\/nl\/#website"},"datePublished":"2008-12-08T13:15:24+00:00","dateModified":"2024-03-22T10:59:57+00:00","description":"Schaluppe mieten auf der Kagerplassen ist sorgloser Fahrspass. An Bord befindet sich eine Wasserkarte von ihrem Fahrgebiet. Kein F\u00fchrerschein erforderlich","breadcrumb":{"@id":"https:\/\/www.olympia-charters.nl\/de\/schaluppe-mieten\/#breadcrumb"},"inLanguage":"de","potentialAction":[{"@type":"ReadAction","target":["https:\/\/www.olympia-charters.nl\/de\/schaluppe-mieten\/"]}]},{"@type":"BreadcrumbList","@id":"https:\/\/www.olympia-charters.nl\/de\/schaluppe-mieten\/#breadcrumb","itemListElement":[{"@type":"ListItem","position":1,"name":"Home","item":"https:\/\/www.olympia-charters.nl\/de\/"},{"@type":"ListItem","position":2,"name":"Schaluppe Mieten | Schaluppe Vermietung Kaag"}]},{"@type":"WebSite","@id":"https:\/\/www.olympia-charters.nl\/nl\/#website","url":"https:\/\/www.olympia-charters.nl\/nl\/","name":"Olympia Charters","description":"Verhuur van Motorjachten en Sloepen in Nederland","publisher":{"@id":"https:\/\/www.olympia-charters.nl\/nl\/#organization"},"potentialAction":[{"@type":"SearchAction","target":{"@type":"EntryPoint","urlTemplate":"https:\/\/www.olympia-charters.nl\/nl\/?s={search_term_string}"},"query-input":{"@type":"PropertyValueSpecification","valueRequired":true,"valueName":"search_term_string"}}],"inLanguage":"de"},{"@type":"Organization","@id":"https:\/\/www.olympia-charters.nl\/nl\/#organization","name":"Olympia Charters","url":"https:\/\/www.olympia-charters.nl\/nl\/","logo":{"@type":"ImageObject","inLanguage":"de","@id":"https:\/\/www.olympia-charters.nl\/nl\/#\/schema\/logo\/image\/","url":"https:\/\/www.olympia-charters.nl\/wp-content\/uploads\/2009\/10\/logo-square.jpg","contentUrl":"https:\/\/www.olympia-charters.nl\/wp-content\/uploads\/2009\/10\/logo-square.jpg","width":180,"height":180,"caption":"Olympia Charters"},"image":{"@id":"https:\/\/www.olympia-charters.nl\/nl\/#\/schema\/logo\/image\/"},"sameAs":["https:\/\/www.facebook.com\/OlympiaCharters","https:\/\/x.com\/OlympiaCharters"]}]}},"_links":{"self":[{"href":"https:\/\/www.olympia-charters.nl\/de\/wp-json\/wp\/v2\/pages\/166","targetHints":{"allow":["GET"]}}],"collection":[{"href":"https:\/\/www.olympia-charters.nl\/de\/wp-json\/wp\/v2\/pages"}],"about":[{"href":"https:\/\/www.olympia-charters.nl\/de\/wp-json\/wp\/v2\/types\/page"}],"author":[{"embeddable":true,"href":"https:\/\/www.olympia-charters.nl\/de\/wp-json\/wp\/v2\/users\/18"}],"replies":[{"embeddable":true,"href":"https:\/\/www.olympia-charters.nl\/de\/wp-json\/wp\/v2\/comments?post=166"}],"version-history":[{"count":21,"href":"https:\/\/www.olympia-charters.nl\/de\/wp-json\/wp\/v2\/pages\/166\/revisions"}],"predecessor-version":[{"id":4684,"href":"https:\/\/www.olympia-charters.nl\/de\/wp-json\/wp\/v2\/pages\/166\/revisions\/4684"}],"wp:attachment":[{"href":"https:\/\/www.olympia-charters.nl\/de\/wp-json\/wp\/v2\/media?parent=166"}],"curies":[{"name":"wp","href":"https:\/\/api.w.org\/{rel}","templated":true}]}}