{"id":1547,"date":"2015-01-30T14:57:58","date_gmt":"2015-01-30T13:57:58","guid":{"rendered":"https:\/\/www.olympia-charters.nl\/?page_id=1547"},"modified":"2022-06-30T09:53:34","modified_gmt":"2022-06-30T07:53:34","slug":"fahrgebiet-holland","status":"publish","type":"page","link":"https:\/\/www.olympia-charters.nl\/de\/fahrgebiet-holland\/","title":{"rendered":"Fahrgebiet Holland"},"content":{"rendered":"<h1><strong>Das Fahrgebiet Holland &#8211; ein Ziel f\u00fcr sch\u00f6ne Bootsferien!<\/strong><\/h1>\n<p>Das Fahrgebiet Holland &#8211; Wenn Sie eine Motoryacht mieten in S\u00fcd-Holland, dann werden Sie sicher unvergessliche Bootsferien erleben.<br \/>\nS\u00fcd-Holland nennen die Holl\u00e4nder auch Das Gr\u00fcnen Herz von Holland. Die vielen historischen St\u00e4dte, die in S\u00fcd-Holland liegen, laden zu einem\u00a0Besuch ein. Sie k\u00f6nnen w\u00e4hrend ihrer Bootsferien eine abwechslungsreiche Route ausarbeiten und dabei \u00fcber Binnengew\u00e4sser,\u00a0Seen und bekannte Fl\u00fcsse fahren. Neben ihrer Bootsfahrt<br \/>\ndurch S\u00fcd-Holland gibt es noch gen\u00fcgend Zeit, um die sch\u00f6nen D\u00f6rfer und St\u00e4dte zu besuchen, oder einen Spaziergang durch beispielsweise <a href=\"http:\/\/portal.leiden.nl\/de\/homepage\">Leiden<\/a>, Utrecht, Delft oder Gouda zu unternehmen.<\/p>\n<p><strong>\u00dcber die Kan\u00e4le von S\u00fcd-Holland fahren<\/strong><\/p>\n<p>In S\u00fcd-Holland gibt es\u00a0viele sch\u00f6ne Fl\u00fcsse, wie den Oude Rijn,\u00a0 Gouwe, Aarkanaal und die<br \/>\nHollandse IJssel.\u00a0Das Gr\u00fcne Herz mit seiner unb\u00e4ndigen Naturvielfalt und den historischen<br \/>\nSt\u00e4dten, die man alle mit dem Schiff erreichen kann,\u00a0macht S\u00fcd-Holland zu einem \u00fcberaus<br \/>\nattraktiven Urlaubsziel.<\/p>\n<p><strong>Historische St\u00e4dte im Gr\u00fcnen Herzen<\/strong><\/p>\n<p>Sie k\u00f6nnen unsere Motoryachten f\u00fcr ein Wochenende, eine Kurzwoche oder eine ganze Woche mieten.<br \/>\nLaden Sie Ihre Freunde,\u00a0Kollegen oder Familie ein und erleben Sie gemeinsam einen unvergesslichen Bootsurlaub auf dem Wasser. Wir beraten Sie\u00a0gerne \u00fcber unsere komfortablen Schiffe.<br \/>\nDank der langen Erfahrung unserer professionellen Besatzung brauchen Sie\u00a0\u00fcber keinerlei Kenntnisse oder Fahrpraxis zu verf\u00fcgen. Die Mannschaft wird Ihnen mit Rat und Tat zur Seite stehen und gerne hilfreiche Tipps zur Route geben.<\/p>\n","protected":false},"excerpt":{"rendered":"<p>Das Fahrgebiet Holland &#8211; ein Ziel f\u00fcr sch\u00f6ne Bootsferien! Das Fahrgebiet Holland &#8211; Wenn Sie eine Motoryacht mieten in S\u00fcd-Holland, dann werden Sie sicher unvergessliche Bootsferien erleben. S\u00fcd-Holland nennen die Holl\u00e4nder auch Das Gr\u00fcnen Herz von Holland. Die vielen historischen St\u00e4dte, die in S\u00fcd-Holland liegen, laden zu einem\u00a0Besuch ein. Sie k\u00f6nnen w\u00e4hrend ihrer Bootsferien eine [&hellip;]<\/p>\n","protected":false},"author":2,"featured_media":0,"parent":0,"menu_order":0,"comment_status":"closed","ping_status":"closed","template":"","meta":{"footnotes":""},"class_list":["post-1547","page","type-page","status-publish","hentry"],"yoast_head":"<!-- This site is optimized with the Yoast SEO plugin v27.5 - https:\/\/yoast.com\/product\/yoast-seo-wordpress\/ -->\n<title>Fahrgebiet Holland ein Ziel f\u00fcr sch\u00f6ne Bootsferien!<\/title>\n<meta name=\"description\" content=\"Das Fahrgebiet Holland ist ein Ziel f\u00fcr unvergessliche Bootsferien, zu haben in S\u00fcd-Holland, wo es viele sch\u00f6ne Fl\u00fcsse gibt, wie den Oude Rijn und Gouwe,\" \/>\n<meta name=\"robots\" content=\"index, follow, max-snippet:-1, max-image-preview:large, max-video-preview:-1\" \/>\n<link rel=\"canonical\" href=\"https:\/\/www.olympia-charters.nl\/de\/info__trashed\/fahrgebiet-holland\/\" \/>\n<meta property=\"og:locale\" content=\"de_DE\" \/>\n<meta property=\"og:type\" content=\"article\" \/>\n<meta property=\"og:title\" content=\"Fahrgebiet Holland ein Ziel f\u00fcr sch\u00f6ne Bootsferien!\" \/>\n<meta property=\"og:description\" content=\"Das Fahrgebiet Holland ist ein Ziel f\u00fcr unvergessliche Bootsferien, zu haben in S\u00fcd-Holland, wo es viele sch\u00f6ne Fl\u00fcsse gibt, wie den Oude Rijn und Gouwe,\" \/>\n<meta property=\"og:url\" content=\"https:\/\/www.olympia-charters.nl\/de\/info__trashed\/fahrgebiet-holland\/\" \/>\n<meta property=\"og:site_name\" content=\"Olympia Charters\" \/>\n<meta property=\"article:publisher\" content=\"https:\/\/www.facebook.com\/OlympiaCharters\" \/>\n<meta property=\"article:modified_time\" content=\"2022-06-30T07:53:34+00:00\" \/>\n<meta name=\"twitter:label1\" content=\"Gesch\u00e4tzte Lesezeit\" \/>\n\t<meta name=\"twitter:data1\" content=\"1\u00a0Minute\" \/>\n<script type=\"application\/ld+json\" class=\"yoast-schema-graph\">{\"@context\":\"https:\\\/\\\/schema.org\",\"@graph\":[{\"@type\":\"WebPage\",\"@id\":\"https:\\\/\\\/www.olympia-charters.nl\\\/de\\\/info__trashed\\\/fahrgebiet-holland\\\/\",\"url\":\"https:\\\/\\\/www.olympia-charters.nl\\\/de\\\/info__trashed\\\/fahrgebiet-holland\\\/\",\"name\":\"Fahrgebiet Holland ein Ziel f\u00fcr sch\u00f6ne Bootsferien!\",\"isPartOf\":{\"@id\":\"https:\\\/\\\/www.olympia-charters.nl\\\/nl\\\/#website\"},\"datePublished\":\"2015-01-30T13:57:58+00:00\",\"dateModified\":\"2022-06-30T07:53:34+00:00\",\"description\":\"Das Fahrgebiet Holland ist ein Ziel f\u00fcr unvergessliche Bootsferien, zu haben in S\u00fcd-Holland, wo es viele sch\u00f6ne Fl\u00fcsse gibt, wie den Oude Rijn und Gouwe,\",\"breadcrumb\":{\"@id\":\"https:\\\/\\\/www.olympia-charters.nl\\\/de\\\/info__trashed\\\/fahrgebiet-holland\\\/#breadcrumb\"},\"inLanguage\":\"de\",\"potentialAction\":[{\"@type\":\"ReadAction\",\"target\":[\"https:\\\/\\\/www.olympia-charters.nl\\\/de\\\/info__trashed\\\/fahrgebiet-holland\\\/\"]}]},{\"@type\":\"BreadcrumbList\",\"@id\":\"https:\\\/\\\/www.olympia-charters.nl\\\/de\\\/info__trashed\\\/fahrgebiet-holland\\\/#breadcrumb\",\"itemListElement\":[{\"@type\":\"ListItem\",\"position\":1,\"name\":\"Home\",\"item\":\"https:\\\/\\\/www.olympia-charters.nl\\\/de\\\/\"},{\"@type\":\"ListItem\",\"position\":2,\"name\":\"Fahrgebiet Holland\"}]},{\"@type\":\"WebSite\",\"@id\":\"https:\\\/\\\/www.olympia-charters.nl\\\/nl\\\/#website\",\"url\":\"https:\\\/\\\/www.olympia-charters.nl\\\/nl\\\/\",\"name\":\"Olympia Charters\",\"description\":\"Verhuur van Motorjachten en Sloepen in Nederland\",\"publisher\":{\"@id\":\"https:\\\/\\\/www.olympia-charters.nl\\\/nl\\\/#organization\"},\"potentialAction\":[{\"@type\":\"SearchAction\",\"target\":{\"@type\":\"EntryPoint\",\"urlTemplate\":\"https:\\\/\\\/www.olympia-charters.nl\\\/nl\\\/?s={search_term_string}\"},\"query-input\":{\"@type\":\"PropertyValueSpecification\",\"valueRequired\":true,\"valueName\":\"search_term_string\"}}],\"inLanguage\":\"de\"},{\"@type\":\"Organization\",\"@id\":\"https:\\\/\\\/www.olympia-charters.nl\\\/nl\\\/#organization\",\"name\":\"Olympia Charters\",\"url\":\"https:\\\/\\\/www.olympia-charters.nl\\\/nl\\\/\",\"logo\":{\"@type\":\"ImageObject\",\"inLanguage\":\"de\",\"@id\":\"https:\\\/\\\/www.olympia-charters.nl\\\/nl\\\/#\\\/schema\\\/logo\\\/image\\\/\",\"url\":\"https:\\\/\\\/www.olympia-charters.nl\\\/wp-content\\\/uploads\\\/2009\\\/10\\\/logo-square.jpg\",\"contentUrl\":\"https:\\\/\\\/www.olympia-charters.nl\\\/wp-content\\\/uploads\\\/2009\\\/10\\\/logo-square.jpg\",\"width\":180,\"height\":180,\"caption\":\"Olympia Charters\"},\"image\":{\"@id\":\"https:\\\/\\\/www.olympia-charters.nl\\\/nl\\\/#\\\/schema\\\/logo\\\/image\\\/\"},\"sameAs\":[\"https:\\\/\\\/www.facebook.com\\\/OlympiaCharters\",\"https:\\\/\\\/x.com\\\/OlympiaCharters\"]}]}<\/script>\n<!-- \/ Yoast SEO plugin. -->","yoast_head_json":{"title":"Fahrgebiet Holland ein Ziel f\u00fcr sch\u00f6ne Bootsferien!","description":"Das Fahrgebiet Holland ist ein Ziel f\u00fcr unvergessliche Bootsferien, zu haben in S\u00fcd-Holland, wo es viele sch\u00f6ne Fl\u00fcsse gibt, wie den Oude Rijn und Gouwe,","robots":{"index":"index","follow":"follow","max-snippet":"max-snippet:-1","max-image-preview":"max-image-preview:large","max-video-preview":"max-video-preview:-1"},"canonical":"https:\/\/www.olympia-charters.nl\/de\/info__trashed\/fahrgebiet-holland\/","og_locale":"de_DE","og_type":"article","og_title":"Fahrgebiet Holland ein Ziel f\u00fcr sch\u00f6ne Bootsferien!","og_description":"Das Fahrgebiet Holland ist ein Ziel f\u00fcr unvergessliche Bootsferien, zu haben in S\u00fcd-Holland, wo es viele sch\u00f6ne Fl\u00fcsse gibt, wie den Oude Rijn und Gouwe,","og_url":"https:\/\/www.olympia-charters.nl\/de\/info__trashed\/fahrgebiet-holland\/","og_site_name":"Olympia Charters","article_publisher":"https:\/\/www.facebook.com\/OlympiaCharters","article_modified_time":"2022-06-30T07:53:34+00:00","twitter_misc":{"Gesch\u00e4tzte Lesezeit":"1\u00a0Minute"},"schema":{"@context":"https:\/\/schema.org","@graph":[{"@type":"WebPage","@id":"https:\/\/www.olympia-charters.nl\/de\/info__trashed\/fahrgebiet-holland\/","url":"https:\/\/www.olympia-charters.nl\/de\/info__trashed\/fahrgebiet-holland\/","name":"Fahrgebiet Holland ein Ziel f\u00fcr sch\u00f6ne Bootsferien!","isPartOf":{"@id":"https:\/\/www.olympia-charters.nl\/nl\/#website"},"datePublished":"2015-01-30T13:57:58+00:00","dateModified":"2022-06-30T07:53:34+00:00","description":"Das Fahrgebiet Holland ist ein Ziel f\u00fcr unvergessliche Bootsferien, zu haben in S\u00fcd-Holland, wo es viele sch\u00f6ne Fl\u00fcsse gibt, wie den Oude Rijn und Gouwe,","breadcrumb":{"@id":"https:\/\/www.olympia-charters.nl\/de\/info__trashed\/fahrgebiet-holland\/#breadcrumb"},"inLanguage":"de","potentialAction":[{"@type":"ReadAction","target":["https:\/\/www.olympia-charters.nl\/de\/info__trashed\/fahrgebiet-holland\/"]}]},{"@type":"BreadcrumbList","@id":"https:\/\/www.olympia-charters.nl\/de\/info__trashed\/fahrgebiet-holland\/#breadcrumb","itemListElement":[{"@type":"ListItem","position":1,"name":"Home","item":"https:\/\/www.olympia-charters.nl\/de\/"},{"@type":"ListItem","position":2,"name":"Fahrgebiet Holland"}]},{"@type":"WebSite","@id":"https:\/\/www.olympia-charters.nl\/nl\/#website","url":"https:\/\/www.olympia-charters.nl\/nl\/","name":"Olympia Charters","description":"Verhuur van Motorjachten en Sloepen in Nederland","publisher":{"@id":"https:\/\/www.olympia-charters.nl\/nl\/#organization"},"potentialAction":[{"@type":"SearchAction","target":{"@type":"EntryPoint","urlTemplate":"https:\/\/www.olympia-charters.nl\/nl\/?s={search_term_string}"},"query-input":{"@type":"PropertyValueSpecification","valueRequired":true,"valueName":"search_term_string"}}],"inLanguage":"de"},{"@type":"Organization","@id":"https:\/\/www.olympia-charters.nl\/nl\/#organization","name":"Olympia Charters","url":"https:\/\/www.olympia-charters.nl\/nl\/","logo":{"@type":"ImageObject","inLanguage":"de","@id":"https:\/\/www.olympia-charters.nl\/nl\/#\/schema\/logo\/image\/","url":"https:\/\/www.olympia-charters.nl\/wp-content\/uploads\/2009\/10\/logo-square.jpg","contentUrl":"https:\/\/www.olympia-charters.nl\/wp-content\/uploads\/2009\/10\/logo-square.jpg","width":180,"height":180,"caption":"Olympia Charters"},"image":{"@id":"https:\/\/www.olympia-charters.nl\/nl\/#\/schema\/logo\/image\/"},"sameAs":["https:\/\/www.facebook.com\/OlympiaCharters","https:\/\/x.com\/OlympiaCharters"]}]}},"_links":{"self":[{"href":"https:\/\/www.olympia-charters.nl\/de\/wp-json\/wp\/v2\/pages\/1547","targetHints":{"allow":["GET"]}}],"collection":[{"href":"https:\/\/www.olympia-charters.nl\/de\/wp-json\/wp\/v2\/pages"}],"about":[{"href":"https:\/\/www.olympia-charters.nl\/de\/wp-json\/wp\/v2\/types\/page"}],"author":[{"embeddable":true,"href":"https:\/\/www.olympia-charters.nl\/de\/wp-json\/wp\/v2\/users\/2"}],"replies":[{"embeddable":true,"href":"https:\/\/www.olympia-charters.nl\/de\/wp-json\/wp\/v2\/comments?post=1547"}],"version-history":[{"count":13,"href":"https:\/\/www.olympia-charters.nl\/de\/wp-json\/wp\/v2\/pages\/1547\/revisions"}],"predecessor-version":[{"id":3150,"href":"https:\/\/www.olympia-charters.nl\/de\/wp-json\/wp\/v2\/pages\/1547\/revisions\/3150"}],"wp:attachment":[{"href":"https:\/\/www.olympia-charters.nl\/de\/wp-json\/wp\/v2\/media?parent=1547"}],"curies":[{"name":"wp","href":"https:\/\/api.w.org\/{rel}","templated":true}]}}