{"id":1276,"date":"2014-12-15T09:46:38","date_gmt":"2014-12-15T08:46:38","guid":{"rendered":"https:\/\/www.olympia-charters.nl\/?page_id=1276"},"modified":"2022-06-30T09:53:35","modified_gmt":"2022-06-30T07:53:35","slug":"hausbootferien-niederlande","status":"publish","type":"page","link":"https:\/\/www.olympia-charters.nl\/de\/hausbootferien-niederlande\/","title":{"rendered":"Hausbootferien Niederlande"},"content":{"rendered":"<h1>Hausbootferien Niederlande 2 bis 12 Pers.<\/h1>\n<p>Wenn Sie nach Hausbootferien in den Niederlanden suchen, brauchen Sie jetzt nicht mehr weiter zu suchen.<br \/>\nOlympia Charters in Warmond, bietet Ihnen den kompletten Hausbootverleih in den Niederlanden, den Sie suchen. Da wir schon seit 1977 Hausboote vermieten\u00a0und schon viele internationale G\u00e4ste auf unserer Werft begr\u00fc\u00dfen durften, k\u00f6nnen wir Ihnen einen kompletten Service zusichern.<\/p>\n<p>Sie werden viele typisch holl\u00e4ndische St\u00e4dte, wie\u00a0<a href=\"http:\/\/www.iamsterdam.com\/de\/\"><strong>Amsterdam<\/strong><\/a><strong>, <\/strong><a href=\"http:\/\/www.vvvhartvannoordholland.nl\/content\/plaats.asp?menu=1028_000068_000000_000000\/\"><strong>Alkmaar<\/strong><\/a><strong>, <\/strong><a href=\"http:\/\/www.vvv-volendam.nl\/nl\/wilkommen\/\"><strong>Volendam<\/strong><\/a> <strong>und\u00a0<\/strong><a href=\"http:\/\/www.haarlemmarketing.de\/\"><strong>Haarlem<\/strong><\/a> durchqueren und werden dort immer herzlich empfangen. Die Tulpenfelder, die bekannten Windm\u00fchlen und die k\u00f6stlichen K\u00e4sesorten machen ihre Ferien\u00a0in den Niederlanden unvergesslich.\u00a0Ihre Bootsfahrt wird reich an Natur, Kultur und Geschichte sein!<br \/>\nOlympia Charters in Warmond ist deshalb auch der besten Startpunkt f\u00fcr Hausboot Ferien in den Niederlanden.<\/p>\n<p>Die niederl\u00e4ndische Hauptstadt Amsterdam ist immer einen Besuch wert und lockt mit zahlreichen Sehensw\u00fcrdigkeiten,\u00a0Museen und\u00a0einem vielseitigen Nachtleben. Im Rijksmuseum k\u00f6nnen Sie die Meisterwerke von Vermeer, Rembrandt und Ruisdael betrachten und auch ein Besuch im Van Gogh Museum ist lohnenswert. Schlendern Sie durch die Stra\u00dfen\u00a0und entlang der Grachten und erleben Sie\u00a0dabei die kosmopolitische Atmosph\u00e4re der Stadt.<\/p>\n<p>In Utrecht steht einer der bedeutendsten Kirchenbauten der Niederlande: der Utrechter Dom.<br \/>\nSeit das Langhaus 1674 durch einen Orkan\u00a0einst\u00fcrzte, klafft eine L\u00fccke zwischen der Vierung<br \/>\nund dem Westturm, der mit 112,5 m der h\u00f6chste\u00a0Kirchturm des Landes ist.<\/p>\n<p>Besuchen Sie w\u00e4hrend ihres Urlaubs aber auch St\u00e4dte wie Alkmaar mit seinem ber\u00fchmten<br \/>\nK\u00e4semarkt oder Muiden,\u00a0wo mit der 1280 erbauten,\u00a0imposanten Backsteinburg \u201eMuiderslot\u201c<br \/>\ndie \u00e4lteste Burg der Niederlande steht.\u00a0Ebenso wenig darf ein Abstecher nach Gouda fehlen,<br \/>\nder unumstrittenen <a href=\"http:\/\/www.haarlemmarketing.de\/\">K\u00e4se-Hauptstadt<\/a>, mit ihren zahlreichen\u00a0Grachten und Br\u00fccken.<\/p>\n<p>F\u00fcr weitere Ausk\u00fcnfte \u00fcber den g\u00fcnstigsten Hausbootverleih in den Niederlanden, \u00a0klicken Sie einfach weiter durch unsere\u00a0Website. Hier finden Sie weitere Informationen \u00fcber uns und unseren Service. Selbstverst\u00e4ndlich sind wir auch telefonisch\u00a0zu erreichen unter der Telefonnummer\u00a00031 -713010043.<br \/>\nWir werden Ihnen gerne mehr \u00fcber die Hausbootferien Niederlande erz\u00e4hlen.<\/p>\n<p>&nbsp;<\/p>\n<p>&nbsp;<\/p>\n","protected":false},"excerpt":{"rendered":"<p>Hausbootferien Niederlande 2 bis 12 Pers. Wenn Sie nach Hausbootferien in den Niederlanden suchen, brauchen Sie jetzt nicht mehr weiter zu suchen. Olympia Charters in Warmond, bietet Ihnen den kompletten Hausbootverleih in den Niederlanden, den Sie suchen. Da wir schon seit 1977 Hausboote vermieten\u00a0und schon viele internationale G\u00e4ste auf unserer Werft begr\u00fc\u00dfen durften, k\u00f6nnen wir [&hellip;]<\/p>\n","protected":false},"author":2,"featured_media":0,"parent":0,"menu_order":0,"comment_status":"closed","ping_status":"closed","template":"","meta":{"footnotes":""},"class_list":["post-1276","page","type-page","status-publish","hentry"],"yoast_head":"<!-- This site is optimized with the Yoast SEO plugin v27.4 - https:\/\/yoast.com\/product\/yoast-seo-wordpress\/ -->\n<title>Hasubootferien Niederlande - Olympia Charters 2 bis 12 Pers.<\/title>\n<meta name=\"description\" content=\"Bei Hausbootferien Niederlande k\u00f6nnen Sie neben der farbenfrohen Natur auch viele kulturelle interessante St\u00e4dte erleben\" \/>\n<meta name=\"robots\" content=\"index, follow, max-snippet:-1, max-image-preview:large, max-video-preview:-1\" \/>\n<link rel=\"canonical\" href=\"https:\/\/www.olympia-charters.nl\/de\/info__trashed\/hausbootferien-niederlande\/\" \/>\n<meta property=\"og:locale\" content=\"de_DE\" \/>\n<meta property=\"og:type\" content=\"article\" \/>\n<meta property=\"og:title\" content=\"Hasubootferien Niederlande - Olympia Charters 2 bis 12 Pers.\" \/>\n<meta property=\"og:description\" content=\"Bei Hausbootferien Niederlande k\u00f6nnen Sie neben der farbenfrohen Natur auch viele kulturelle interessante St\u00e4dte erleben\" \/>\n<meta property=\"og:url\" content=\"https:\/\/www.olympia-charters.nl\/de\/info__trashed\/hausbootferien-niederlande\/\" \/>\n<meta property=\"og:site_name\" content=\"Olympia Charters\" \/>\n<meta property=\"article:publisher\" content=\"https:\/\/www.facebook.com\/OlympiaCharters\" \/>\n<meta property=\"article:modified_time\" content=\"2022-06-30T07:53:35+00:00\" \/>\n<meta name=\"twitter:label1\" content=\"Gesch\u00e4tzte Lesezeit\" \/>\n\t<meta name=\"twitter:data1\" content=\"2\u00a0Minuten\" \/>\n<script type=\"application\/ld+json\" class=\"yoast-schema-graph\">{\"@context\":\"https:\\\/\\\/schema.org\",\"@graph\":[{\"@type\":\"WebPage\",\"@id\":\"https:\\\/\\\/www.olympia-charters.nl\\\/de\\\/info__trashed\\\/hausbootferien-niederlande\\\/\",\"url\":\"https:\\\/\\\/www.olympia-charters.nl\\\/de\\\/info__trashed\\\/hausbootferien-niederlande\\\/\",\"name\":\"Hasubootferien Niederlande - Olympia Charters 2 bis 12 Pers.\",\"isPartOf\":{\"@id\":\"https:\\\/\\\/www.olympia-charters.nl\\\/nl\\\/#website\"},\"datePublished\":\"2014-12-15T08:46:38+00:00\",\"dateModified\":\"2022-06-30T07:53:35+00:00\",\"description\":\"Bei Hausbootferien Niederlande k\u00f6nnen Sie neben der farbenfrohen Natur auch viele kulturelle interessante St\u00e4dte erleben\",\"breadcrumb\":{\"@id\":\"https:\\\/\\\/www.olympia-charters.nl\\\/de\\\/info__trashed\\\/hausbootferien-niederlande\\\/#breadcrumb\"},\"inLanguage\":\"de\",\"potentialAction\":[{\"@type\":\"ReadAction\",\"target\":[\"https:\\\/\\\/www.olympia-charters.nl\\\/de\\\/info__trashed\\\/hausbootferien-niederlande\\\/\"]}]},{\"@type\":\"BreadcrumbList\",\"@id\":\"https:\\\/\\\/www.olympia-charters.nl\\\/de\\\/info__trashed\\\/hausbootferien-niederlande\\\/#breadcrumb\",\"itemListElement\":[{\"@type\":\"ListItem\",\"position\":1,\"name\":\"Home\",\"item\":\"https:\\\/\\\/www.olympia-charters.nl\\\/de\\\/\"},{\"@type\":\"ListItem\",\"position\":2,\"name\":\"Hausbootferien Niederlande\"}]},{\"@type\":\"WebSite\",\"@id\":\"https:\\\/\\\/www.olympia-charters.nl\\\/nl\\\/#website\",\"url\":\"https:\\\/\\\/www.olympia-charters.nl\\\/nl\\\/\",\"name\":\"Olympia Charters\",\"description\":\"Verhuur van Motorjachten en Sloepen in Nederland\",\"publisher\":{\"@id\":\"https:\\\/\\\/www.olympia-charters.nl\\\/nl\\\/#organization\"},\"potentialAction\":[{\"@type\":\"SearchAction\",\"target\":{\"@type\":\"EntryPoint\",\"urlTemplate\":\"https:\\\/\\\/www.olympia-charters.nl\\\/nl\\\/?s={search_term_string}\"},\"query-input\":{\"@type\":\"PropertyValueSpecification\",\"valueRequired\":true,\"valueName\":\"search_term_string\"}}],\"inLanguage\":\"de\"},{\"@type\":\"Organization\",\"@id\":\"https:\\\/\\\/www.olympia-charters.nl\\\/nl\\\/#organization\",\"name\":\"Olympia Charters\",\"url\":\"https:\\\/\\\/www.olympia-charters.nl\\\/nl\\\/\",\"logo\":{\"@type\":\"ImageObject\",\"inLanguage\":\"de\",\"@id\":\"https:\\\/\\\/www.olympia-charters.nl\\\/nl\\\/#\\\/schema\\\/logo\\\/image\\\/\",\"url\":\"https:\\\/\\\/www.olympia-charters.nl\\\/wp-content\\\/uploads\\\/2009\\\/10\\\/logo-square.jpg\",\"contentUrl\":\"https:\\\/\\\/www.olympia-charters.nl\\\/wp-content\\\/uploads\\\/2009\\\/10\\\/logo-square.jpg\",\"width\":180,\"height\":180,\"caption\":\"Olympia Charters\"},\"image\":{\"@id\":\"https:\\\/\\\/www.olympia-charters.nl\\\/nl\\\/#\\\/schema\\\/logo\\\/image\\\/\"},\"sameAs\":[\"https:\\\/\\\/www.facebook.com\\\/OlympiaCharters\",\"https:\\\/\\\/x.com\\\/OlympiaCharters\"]}]}<\/script>\n<!-- \/ Yoast SEO plugin. -->","yoast_head_json":{"title":"Hasubootferien Niederlande - Olympia Charters 2 bis 12 Pers.","description":"Bei Hausbootferien Niederlande k\u00f6nnen Sie neben der farbenfrohen Natur auch viele kulturelle interessante St\u00e4dte erleben","robots":{"index":"index","follow":"follow","max-snippet":"max-snippet:-1","max-image-preview":"max-image-preview:large","max-video-preview":"max-video-preview:-1"},"canonical":"https:\/\/www.olympia-charters.nl\/de\/info__trashed\/hausbootferien-niederlande\/","og_locale":"de_DE","og_type":"article","og_title":"Hasubootferien Niederlande - Olympia Charters 2 bis 12 Pers.","og_description":"Bei Hausbootferien Niederlande k\u00f6nnen Sie neben der farbenfrohen Natur auch viele kulturelle interessante St\u00e4dte erleben","og_url":"https:\/\/www.olympia-charters.nl\/de\/info__trashed\/hausbootferien-niederlande\/","og_site_name":"Olympia Charters","article_publisher":"https:\/\/www.facebook.com\/OlympiaCharters","article_modified_time":"2022-06-30T07:53:35+00:00","twitter_misc":{"Gesch\u00e4tzte Lesezeit":"2\u00a0Minuten"},"schema":{"@context":"https:\/\/schema.org","@graph":[{"@type":"WebPage","@id":"https:\/\/www.olympia-charters.nl\/de\/info__trashed\/hausbootferien-niederlande\/","url":"https:\/\/www.olympia-charters.nl\/de\/info__trashed\/hausbootferien-niederlande\/","name":"Hasubootferien Niederlande - Olympia Charters 2 bis 12 Pers.","isPartOf":{"@id":"https:\/\/www.olympia-charters.nl\/nl\/#website"},"datePublished":"2014-12-15T08:46:38+00:00","dateModified":"2022-06-30T07:53:35+00:00","description":"Bei Hausbootferien Niederlande k\u00f6nnen Sie neben der farbenfrohen Natur auch viele kulturelle interessante St\u00e4dte erleben","breadcrumb":{"@id":"https:\/\/www.olympia-charters.nl\/de\/info__trashed\/hausbootferien-niederlande\/#breadcrumb"},"inLanguage":"de","potentialAction":[{"@type":"ReadAction","target":["https:\/\/www.olympia-charters.nl\/de\/info__trashed\/hausbootferien-niederlande\/"]}]},{"@type":"BreadcrumbList","@id":"https:\/\/www.olympia-charters.nl\/de\/info__trashed\/hausbootferien-niederlande\/#breadcrumb","itemListElement":[{"@type":"ListItem","position":1,"name":"Home","item":"https:\/\/www.olympia-charters.nl\/de\/"},{"@type":"ListItem","position":2,"name":"Hausbootferien Niederlande"}]},{"@type":"WebSite","@id":"https:\/\/www.olympia-charters.nl\/nl\/#website","url":"https:\/\/www.olympia-charters.nl\/nl\/","name":"Olympia Charters","description":"Verhuur van Motorjachten en Sloepen in Nederland","publisher":{"@id":"https:\/\/www.olympia-charters.nl\/nl\/#organization"},"potentialAction":[{"@type":"SearchAction","target":{"@type":"EntryPoint","urlTemplate":"https:\/\/www.olympia-charters.nl\/nl\/?s={search_term_string}"},"query-input":{"@type":"PropertyValueSpecification","valueRequired":true,"valueName":"search_term_string"}}],"inLanguage":"de"},{"@type":"Organization","@id":"https:\/\/www.olympia-charters.nl\/nl\/#organization","name":"Olympia Charters","url":"https:\/\/www.olympia-charters.nl\/nl\/","logo":{"@type":"ImageObject","inLanguage":"de","@id":"https:\/\/www.olympia-charters.nl\/nl\/#\/schema\/logo\/image\/","url":"https:\/\/www.olympia-charters.nl\/wp-content\/uploads\/2009\/10\/logo-square.jpg","contentUrl":"https:\/\/www.olympia-charters.nl\/wp-content\/uploads\/2009\/10\/logo-square.jpg","width":180,"height":180,"caption":"Olympia Charters"},"image":{"@id":"https:\/\/www.olympia-charters.nl\/nl\/#\/schema\/logo\/image\/"},"sameAs":["https:\/\/www.facebook.com\/OlympiaCharters","https:\/\/x.com\/OlympiaCharters"]}]}},"_links":{"self":[{"href":"https:\/\/www.olympia-charters.nl\/de\/wp-json\/wp\/v2\/pages\/1276","targetHints":{"allow":["GET"]}}],"collection":[{"href":"https:\/\/www.olympia-charters.nl\/de\/wp-json\/wp\/v2\/pages"}],"about":[{"href":"https:\/\/www.olympia-charters.nl\/de\/wp-json\/wp\/v2\/types\/page"}],"author":[{"embeddable":true,"href":"https:\/\/www.olympia-charters.nl\/de\/wp-json\/wp\/v2\/users\/2"}],"replies":[{"embeddable":true,"href":"https:\/\/www.olympia-charters.nl\/de\/wp-json\/wp\/v2\/comments?post=1276"}],"version-history":[{"count":15,"href":"https:\/\/www.olympia-charters.nl\/de\/wp-json\/wp\/v2\/pages\/1276\/revisions"}],"predecessor-version":[{"id":4865,"href":"https:\/\/www.olympia-charters.nl\/de\/wp-json\/wp\/v2\/pages\/1276\/revisions\/4865"}],"wp:attachment":[{"href":"https:\/\/www.olympia-charters.nl\/de\/wp-json\/wp\/v2\/media?parent=1276"}],"curies":[{"name":"wp","href":"https:\/\/api.w.org\/{rel}","templated":true}]}}