{"id":1264,"date":"2014-12-12T16:56:12","date_gmt":"2014-12-12T15:56:12","guid":{"rendered":"https:\/\/www.olympia-charters.nl\/?page_id=1264"},"modified":"2022-06-30T09:53:35","modified_gmt":"2022-06-30T07:53:35","slug":"hausboot-mieten-ohne-fuhrerschein","status":"publish","type":"page","link":"https:\/\/www.olympia-charters.nl\/de\/hausboot-mieten-ohne-fuhrerschein\/","title":{"rendered":"Hausboot Mieten ohne F\u00fchrerschein"},"content":{"rendered":"<h1><span lang=\"DE\">Hausboot mieten ohne F\u00fchrerschein in Holland<\/span><\/h1>\n<p><span lang=\"DE\">M\u00f6chten Sie ein Hausboot mieten\u00a0ohne F\u00fchrerschein, fahren ohne Sorgen und einfach nur genie\u00dfen? Dann sind Sie bei Olympia Charters in Warmond an der richtigen Adresse. Wir sorgen f\u00fcr eine ideale Tour auf dem Wasser und einen sorgenfreien Bootsurlaub. Olympia Charters\u00a0ist der Spezialist f\u00fcr Hausboot mieten\u00a0ohne F\u00fchrerschein. Wir sind gefestigt in<br \/>\nWarmond im Westen von Holland zwischen den gro\u00dfen St\u00e4dten\u00a0<a href=\"http:\/\/www.iamsterdam.com\/de\">Amsterdam<\/a>,\u00a0<a href=\"http:\/\/denhaag.com\/de\/tourismusbuero\">Den Haag<\/a>,\u00a0<a href=\"http:\/\/portal.leiden.nl\/de\/homepage\">Leiden<\/a>, <a href=\"http:\/\/www.delft.nl\/delften\/Tourists\">Delft<\/a>\u00a0und\u00a0<a href=\"http:\/\/www.bezoek-utrecht.nl\/vvv-utrecht\">Utrecht<\/a>.<\/span><\/p>\n<p><span lang=\"DE\">Ihr Traumurlaub auf den Holl\u00e4ndischen Wassern f\u00e4ngt hier an. Wenn Sie ein Hausboot mieten in Holland, bieten wir\u00a0Ihnen den kompletten Hausbootverleih in Holland, den Sie suchen.<br \/>\nBei Bedarf fahren wir sogar mit und erkl\u00e4ren Ihnen unsere\u00a0Boote ausf\u00fchrlich.<br \/>\nUnser Angebot ist gro\u00df und variiert. Wenn Sie sich f\u00fcr unser Angebot \u201eHausboot mieten in Holland\u201c entscheiden, bekommen Sie bei uns nat\u00fcrlich den Service, den Sie erwarten.<\/span><\/p>\n<p><span lang=\"DE\">Wir bieten Ihnen unsere\u00a0<a href=\"https:\/\/www.olympia-charters.nl\/de\/yachtvermietung\/yacht-charter-in-holland\/\">Olympia Superkreuzer<\/a>\u00a0f\u00fcr 12 Personen oder unsere\u00a0<a href=\"https:\/\/www.olympia-charters.nl\/de\/olympia-34-kreuzer\/yachtcharter-in-holland\/\">Olympia 34 Kreuzer<\/a> f\u00fcr 4 bis 6 Personen an. Beide Schiffe haben eine Durchfahrth\u00f6he von nur 2.40 Meter, das hei\u00dft Sie k\u00f6nnen viele Strecke fahren, ohne bei Br\u00fccken warten zu m\u00fcssen.<\/span><\/p>\n<p><span lang=\"DE\">F\u00fchrerscheinfrei sind unsere Boote, die k\u00fcrzer als 15 Meter sind und die nicht schneller als 20 km\/h fahren k\u00f6nnen. Trotzdem sollte man nicht ganz ohne Kenntnisse fahren, denn sonst k\u00f6nnte der verdiente Urlaub urpl\u00f6tzlich doch in Stress ausarten. So kann sich f\u00fcr Hausboot-Neulinge ein Blick in das Buch \u201c<a href=\"http:\/\/www.amazon.de\/gp\/product\/3980891038\/ref=as_li_ss_tl?ie=UTF8&amp;camp=1638&amp;creative=19454&amp;creativeASIN=3980891038&amp;linkCode=as2&amp;tag=bootssaisonde-21\">Charterfibel: Hausbootwissen f\u00fcr Einsteiger. Mit der neuen Charterbescheinigung<\/a>\u201c lohnen.<\/span><\/p>\n<p><span lang=\"DE\">Wir laden Sie gerne zu uns ein, und bieten Ihnen sogar die M\u00f6glichkeit hier ihr Boot zu reservieren.<br \/>\nF\u00fcr weitere Ausk\u00fcnfte laden wir Sie gerne weiter auf unsere Website ein. Hier finden Sie alle<br \/>\nInformationen\u00a0\u00fcber unseren Hausbootverleih Holland. Wenn Sie uns einmal pers\u00f6nlich sprechen m\u00f6chten, dann erreichen Sie uns telefonisch unter der Nummer +31-713010043.<\/span><\/p>\n<div id=\"attachment_1269\" style=\"width: 310px\" class=\"wp-caption alignnone\"><a href=\"https:\/\/www.olympia-charters.nl\/wp-content\/uploads\/2014\/12\/Bootsfuehrerschein.jpg\"><img loading=\"lazy\" decoding=\"async\" aria-describedby=\"caption-attachment-1269\" class=\"wp-image-1269 size-medium\" src=\"https:\/\/www.olympia-charters.nl\/wp-content\/uploads\/2014\/12\/Bootsfuehrerschein-300x273.jpg\" alt=\"Hausboot mieten ohne F\u00fchrerschein fahren in Holland\" width=\"300\" height=\"273\" srcset=\"https:\/\/www.olympia-charters.nl\/wp-content\/uploads\/2014\/12\/Bootsfuehrerschein-300x273.jpg 300w, https:\/\/www.olympia-charters.nl\/wp-content\/uploads\/2014\/12\/Bootsfuehrerschein.jpg 600w\" sizes=\"auto, (max-width: 300px) 100vw, 300px\" \/><\/a><p id=\"caption-attachment-1269\" class=\"wp-caption-text\">Hausboot mieten ohne F\u00fchrerschein fahren in Holland<\/p><\/div>\n","protected":false},"excerpt":{"rendered":"<p>Hausboot mieten ohne F\u00fchrerschein in Holland M\u00f6chten Sie ein Hausboot mieten\u00a0ohne F\u00fchrerschein, fahren ohne Sorgen und einfach nur genie\u00dfen? Dann sind Sie bei Olympia Charters in Warmond an der richtigen Adresse. Wir sorgen f\u00fcr eine ideale Tour auf dem Wasser und einen sorgenfreien Bootsurlaub. Olympia Charters\u00a0ist der Spezialist f\u00fcr Hausboot mieten\u00a0ohne F\u00fchrerschein. Wir sind gefestigt [&hellip;]<\/p>\n","protected":false},"author":2,"featured_media":0,"parent":0,"menu_order":4,"comment_status":"closed","ping_status":"closed","template":"","meta":{"footnotes":""},"class_list":["post-1264","page","type-page","status-publish","hentry"],"yoast_head":"<!-- This site is optimized with the Yoast SEO plugin v27.5 - https:\/\/yoast.com\/product\/yoast-seo-wordpress\/ -->\n<title>Hausboot mieten ohne F\u00fchrerschein in Holland miet ein Hausboot<\/title>\n<meta name=\"description\" content=\"M\u00f6chten Sie ein Hausboot mieten ohne F\u00fchrerschein in Holland und ohne Sorgen fahren, dann sind Sie bei Olympia Charters an der richtigen Adresse.\" \/>\n<meta name=\"robots\" content=\"index, follow, max-snippet:-1, max-image-preview:large, max-video-preview:-1\" \/>\n<link rel=\"canonical\" href=\"https:\/\/www.olympia-charters.nl\/de\/info__trashed\/hausboot-mieten-ohne-fuhrerschein\/\" \/>\n<meta property=\"og:locale\" content=\"de_DE\" \/>\n<meta property=\"og:type\" content=\"article\" \/>\n<meta property=\"og:title\" content=\"F\u00fchrerscheinfrei Boot fahren in Holland\" \/>\n<meta property=\"og:description\" content=\"M\u00f6chten Sie ein Hausboot mieten ohne F\u00fchrerschein in Holland und ohne Sorgen fahren, dann sind Sie bei Olympia Charters an der richtigen Adresse.\" \/>\n<meta property=\"og:url\" content=\"https:\/\/www.olympia-charters.nl\/de\/info__trashed\/hausboot-mieten-ohne-fuhrerschein\/\" \/>\n<meta property=\"og:site_name\" content=\"Olympia Charters\" \/>\n<meta property=\"article:publisher\" content=\"https:\/\/www.facebook.com\/OlympiaCharters\" \/>\n<meta property=\"article:modified_time\" content=\"2022-06-30T07:53:35+00:00\" \/>\n<meta property=\"og:image\" content=\"https:\/\/www.olympia-charters.nl\/wp-content\/uploads\/2014\/11\/Olympia-12.jpg\" \/>\n\t<meta property=\"og:image:width\" content=\"968\" \/>\n\t<meta property=\"og:image:height\" content=\"643\" \/>\n\t<meta property=\"og:image:type\" content=\"image\/jpeg\" \/>\n<meta name=\"twitter:label1\" content=\"Gesch\u00e4tzte Lesezeit\" \/>\n\t<meta name=\"twitter:data1\" content=\"2\u00a0Minuten\" \/>\n<script type=\"application\/ld+json\" class=\"yoast-schema-graph\">{\"@context\":\"https:\\\/\\\/schema.org\",\"@graph\":[{\"@type\":\"WebPage\",\"@id\":\"https:\\\/\\\/www.olympia-charters.nl\\\/de\\\/info__trashed\\\/hausboot-mieten-ohne-fuhrerschein\\\/\",\"url\":\"https:\\\/\\\/www.olympia-charters.nl\\\/de\\\/info__trashed\\\/hausboot-mieten-ohne-fuhrerschein\\\/\",\"name\":\"Hausboot mieten ohne F\u00fchrerschein in Holland miet ein Hausboot\",\"isPartOf\":{\"@id\":\"https:\\\/\\\/www.olympia-charters.nl\\\/nl\\\/#website\"},\"primaryImageOfPage\":{\"@id\":\"https:\\\/\\\/www.olympia-charters.nl\\\/de\\\/info__trashed\\\/hausboot-mieten-ohne-fuhrerschein\\\/#primaryimage\"},\"image\":{\"@id\":\"https:\\\/\\\/www.olympia-charters.nl\\\/de\\\/info__trashed\\\/hausboot-mieten-ohne-fuhrerschein\\\/#primaryimage\"},\"thumbnailUrl\":\"https:\\\/\\\/www.olympia-charters.nl\\\/wp-content\\\/uploads\\\/2014\\\/12\\\/Bootsfuehrerschein-300x273.jpg\",\"datePublished\":\"2014-12-12T15:56:12+00:00\",\"dateModified\":\"2022-06-30T07:53:35+00:00\",\"description\":\"M\u00f6chten Sie ein Hausboot mieten ohne F\u00fchrerschein in Holland und ohne Sorgen fahren, dann sind Sie bei Olympia Charters an der richtigen Adresse.\",\"breadcrumb\":{\"@id\":\"https:\\\/\\\/www.olympia-charters.nl\\\/de\\\/info__trashed\\\/hausboot-mieten-ohne-fuhrerschein\\\/#breadcrumb\"},\"inLanguage\":\"de\",\"potentialAction\":[{\"@type\":\"ReadAction\",\"target\":[\"https:\\\/\\\/www.olympia-charters.nl\\\/de\\\/info__trashed\\\/hausboot-mieten-ohne-fuhrerschein\\\/\"]}]},{\"@type\":\"ImageObject\",\"inLanguage\":\"de\",\"@id\":\"https:\\\/\\\/www.olympia-charters.nl\\\/de\\\/info__trashed\\\/hausboot-mieten-ohne-fuhrerschein\\\/#primaryimage\",\"url\":\"https:\\\/\\\/www.olympia-charters.nl\\\/wp-content\\\/uploads\\\/2014\\\/12\\\/Bootsfuehrerschein-300x273.jpg\",\"contentUrl\":\"https:\\\/\\\/www.olympia-charters.nl\\\/wp-content\\\/uploads\\\/2014\\\/12\\\/Bootsfuehrerschein-300x273.jpg\"},{\"@type\":\"BreadcrumbList\",\"@id\":\"https:\\\/\\\/www.olympia-charters.nl\\\/de\\\/info__trashed\\\/hausboot-mieten-ohne-fuhrerschein\\\/#breadcrumb\",\"itemListElement\":[{\"@type\":\"ListItem\",\"position\":1,\"name\":\"Home\",\"item\":\"https:\\\/\\\/www.olympia-charters.nl\\\/de\\\/\"},{\"@type\":\"ListItem\",\"position\":2,\"name\":\"Hausboot Mieten ohne F\u00fchrerschein\"}]},{\"@type\":\"WebSite\",\"@id\":\"https:\\\/\\\/www.olympia-charters.nl\\\/nl\\\/#website\",\"url\":\"https:\\\/\\\/www.olympia-charters.nl\\\/nl\\\/\",\"name\":\"Olympia Charters\",\"description\":\"Verhuur van Motorjachten en Sloepen in Nederland\",\"publisher\":{\"@id\":\"https:\\\/\\\/www.olympia-charters.nl\\\/nl\\\/#organization\"},\"potentialAction\":[{\"@type\":\"SearchAction\",\"target\":{\"@type\":\"EntryPoint\",\"urlTemplate\":\"https:\\\/\\\/www.olympia-charters.nl\\\/nl\\\/?s={search_term_string}\"},\"query-input\":{\"@type\":\"PropertyValueSpecification\",\"valueRequired\":true,\"valueName\":\"search_term_string\"}}],\"inLanguage\":\"de\"},{\"@type\":\"Organization\",\"@id\":\"https:\\\/\\\/www.olympia-charters.nl\\\/nl\\\/#organization\",\"name\":\"Olympia Charters\",\"url\":\"https:\\\/\\\/www.olympia-charters.nl\\\/nl\\\/\",\"logo\":{\"@type\":\"ImageObject\",\"inLanguage\":\"de\",\"@id\":\"https:\\\/\\\/www.olympia-charters.nl\\\/nl\\\/#\\\/schema\\\/logo\\\/image\\\/\",\"url\":\"https:\\\/\\\/www.olympia-charters.nl\\\/wp-content\\\/uploads\\\/2009\\\/10\\\/logo-square.jpg\",\"contentUrl\":\"https:\\\/\\\/www.olympia-charters.nl\\\/wp-content\\\/uploads\\\/2009\\\/10\\\/logo-square.jpg\",\"width\":180,\"height\":180,\"caption\":\"Olympia Charters\"},\"image\":{\"@id\":\"https:\\\/\\\/www.olympia-charters.nl\\\/nl\\\/#\\\/schema\\\/logo\\\/image\\\/\"},\"sameAs\":[\"https:\\\/\\\/www.facebook.com\\\/OlympiaCharters\",\"https:\\\/\\\/x.com\\\/OlympiaCharters\"]}]}<\/script>\n<!-- \/ Yoast SEO plugin. -->","yoast_head_json":{"title":"Hausboot mieten ohne F\u00fchrerschein in Holland miet ein Hausboot","description":"M\u00f6chten Sie ein Hausboot mieten ohne F\u00fchrerschein in Holland und ohne Sorgen fahren, dann sind Sie bei Olympia Charters an der richtigen Adresse.","robots":{"index":"index","follow":"follow","max-snippet":"max-snippet:-1","max-image-preview":"max-image-preview:large","max-video-preview":"max-video-preview:-1"},"canonical":"https:\/\/www.olympia-charters.nl\/de\/info__trashed\/hausboot-mieten-ohne-fuhrerschein\/","og_locale":"de_DE","og_type":"article","og_title":"F\u00fchrerscheinfrei Boot fahren in Holland","og_description":"M\u00f6chten Sie ein Hausboot mieten ohne F\u00fchrerschein in Holland und ohne Sorgen fahren, dann sind Sie bei Olympia Charters an der richtigen Adresse.","og_url":"https:\/\/www.olympia-charters.nl\/de\/info__trashed\/hausboot-mieten-ohne-fuhrerschein\/","og_site_name":"Olympia Charters","article_publisher":"https:\/\/www.facebook.com\/OlympiaCharters","article_modified_time":"2022-06-30T07:53:35+00:00","og_image":[{"width":968,"height":643,"url":"https:\/\/www.olympia-charters.nl\/wp-content\/uploads\/2014\/11\/Olympia-12.jpg","type":"image\/jpeg"}],"twitter_misc":{"Gesch\u00e4tzte Lesezeit":"2\u00a0Minuten"},"schema":{"@context":"https:\/\/schema.org","@graph":[{"@type":"WebPage","@id":"https:\/\/www.olympia-charters.nl\/de\/info__trashed\/hausboot-mieten-ohne-fuhrerschein\/","url":"https:\/\/www.olympia-charters.nl\/de\/info__trashed\/hausboot-mieten-ohne-fuhrerschein\/","name":"Hausboot mieten ohne F\u00fchrerschein in Holland miet ein Hausboot","isPartOf":{"@id":"https:\/\/www.olympia-charters.nl\/nl\/#website"},"primaryImageOfPage":{"@id":"https:\/\/www.olympia-charters.nl\/de\/info__trashed\/hausboot-mieten-ohne-fuhrerschein\/#primaryimage"},"image":{"@id":"https:\/\/www.olympia-charters.nl\/de\/info__trashed\/hausboot-mieten-ohne-fuhrerschein\/#primaryimage"},"thumbnailUrl":"https:\/\/www.olympia-charters.nl\/wp-content\/uploads\/2014\/12\/Bootsfuehrerschein-300x273.jpg","datePublished":"2014-12-12T15:56:12+00:00","dateModified":"2022-06-30T07:53:35+00:00","description":"M\u00f6chten Sie ein Hausboot mieten ohne F\u00fchrerschein in Holland und ohne Sorgen fahren, dann sind Sie bei Olympia Charters an der richtigen Adresse.","breadcrumb":{"@id":"https:\/\/www.olympia-charters.nl\/de\/info__trashed\/hausboot-mieten-ohne-fuhrerschein\/#breadcrumb"},"inLanguage":"de","potentialAction":[{"@type":"ReadAction","target":["https:\/\/www.olympia-charters.nl\/de\/info__trashed\/hausboot-mieten-ohne-fuhrerschein\/"]}]},{"@type":"ImageObject","inLanguage":"de","@id":"https:\/\/www.olympia-charters.nl\/de\/info__trashed\/hausboot-mieten-ohne-fuhrerschein\/#primaryimage","url":"https:\/\/www.olympia-charters.nl\/wp-content\/uploads\/2014\/12\/Bootsfuehrerschein-300x273.jpg","contentUrl":"https:\/\/www.olympia-charters.nl\/wp-content\/uploads\/2014\/12\/Bootsfuehrerschein-300x273.jpg"},{"@type":"BreadcrumbList","@id":"https:\/\/www.olympia-charters.nl\/de\/info__trashed\/hausboot-mieten-ohne-fuhrerschein\/#breadcrumb","itemListElement":[{"@type":"ListItem","position":1,"name":"Home","item":"https:\/\/www.olympia-charters.nl\/de\/"},{"@type":"ListItem","position":2,"name":"Hausboot Mieten ohne F\u00fchrerschein"}]},{"@type":"WebSite","@id":"https:\/\/www.olympia-charters.nl\/nl\/#website","url":"https:\/\/www.olympia-charters.nl\/nl\/","name":"Olympia Charters","description":"Verhuur van Motorjachten en Sloepen in Nederland","publisher":{"@id":"https:\/\/www.olympia-charters.nl\/nl\/#organization"},"potentialAction":[{"@type":"SearchAction","target":{"@type":"EntryPoint","urlTemplate":"https:\/\/www.olympia-charters.nl\/nl\/?s={search_term_string}"},"query-input":{"@type":"PropertyValueSpecification","valueRequired":true,"valueName":"search_term_string"}}],"inLanguage":"de"},{"@type":"Organization","@id":"https:\/\/www.olympia-charters.nl\/nl\/#organization","name":"Olympia Charters","url":"https:\/\/www.olympia-charters.nl\/nl\/","logo":{"@type":"ImageObject","inLanguage":"de","@id":"https:\/\/www.olympia-charters.nl\/nl\/#\/schema\/logo\/image\/","url":"https:\/\/www.olympia-charters.nl\/wp-content\/uploads\/2009\/10\/logo-square.jpg","contentUrl":"https:\/\/www.olympia-charters.nl\/wp-content\/uploads\/2009\/10\/logo-square.jpg","width":180,"height":180,"caption":"Olympia Charters"},"image":{"@id":"https:\/\/www.olympia-charters.nl\/nl\/#\/schema\/logo\/image\/"},"sameAs":["https:\/\/www.facebook.com\/OlympiaCharters","https:\/\/x.com\/OlympiaCharters"]}]}},"_links":{"self":[{"href":"https:\/\/www.olympia-charters.nl\/de\/wp-json\/wp\/v2\/pages\/1264","targetHints":{"allow":["GET"]}}],"collection":[{"href":"https:\/\/www.olympia-charters.nl\/de\/wp-json\/wp\/v2\/pages"}],"about":[{"href":"https:\/\/www.olympia-charters.nl\/de\/wp-json\/wp\/v2\/types\/page"}],"author":[{"embeddable":true,"href":"https:\/\/www.olympia-charters.nl\/de\/wp-json\/wp\/v2\/users\/2"}],"replies":[{"embeddable":true,"href":"https:\/\/www.olympia-charters.nl\/de\/wp-json\/wp\/v2\/comments?post=1264"}],"version-history":[{"count":12,"href":"https:\/\/www.olympia-charters.nl\/de\/wp-json\/wp\/v2\/pages\/1264\/revisions"}],"predecessor-version":[{"id":1770,"href":"https:\/\/www.olympia-charters.nl\/de\/wp-json\/wp\/v2\/pages\/1264\/revisions\/1770"}],"wp:attachment":[{"href":"https:\/\/www.olympia-charters.nl\/de\/wp-json\/wp\/v2\/media?parent=1264"}],"curies":[{"name":"wp","href":"https:\/\/api.w.org\/{rel}","templated":true}]}}