{"id":1190,"date":"2014-12-02T10:35:48","date_gmt":"2014-12-02T09:35:48","guid":{"rendered":"https:\/\/www.olympia-charters.nl\/info\/test2\/"},"modified":"2022-06-30T09:53:35","modified_gmt":"2022-06-30T07:53:35","slug":"hausboot-mieten-in-holland","status":"publish","type":"page","link":"https:\/\/www.olympia-charters.nl\/de\/hausboot-mieten-in-holland\/","title":{"rendered":"Hausboot mieten in Holland"},"content":{"rendered":"<h1><span lang=\"DE\">Hausboot mieten in Holland bei Olympia Charters<\/span><\/h1>\n<p><span lang=\"DE\">M\u00f6chten Sie ein Hausboot mieten in Holland, fahren ohne Sorgen und einfach nur genie\u00dfen &#8211;<br \/>\ndann sind Sie bei Olympia Charters\u00a0an der richtigen Adresse. Wir sorgen f\u00fcr eine ideale Bootstour auf dem Wasser und eine sorgenfreie Bootscharter. Olympia Charters\u00a0ist der Spezialist f\u00fcr Hausboot mieten in Holland. Wir sind gefestigt in Warmond im Westen des Holland zwischen den gro\u00dfen St\u00e4dten\u00a0<a href=\"http:\/\/www.iamsterdam.com\/de\">Amsterdam<\/a>, <a href=\"http:\/\/denhaag.com\/de\/tourismusbuero\">Den Haag<\/a>, <a href=\"http:\/\/portal.leiden.nl\/de\/homepage\">Leiden<\/a>, <a href=\"http:\/\/www.delft.nl\/delften\/Tourists\">Delft<\/a> und <a href=\"http:\/\/www.bezoek-utrecht.nl\/vvv-utrecht\">Utrecht<\/a>.<\/span><\/p>\n<p><span lang=\"DE\">Ihr Traumurlaub auf den Holl\u00e4ndischen Wassern f\u00e4ngt hier an. Wenn Sie ein Hausboot mieten in Holland, bieten wir\u00a0Ihnen den kompletten Hausbootverleih in Holland, den Sie suchen.<br \/>\nBei Bedarf fahren wir sogar mit und erkl\u00e4ren Ihnen unsere\u00a0Boote ausf\u00fchrlich.<br \/>\nUnser Angebot ist gro\u00df und variiert. Wenn Sie sich f\u00fcr unser Angebot \u201eHausboot mieten in Holland\u201c entscheiden, bekommen Sie bei uns nat\u00fcrlich den Service, den Sie erwarten. Das Steuern unserer\u00a0f\u00fchrerscheinfreien Motoryachten f\u00fcr 2-12 Personen ist eine einfache Sache, die man schon kurz nach der ausf\u00fchrlichen Bootseinweisung am Abfahrtsort beherrscht.<\/span><\/p>\n<p><span lang=\"DE\">Wir bieten Ihnen unsere\u00a0<a href=\"https:\/\/www.olympia-charters.nl\/de\/yachtvermietung\/yacht-charter-in-holland\/\">Olympia Superkreuzer<\/a>\u00a0f\u00fcr 12 Personen oder unsere\u00a0<a href=\"https:\/\/www.olympia-charters.nl\/de\/olympia-34-kreuzer\/yachtcharter-in-holland\/\">Olympia 34 Kreuzer<\/a> f\u00fcr 4 bis 6 Personen an. Beide Schiffe haben eine Durchfahrth\u00f6he von nur 2.40 Meter, das hei\u00dft Sie k\u00f6nnen viele Strecke fahren, ohne bei Br\u00fccken warten zu m\u00fcssen.<\/span><\/p>\n<p><span lang=\"DE\">Die Niederlande ist zweifellos ein Eldorado f\u00fcr einen Urlaub auf dem Hausboot. Endlose Wasserstra\u00dfen, kleine Fl\u00fcsse und unz\u00e4hlige Seen bieten in den Niederlanden vielseitige M\u00f6glichkeiten f\u00fcr einen Urlaub mit dem Hausboot. Holland, das Land der Windm\u00fchlen und Tulpenfelder, besitzt ebenfalls ein dichtes Wasserstra\u00dfennetz und erlaubt Fahrten sogar bis nach Amsterdam. Hausboot und Fahrrad \u2013 die ideale Kombination f\u00fcr Hausboot mieten in Holland.<\/span><\/p>\n<p><span lang=\"DE\">Wir laden Sie gerne zu uns ein, und bieten Ihnen sogar die M\u00f6glichkeit hier ihr Boot zu reservieren.<br \/>\nF\u00fcr weitere Ausk\u00fcnfte laden wir Sie gerne weiter auf unsere Website ein. Hier finden Sie alle<br \/>\nInformationen\u00a0\u00fcber unseren Hausbootverleih Holland. Wenn Sie uns einmal pers\u00f6nlich sprechen m\u00f6chten, dann erreichen Sie uns telefonisch unter der Nummer +31-713010043.<\/span><\/p>\n<p><a href=\"https:\/\/www.olympia-charters.nl\/wp-content\/uploads\/2014\/11\/Olympia-121.jpg\"><img loading=\"lazy\" decoding=\"async\" class=\"alignnone wp-image-1103 size-medium\" src=\"https:\/\/www.olympia-charters.nl\/wp-content\/uploads\/2014\/11\/Olympia-121-300x199.jpg\" alt=\"Hausboot mieten in Holland\" width=\"300\" height=\"199\" srcset=\"https:\/\/www.olympia-charters.nl\/wp-content\/uploads\/2014\/11\/Olympia-121-300x199.jpg 300w, https:\/\/www.olympia-charters.nl\/wp-content\/uploads\/2014\/11\/Olympia-121-1024x680.jpg 1024w, https:\/\/www.olympia-charters.nl\/wp-content\/uploads\/2014\/11\/Olympia-121.jpg 1936w\" sizes=\"auto, (max-width: 300px) 100vw, 300px\" \/><\/a><\/p>\n<p>&nbsp;<\/p>\n","protected":false},"excerpt":{"rendered":"<p>Hausboot mieten in Holland bei Olympia Charters M\u00f6chten Sie ein Hausboot mieten in Holland, fahren ohne Sorgen und einfach nur genie\u00dfen &#8211; dann sind Sie bei Olympia Charters\u00a0an der richtigen Adresse. Wir sorgen f\u00fcr eine ideale Bootstour auf dem Wasser und eine sorgenfreie Bootscharter. Olympia Charters\u00a0ist der Spezialist f\u00fcr Hausboot mieten in Holland. Wir sind [&hellip;]<\/p>\n","protected":false},"author":18,"featured_media":0,"parent":0,"menu_order":4,"comment_status":"closed","ping_status":"closed","template":"","meta":{"footnotes":""},"class_list":["post-1190","page","type-page","status-publish","hentry"],"yoast_head":"<!-- This site is optimized with the Yoast SEO plugin v27.3 - https:\/\/yoast.com\/product\/yoast-seo-wordpress\/ -->\n<title>Hausboot mieten in Holland ohne f\u00fchrerschein zu fahren.<\/title>\n<meta name=\"description\" content=\"Ein Hausboot mieten in Holland kan man ohne F\u00fchrerschein machen, Mieten Sie ein Hausboot und entdecken Sie Holland vom Wasser aus!\" \/>\n<meta name=\"robots\" content=\"index, follow, max-snippet:-1, max-image-preview:large, max-video-preview:-1\" \/>\n<link rel=\"canonical\" href=\"https:\/\/www.olympia-charters.nl\/de\/info__trashed\/hausboot-mieten-in-holland\/\" \/>\n<meta property=\"og:locale\" content=\"de_DE\" \/>\n<meta property=\"og:type\" content=\"article\" \/>\n<meta property=\"og:title\" content=\"Hausboot mieten in Holland ohne f\u00fchrerschein zu fahren.\" \/>\n<meta property=\"og:description\" content=\"Ein Hausboot mieten in Holland kan man ohne F\u00fchrerschein machen, Mieten Sie ein Hausboot und entdecken Sie Holland vom Wasser aus!\" \/>\n<meta property=\"og:url\" content=\"https:\/\/www.olympia-charters.nl\/de\/info__trashed\/hausboot-mieten-in-holland\/\" \/>\n<meta property=\"og:site_name\" content=\"Olympia Charters\" \/>\n<meta property=\"article:publisher\" content=\"https:\/\/www.facebook.com\/OlympiaCharters\" \/>\n<meta property=\"article:modified_time\" content=\"2022-06-30T07:53:35+00:00\" \/>\n<meta property=\"og:image\" content=\"https:\/\/www.olympia-charters.nl\/wp-content\/uploads\/2014\/11\/Olympia-121-300x199.jpg\" \/>\n<meta name=\"twitter:label1\" content=\"Gesch\u00e4tzte Lesezeit\" \/>\n\t<meta name=\"twitter:data1\" content=\"2\u00a0Minuten\" \/>\n<script type=\"application\/ld+json\" class=\"yoast-schema-graph\">{\"@context\":\"https:\\\/\\\/schema.org\",\"@graph\":[{\"@type\":\"WebPage\",\"@id\":\"https:\\\/\\\/www.olympia-charters.nl\\\/de\\\/info__trashed\\\/hausboot-mieten-in-holland\\\/\",\"url\":\"https:\\\/\\\/www.olympia-charters.nl\\\/de\\\/info__trashed\\\/hausboot-mieten-in-holland\\\/\",\"name\":\"Hausboot mieten in Holland ohne f\u00fchrerschein zu fahren.\",\"isPartOf\":{\"@id\":\"https:\\\/\\\/www.olympia-charters.nl\\\/nl\\\/#website\"},\"primaryImageOfPage\":{\"@id\":\"https:\\\/\\\/www.olympia-charters.nl\\\/de\\\/info__trashed\\\/hausboot-mieten-in-holland\\\/#primaryimage\"},\"image\":{\"@id\":\"https:\\\/\\\/www.olympia-charters.nl\\\/de\\\/info__trashed\\\/hausboot-mieten-in-holland\\\/#primaryimage\"},\"thumbnailUrl\":\"https:\\\/\\\/www.olympia-charters.nl\\\/wp-content\\\/uploads\\\/2014\\\/11\\\/Olympia-121-300x199.jpg\",\"datePublished\":\"2014-12-02T09:35:48+00:00\",\"dateModified\":\"2022-06-30T07:53:35+00:00\",\"description\":\"Ein Hausboot mieten in Holland kan man ohne F\u00fchrerschein machen, Mieten Sie ein Hausboot und entdecken Sie Holland vom Wasser aus!\",\"breadcrumb\":{\"@id\":\"https:\\\/\\\/www.olympia-charters.nl\\\/de\\\/info__trashed\\\/hausboot-mieten-in-holland\\\/#breadcrumb\"},\"inLanguage\":\"de\",\"potentialAction\":[{\"@type\":\"ReadAction\",\"target\":[\"https:\\\/\\\/www.olympia-charters.nl\\\/de\\\/info__trashed\\\/hausboot-mieten-in-holland\\\/\"]}]},{\"@type\":\"ImageObject\",\"inLanguage\":\"de\",\"@id\":\"https:\\\/\\\/www.olympia-charters.nl\\\/de\\\/info__trashed\\\/hausboot-mieten-in-holland\\\/#primaryimage\",\"url\":\"https:\\\/\\\/www.olympia-charters.nl\\\/wp-content\\\/uploads\\\/2014\\\/11\\\/Olympia-121-300x199.jpg\",\"contentUrl\":\"https:\\\/\\\/www.olympia-charters.nl\\\/wp-content\\\/uploads\\\/2014\\\/11\\\/Olympia-121-300x199.jpg\"},{\"@type\":\"BreadcrumbList\",\"@id\":\"https:\\\/\\\/www.olympia-charters.nl\\\/de\\\/info__trashed\\\/hausboot-mieten-in-holland\\\/#breadcrumb\",\"itemListElement\":[{\"@type\":\"ListItem\",\"position\":1,\"name\":\"Home\",\"item\":\"https:\\\/\\\/www.olympia-charters.nl\\\/de\\\/\"},{\"@type\":\"ListItem\",\"position\":2,\"name\":\"Hausboot mieten in Holland\"}]},{\"@type\":\"WebSite\",\"@id\":\"https:\\\/\\\/www.olympia-charters.nl\\\/nl\\\/#website\",\"url\":\"https:\\\/\\\/www.olympia-charters.nl\\\/nl\\\/\",\"name\":\"Olympia Charters\",\"description\":\"Verhuur van Motorjachten en Sloepen in Nederland\",\"publisher\":{\"@id\":\"https:\\\/\\\/www.olympia-charters.nl\\\/nl\\\/#organization\"},\"potentialAction\":[{\"@type\":\"SearchAction\",\"target\":{\"@type\":\"EntryPoint\",\"urlTemplate\":\"https:\\\/\\\/www.olympia-charters.nl\\\/nl\\\/?s={search_term_string}\"},\"query-input\":{\"@type\":\"PropertyValueSpecification\",\"valueRequired\":true,\"valueName\":\"search_term_string\"}}],\"inLanguage\":\"de\"},{\"@type\":\"Organization\",\"@id\":\"https:\\\/\\\/www.olympia-charters.nl\\\/nl\\\/#organization\",\"name\":\"Olympia Charters\",\"url\":\"https:\\\/\\\/www.olympia-charters.nl\\\/nl\\\/\",\"logo\":{\"@type\":\"ImageObject\",\"inLanguage\":\"de\",\"@id\":\"https:\\\/\\\/www.olympia-charters.nl\\\/nl\\\/#\\\/schema\\\/logo\\\/image\\\/\",\"url\":\"https:\\\/\\\/www.olympia-charters.nl\\\/wp-content\\\/uploads\\\/2009\\\/10\\\/logo-square.jpg\",\"contentUrl\":\"https:\\\/\\\/www.olympia-charters.nl\\\/wp-content\\\/uploads\\\/2009\\\/10\\\/logo-square.jpg\",\"width\":180,\"height\":180,\"caption\":\"Olympia Charters\"},\"image\":{\"@id\":\"https:\\\/\\\/www.olympia-charters.nl\\\/nl\\\/#\\\/schema\\\/logo\\\/image\\\/\"},\"sameAs\":[\"https:\\\/\\\/www.facebook.com\\\/OlympiaCharters\",\"https:\\\/\\\/x.com\\\/OlympiaCharters\"]}]}<\/script>\n<!-- \/ Yoast SEO plugin. -->","yoast_head_json":{"title":"Hausboot mieten in Holland ohne f\u00fchrerschein zu fahren.","description":"Ein Hausboot mieten in Holland kan man ohne F\u00fchrerschein machen, Mieten Sie ein Hausboot und entdecken Sie Holland vom Wasser aus!","robots":{"index":"index","follow":"follow","max-snippet":"max-snippet:-1","max-image-preview":"max-image-preview:large","max-video-preview":"max-video-preview:-1"},"canonical":"https:\/\/www.olympia-charters.nl\/de\/info__trashed\/hausboot-mieten-in-holland\/","og_locale":"de_DE","og_type":"article","og_title":"Hausboot mieten in Holland ohne f\u00fchrerschein zu fahren.","og_description":"Ein Hausboot mieten in Holland kan man ohne F\u00fchrerschein machen, Mieten Sie ein Hausboot und entdecken Sie Holland vom Wasser aus!","og_url":"https:\/\/www.olympia-charters.nl\/de\/info__trashed\/hausboot-mieten-in-holland\/","og_site_name":"Olympia Charters","article_publisher":"https:\/\/www.facebook.com\/OlympiaCharters","article_modified_time":"2022-06-30T07:53:35+00:00","og_image":[{"url":"https:\/\/www.olympia-charters.nl\/wp-content\/uploads\/2014\/11\/Olympia-121-300x199.jpg","type":"","width":"","height":""}],"twitter_misc":{"Gesch\u00e4tzte Lesezeit":"2\u00a0Minuten"},"schema":{"@context":"https:\/\/schema.org","@graph":[{"@type":"WebPage","@id":"https:\/\/www.olympia-charters.nl\/de\/info__trashed\/hausboot-mieten-in-holland\/","url":"https:\/\/www.olympia-charters.nl\/de\/info__trashed\/hausboot-mieten-in-holland\/","name":"Hausboot mieten in Holland ohne f\u00fchrerschein zu fahren.","isPartOf":{"@id":"https:\/\/www.olympia-charters.nl\/nl\/#website"},"primaryImageOfPage":{"@id":"https:\/\/www.olympia-charters.nl\/de\/info__trashed\/hausboot-mieten-in-holland\/#primaryimage"},"image":{"@id":"https:\/\/www.olympia-charters.nl\/de\/info__trashed\/hausboot-mieten-in-holland\/#primaryimage"},"thumbnailUrl":"https:\/\/www.olympia-charters.nl\/wp-content\/uploads\/2014\/11\/Olympia-121-300x199.jpg","datePublished":"2014-12-02T09:35:48+00:00","dateModified":"2022-06-30T07:53:35+00:00","description":"Ein Hausboot mieten in Holland kan man ohne F\u00fchrerschein machen, Mieten Sie ein Hausboot und entdecken Sie Holland vom Wasser aus!","breadcrumb":{"@id":"https:\/\/www.olympia-charters.nl\/de\/info__trashed\/hausboot-mieten-in-holland\/#breadcrumb"},"inLanguage":"de","potentialAction":[{"@type":"ReadAction","target":["https:\/\/www.olympia-charters.nl\/de\/info__trashed\/hausboot-mieten-in-holland\/"]}]},{"@type":"ImageObject","inLanguage":"de","@id":"https:\/\/www.olympia-charters.nl\/de\/info__trashed\/hausboot-mieten-in-holland\/#primaryimage","url":"https:\/\/www.olympia-charters.nl\/wp-content\/uploads\/2014\/11\/Olympia-121-300x199.jpg","contentUrl":"https:\/\/www.olympia-charters.nl\/wp-content\/uploads\/2014\/11\/Olympia-121-300x199.jpg"},{"@type":"BreadcrumbList","@id":"https:\/\/www.olympia-charters.nl\/de\/info__trashed\/hausboot-mieten-in-holland\/#breadcrumb","itemListElement":[{"@type":"ListItem","position":1,"name":"Home","item":"https:\/\/www.olympia-charters.nl\/de\/"},{"@type":"ListItem","position":2,"name":"Hausboot mieten in Holland"}]},{"@type":"WebSite","@id":"https:\/\/www.olympia-charters.nl\/nl\/#website","url":"https:\/\/www.olympia-charters.nl\/nl\/","name":"Olympia Charters","description":"Verhuur van Motorjachten en Sloepen in Nederland","publisher":{"@id":"https:\/\/www.olympia-charters.nl\/nl\/#organization"},"potentialAction":[{"@type":"SearchAction","target":{"@type":"EntryPoint","urlTemplate":"https:\/\/www.olympia-charters.nl\/nl\/?s={search_term_string}"},"query-input":{"@type":"PropertyValueSpecification","valueRequired":true,"valueName":"search_term_string"}}],"inLanguage":"de"},{"@type":"Organization","@id":"https:\/\/www.olympia-charters.nl\/nl\/#organization","name":"Olympia Charters","url":"https:\/\/www.olympia-charters.nl\/nl\/","logo":{"@type":"ImageObject","inLanguage":"de","@id":"https:\/\/www.olympia-charters.nl\/nl\/#\/schema\/logo\/image\/","url":"https:\/\/www.olympia-charters.nl\/wp-content\/uploads\/2009\/10\/logo-square.jpg","contentUrl":"https:\/\/www.olympia-charters.nl\/wp-content\/uploads\/2009\/10\/logo-square.jpg","width":180,"height":180,"caption":"Olympia Charters"},"image":{"@id":"https:\/\/www.olympia-charters.nl\/nl\/#\/schema\/logo\/image\/"},"sameAs":["https:\/\/www.facebook.com\/OlympiaCharters","https:\/\/x.com\/OlympiaCharters"]}]}},"_links":{"self":[{"href":"https:\/\/www.olympia-charters.nl\/de\/wp-json\/wp\/v2\/pages\/1190","targetHints":{"allow":["GET"]}}],"collection":[{"href":"https:\/\/www.olympia-charters.nl\/de\/wp-json\/wp\/v2\/pages"}],"about":[{"href":"https:\/\/www.olympia-charters.nl\/de\/wp-json\/wp\/v2\/types\/page"}],"author":[{"embeddable":true,"href":"https:\/\/www.olympia-charters.nl\/de\/wp-json\/wp\/v2\/users\/18"}],"replies":[{"embeddable":true,"href":"https:\/\/www.olympia-charters.nl\/de\/wp-json\/wp\/v2\/comments?post=1190"}],"version-history":[{"count":15,"href":"https:\/\/www.olympia-charters.nl\/de\/wp-json\/wp\/v2\/pages\/1190\/revisions"}],"predecessor-version":[{"id":1769,"href":"https:\/\/www.olympia-charters.nl\/de\/wp-json\/wp\/v2\/pages\/1190\/revisions\/1769"}],"wp:attachment":[{"href":"https:\/\/www.olympia-charters.nl\/de\/wp-json\/wp\/v2\/media?parent=1190"}],"curies":[{"name":"wp","href":"https:\/\/api.w.org\/{rel}","templated":true}]}}